{"id":3493,"date":"2025-08-22T13:47:52","date_gmt":"2025-08-22T13:47:52","guid":{"rendered":"https:\/\/www.brikaelektrik.al\/?post_type=product&#038;p=3493"},"modified":"2025-08-22T13:49:18","modified_gmt":"2025-08-22T13:49:18","slug":"cover-celes-4001-4003-4004-4005-1m-i-zi","status":"publish","type":"product","link":"https:\/\/www.brikaelektrik.al\/al\/produkt\/cover-celes-4001-4003-4004-4005-1m-i-zi\/","title":{"rendered":"COVER \u00c7EL\u00cbS (4001 4003 4004 4005) 1M I ZI"},"content":{"rendered":"<p><strong data-start=\"125\" data-end=\"135\">Seria:<\/strong> Living Now BTicino<br data-start=\"154\" data-end=\"157\" \/><strong data-start=\"157\" data-end=\"167\">Lloji:<\/strong> Mbules\u00eb ndri\u00e7uese p\u00ebr nd\u00ebrprer\u00ebs 1 modul<br data-start=\"208\" data-end=\"211\" \/><strong data-start=\"211\" data-end=\"231\" data-is-only-node=\"\">P\u00ebrmasat totale:<\/strong> 22 mm gjer\u00ebsi \u00d7 86 mm lart\u00ebsi \u00d7 7 mm thell\u00ebsi<br data-start=\"277\" data-end=\"280\" \/><strong data-start=\"280\" data-end=\"294\">Materiali:<\/strong> Termoplastik i bardh\u00eb me p\u00ebrfundim satin<br data-start=\"335\" data-end=\"338\" \/><strong data-start=\"338\" data-end=\"349\">Ngjyra:<\/strong> E bardh\u00eb (ngjyr\u00eb shum\u00eb e ngjashme me RAL 9016)<br data-start=\"396\" data-end=\"399\" \/><strong data-start=\"399\" data-end=\"412\">Mbrojtja:<\/strong> IP20<br data-start=\"417\" data-end=\"420\" \/><strong data-start=\"420\" data-end=\"444\">Temperatura e pun\u00ebs:<\/strong> Nga \u20135 \u00b0C deri n\u00eb +50 \u00b0C<br data-start=\"469\" data-end=\"472\" \/><strong data-start=\"472\" data-end=\"502\">Temperatura e magazinimit:<\/strong> Nga \u201310 \u00b0C deri n\u00eb +70 \u00b0C<br data-start=\"528\" data-end=\"531\" \/><strong data-start=\"531\" data-end=\"562\">Karakteristikat e montimit:<\/strong> Montim snap-on p\u00ebr 1 modul<br data-start=\"589\" data-end=\"592\" \/><strong data-start=\"592\" data-end=\"622\">Aksesueshm\u00ebria e lidhjeve:<\/strong> Nuk aplikohet (mbules\u00eb)<br data-start=\"646\" data-end=\"649\" \/><strong data-start=\"649\" data-end=\"663\">P\u00ebrdorimi:<\/strong> P\u00ebrdoret si mbules\u00eb ndri\u00e7uese p\u00ebr nd\u00ebrprer\u00ebs t\u00eb seris\u00eb Living Now, si K4001, K4003, K4004, K4005<\/p>","protected":false},"excerpt":{"rendered":"<p>Seria: Living Now BTicinoLloji: Mbules\u00eb ndri\u00e7uese p\u00ebr nd\u00ebrprer\u00ebs 1 modulP\u00ebrmasat totale: 22 mm gjer\u00ebsi \u00d7 86 mm lart\u00ebsi \u00d7 7 mm thell\u00ebsiMateriali: Termoplastik i bardh\u00eb me p\u00ebrfundim satinNgjyra: E bardh\u00eb (ngjyr\u00eb shum\u00eb e ngjashme me RAL 9016)Mbrojtja: IP20Temperatura e pun\u00ebs: Nga \u20135 \u00b0C deri n\u00eb +50 \u00b0CTemperatura e magazinimit: Nga \u201310 \u00b0C deri n\u00eb +70 [&hellip;]<\/p>","protected":false},"featured_media":3494,"comment_status":"open","ping_status":"closed","template":"","meta":{"_acf_changed":false},"product_brand":[],"product_cat":[40,64],"product_tag":[],"class_list":{"0":"post-3493","1":"product","2":"type-product","3":"status-publish","4":"has-post-thumbnail","6":"product_cat-serite-civile","7":"product_cat-living-now","9":"first","10":"instock","11":"shipping-taxable","12":"product-type-simple"},"acf":[],"_links":{"self":[{"href":"https:\/\/www.brikaelektrik.al\/al\/wp-json\/wp\/v2\/product\/3493","targetHints":{"allow":["GET"]}}],"collection":[{"href":"https:\/\/www.brikaelektrik.al\/al\/wp-json\/wp\/v2\/product"}],"about":[{"href":"https:\/\/www.brikaelektrik.al\/al\/wp-json\/wp\/v2\/types\/product"}],"replies":[{"embeddable":true,"href":"https:\/\/www.brikaelektrik.al\/al\/wp-json\/wp\/v2\/comments?post=3493"}],"wp:featuredmedia":[{"embeddable":true,"href":"https:\/\/www.brikaelektrik.al\/al\/wp-json\/wp\/v2\/media\/3494"}],"wp:attachment":[{"href":"https:\/\/www.brikaelektrik.al\/al\/wp-json\/wp\/v2\/media?parent=3493"}],"wp:term":[{"taxonomy":"product_brand","embeddable":true,"href":"https:\/\/www.brikaelektrik.al\/al\/wp-json\/wp\/v2\/product_brand?post=3493"},{"taxonomy":"product_cat","embeddable":true,"href":"https:\/\/www.brikaelektrik.al\/al\/wp-json\/wp\/v2\/product_cat?post=3493"},{"taxonomy":"product_tag","embeddable":true,"href":"https:\/\/www.brikaelektrik.al\/al\/wp-json\/wp\/v2\/product_tag?post=3493"}],"curies":[{"name":"wp","href":"https:\/\/api.w.org\/{rel}","templated":true}]}}