{"id":3497,"date":"2025-08-22T13:57:25","date_gmt":"2025-08-22T13:57:25","guid":{"rendered":"https:\/\/www.brikaelektrik.al\/?post_type=product&#038;p=3497"},"modified":"2025-08-22T13:57:25","modified_gmt":"2025-08-22T13:57:25","slug":"cover-celes-qepeni-1m-sabbia","status":"publish","type":"product","link":"https:\/\/www.brikaelektrik.al\/al\/produkt\/cover-celes-qepeni-1m-sabbia\/","title":{"rendered":"COVER \u00c7EL\u00cbS QEPENI 1M SABBIA"},"content":{"rendered":"<p><strong data-start=\"114\" data-end=\"124\">Seria:<\/strong> Living Now BTicino<br data-start=\"143\" data-end=\"146\" \/><strong data-start=\"146\" data-end=\"156\">Lloji:<\/strong> Mbules\u00eb standarde p\u00ebr priz\u00eb bipasso 2P+T (1 modul)<br data-start=\"207\" data-end=\"210\" \/><strong data-start=\"210\" data-end=\"230\" data-is-only-node=\"\">P\u00ebrmasat totale:<\/strong> 22 mm gjer\u00ebsi \u00d7 86 mm lart\u00ebsi \u00d7 7 mm thell\u00ebsi<br data-start=\"276\" data-end=\"279\" \/><strong data-start=\"279\" data-end=\"293\">Materiali:<\/strong> Termoplastik me p\u00ebrfundim satin<br data-start=\"325\" data-end=\"328\" \/><strong data-start=\"328\" data-end=\"339\">Ngjyra:<\/strong> E zez\u00eb (ngjyr\u00eb af\u00ebr RAL 7016)<br data-start=\"369\" data-end=\"372\" \/><strong data-start=\"372\" data-end=\"385\">Mbrojtja:<\/strong> IP20<br data-start=\"390\" data-end=\"393\" \/><strong data-start=\"393\" data-end=\"417\">Temperatura e pun\u00ebs:<\/strong> Nga \u20135 \u00b0C deri n\u00eb +50 \u00b0C<br data-start=\"442\" data-end=\"445\" \/><strong data-start=\"445\" data-end=\"475\">Temperatura e magazinimit:<\/strong> Nga \u201310 \u00b0C deri n\u00eb +70 \u00b0C<br data-start=\"501\" data-end=\"504\" \/><strong data-start=\"504\" data-end=\"535\">Karakteristikat e montimit:<\/strong> Montim snap-on p\u00ebr 1 modul<br data-start=\"562\" data-end=\"565\" \/><strong data-start=\"565\" data-end=\"595\">Aksesueshm\u00ebria e lidhjeve:<\/strong> Nuk aplikohet (mbules\u00eb)<br data-start=\"619\" data-end=\"622\" \/><strong data-start=\"622\" data-end=\"636\">P\u00ebrdorimi:<\/strong> Mbules\u00eb p\u00ebr priz\u00ebn bipasso 2P+T t\u00eb seris\u00eb Living Now<br data-start=\"689\" data-end=\"692\" \/><strong data-start=\"692\" data-end=\"718\">Karakteristika shtes\u00eb:<\/strong> Material rezistent ndaj UV, pa halogjen, dizajn minimalist<\/p>","protected":false},"excerpt":{"rendered":"<p>Seria: Living Now BTicinoLloji: Mbules\u00eb standarde p\u00ebr priz\u00eb bipasso 2P+T (1 modul)P\u00ebrmasat totale: 22 mm gjer\u00ebsi \u00d7 86 mm lart\u00ebsi \u00d7 7 mm thell\u00ebsiMateriali: Termoplastik me p\u00ebrfundim satinNgjyra: E zez\u00eb (ngjyr\u00eb af\u00ebr RAL 7016)Mbrojtja: IP20Temperatura e pun\u00ebs: Nga \u20135 \u00b0C deri n\u00eb +50 \u00b0CTemperatura e magazinimit: Nga \u201310 \u00b0C deri n\u00eb +70 \u00b0CKarakteristikat e montimit: [&hellip;]<\/p>","protected":false},"featured_media":3498,"comment_status":"open","ping_status":"closed","template":"","meta":{"_acf_changed":false},"product_brand":[],"product_cat":[40,64],"product_tag":[],"class_list":{"0":"post-3497","1":"product","2":"type-product","3":"status-publish","4":"has-post-thumbnail","6":"product_cat-serite-civile","7":"product_cat-living-now","9":"first","10":"instock","11":"shipping-taxable","12":"product-type-simple"},"acf":[],"_links":{"self":[{"href":"https:\/\/www.brikaelektrik.al\/al\/wp-json\/wp\/v2\/product\/3497","targetHints":{"allow":["GET"]}}],"collection":[{"href":"https:\/\/www.brikaelektrik.al\/al\/wp-json\/wp\/v2\/product"}],"about":[{"href":"https:\/\/www.brikaelektrik.al\/al\/wp-json\/wp\/v2\/types\/product"}],"replies":[{"embeddable":true,"href":"https:\/\/www.brikaelektrik.al\/al\/wp-json\/wp\/v2\/comments?post=3497"}],"wp:featuredmedia":[{"embeddable":true,"href":"https:\/\/www.brikaelektrik.al\/al\/wp-json\/wp\/v2\/media\/3498"}],"wp:attachment":[{"href":"https:\/\/www.brikaelektrik.al\/al\/wp-json\/wp\/v2\/media?parent=3497"}],"wp:term":[{"taxonomy":"product_brand","embeddable":true,"href":"https:\/\/www.brikaelektrik.al\/al\/wp-json\/wp\/v2\/product_brand?post=3497"},{"taxonomy":"product_cat","embeddable":true,"href":"https:\/\/www.brikaelektrik.al\/al\/wp-json\/wp\/v2\/product_cat?post=3497"},{"taxonomy":"product_tag","embeddable":true,"href":"https:\/\/www.brikaelektrik.al\/al\/wp-json\/wp\/v2\/product_tag?post=3497"}],"curies":[{"name":"wp","href":"https:\/\/api.w.org\/{rel}","templated":true}]}}