{"id":3499,"date":"2025-08-22T13:59:47","date_gmt":"2025-08-22T13:59:47","guid":{"rendered":"https:\/\/www.brikaelektrik.al\/?post_type=product&#038;p=3499"},"modified":"2025-08-22T13:59:48","modified_gmt":"2025-08-22T13:59:48","slug":"cover-leave-back-home-sabbia","status":"publish","type":"product","link":"https:\/\/www.brikaelektrik.al\/al\/produkt\/cover-leave-back-home-sabbia\/","title":{"rendered":"COVER LEAVE &amp; BACK HOME SABBIA"},"content":{"rendered":"<p><strong data-start=\"114\" data-end=\"124\">Seria:<\/strong> Living Now BTicino<br data-start=\"143\" data-end=\"146\" \/><strong data-start=\"146\" data-end=\"156\">Lloji:<\/strong> Mbules\u00eb p\u00ebr priz\u00eb 2P+T standarde (Schuko) \u2013 1 modul<br data-start=\"208\" data-end=\"211\" \/><strong data-start=\"211\" data-end=\"231\" data-is-only-node=\"\">P\u00ebrmasat totale:<\/strong> 22 mm gjer\u00ebsi \u00d7 86 mm lart\u00ebsi \u00d7 7 mm thell\u00ebsi<br data-start=\"277\" data-end=\"280\" \/><strong data-start=\"280\" data-end=\"294\">Materiali:<\/strong> Termoplastik me p\u00ebrfundim satin<br data-start=\"326\" data-end=\"329\" \/><strong data-start=\"329\" data-end=\"340\">Ngjyra:<\/strong> E zez\u00eb (ngjyr\u00eb af\u00ebr RAL 7016)<br data-start=\"370\" data-end=\"373\" \/><strong data-start=\"373\" data-end=\"386\">Mbrojtja:<\/strong> IP20<br data-start=\"391\" data-end=\"394\" \/><strong data-start=\"394\" data-end=\"418\">Temperatura e pun\u00ebs:<\/strong> Nga \u20135 \u00b0C deri n\u00eb +50 \u00b0C<br data-start=\"443\" data-end=\"446\" \/><strong data-start=\"446\" data-end=\"476\">Temperatura e magazinimit:<\/strong> Nga \u201310 \u00b0C deri n\u00eb +70 \u00b0C<br data-start=\"502\" data-end=\"505\" \/><strong data-start=\"505\" data-end=\"536\">Karakteristikat e montimit:<\/strong> Montim snap-on p\u00ebr 1 modul<br data-start=\"563\" data-end=\"566\" \/><strong data-start=\"566\" data-end=\"596\">Aksesueshm\u00ebria e lidhjeve:<\/strong> Nuk aplikohet (mbules\u00eb)<br data-start=\"620\" data-end=\"623\" \/><strong data-start=\"623\" data-end=\"637\">P\u00ebrdorimi:<\/strong> Mbules\u00eb p\u00ebr priz\u00eb Schuko t\u00eb seris\u00eb Living Now<br data-start=\"683\" data-end=\"686\" \/><strong data-start=\"686\" data-end=\"712\">Karakteristika shtes\u00eb:<\/strong> Material rezistent ndaj UV, pa halogjen, dizajn minimalist<\/p>","protected":false},"excerpt":{"rendered":"<p>Seria: Living Now BTicinoLloji: Mbules\u00eb p\u00ebr priz\u00eb 2P+T standarde (Schuko) \u2013 1 modulP\u00ebrmasat totale: 22 mm gjer\u00ebsi \u00d7 86 mm lart\u00ebsi \u00d7 7 mm thell\u00ebsiMateriali: Termoplastik me p\u00ebrfundim satinNgjyra: E zez\u00eb (ngjyr\u00eb af\u00ebr RAL 7016)Mbrojtja: IP20Temperatura e pun\u00ebs: Nga \u20135 \u00b0C deri n\u00eb +50 \u00b0CTemperatura e magazinimit: Nga \u201310 \u00b0C deri n\u00eb +70 \u00b0CKarakteristikat e [&hellip;]<\/p>","protected":false},"featured_media":3500,"comment_status":"open","ping_status":"closed","template":"","meta":{"_acf_changed":false},"product_brand":[],"product_cat":[40,64],"product_tag":[],"class_list":{"0":"post-3499","1":"product","2":"type-product","3":"status-publish","4":"has-post-thumbnail","6":"product_cat-serite-civile","7":"product_cat-living-now","9":"first","10":"instock","11":"shipping-taxable","12":"product-type-simple"},"acf":[],"_links":{"self":[{"href":"https:\/\/www.brikaelektrik.al\/al\/wp-json\/wp\/v2\/product\/3499","targetHints":{"allow":["GET"]}}],"collection":[{"href":"https:\/\/www.brikaelektrik.al\/al\/wp-json\/wp\/v2\/product"}],"about":[{"href":"https:\/\/www.brikaelektrik.al\/al\/wp-json\/wp\/v2\/types\/product"}],"replies":[{"embeddable":true,"href":"https:\/\/www.brikaelektrik.al\/al\/wp-json\/wp\/v2\/comments?post=3499"}],"wp:featuredmedia":[{"embeddable":true,"href":"https:\/\/www.brikaelektrik.al\/al\/wp-json\/wp\/v2\/media\/3500"}],"wp:attachment":[{"href":"https:\/\/www.brikaelektrik.al\/al\/wp-json\/wp\/v2\/media?parent=3499"}],"wp:term":[{"taxonomy":"product_brand","embeddable":true,"href":"https:\/\/www.brikaelektrik.al\/al\/wp-json\/wp\/v2\/product_brand?post=3499"},{"taxonomy":"product_cat","embeddable":true,"href":"https:\/\/www.brikaelektrik.al\/al\/wp-json\/wp\/v2\/product_cat?post=3499"},{"taxonomy":"product_tag","embeddable":true,"href":"https:\/\/www.brikaelektrik.al\/al\/wp-json\/wp\/v2\/product_tag?post=3499"}],"curies":[{"name":"wp","href":"https:\/\/api.w.org\/{rel}","templated":true}]}}