{"id":3501,"date":"2025-08-22T14:05:35","date_gmt":"2025-08-22T14:05:35","guid":{"rendered":"https:\/\/www.brikaelektrik.al\/?post_type=product&#038;p=3501"},"modified":"2025-08-22T14:05:35","modified_gmt":"2025-08-22T14:05:35","slug":"cover-per-celes-smart-1m-sabbia","status":"publish","type":"product","link":"https:\/\/www.brikaelektrik.al\/al\/produkt\/cover-per-celes-smart-1m-sabbia\/","title":{"rendered":"COVER P\u00cbR \u00c7EL\u00cbS SMART 1M SABBIA"},"content":{"rendered":"<p><strong data-start=\"114\" data-end=\"124\">Seria:<\/strong> Living Now BTicino<br data-start=\"143\" data-end=\"146\" \/><strong data-start=\"146\" data-end=\"156\">Lloji:<\/strong> Mbules\u00eb p\u00ebr priz\u00eb bipasso 2P+T me kapak (1 modul)<br data-start=\"206\" data-end=\"209\" \/><strong data-start=\"209\" data-end=\"229\" data-is-only-node=\"\">P\u00ebrmasat totale:<\/strong> 22 mm gjer\u00ebsi \u00d7 86 mm lart\u00ebsi \u00d7 7 mm thell\u00ebsi<br data-start=\"275\" data-end=\"278\" \/><strong data-start=\"278\" data-end=\"292\">Materiali:<\/strong> Termoplastik me p\u00ebrfundim satin<br data-start=\"324\" data-end=\"327\" \/><strong data-start=\"327\" data-end=\"338\">Ngjyra:<\/strong> E zez\u00eb (ngjyr\u00eb af\u00ebr RAL 7016)<br data-start=\"368\" data-end=\"371\" \/><strong data-start=\"371\" data-end=\"384\">Mbrojtja:<\/strong> IP44 (mbrojtje kund\u00ebr pluhurit dhe ujit nga pika)<br data-start=\"434\" data-end=\"437\" \/><strong data-start=\"437\" data-end=\"461\">Temperatura e pun\u00ebs:<\/strong> Nga \u20135 \u00b0C deri n\u00eb +50 \u00b0C<br data-start=\"486\" data-end=\"489\" \/><strong data-start=\"489\" data-end=\"519\">Temperatura e magazinimit:<\/strong> Nga \u201310 \u00b0C deri n\u00eb +70 \u00b0C<br data-start=\"545\" data-end=\"548\" \/><strong data-start=\"548\" data-end=\"579\">Karakteristikat e montimit:<\/strong> Montim snap-on p\u00ebr 1 modul<br data-start=\"606\" data-end=\"609\" \/><strong data-start=\"609\" data-end=\"639\">Aksesueshm\u00ebria e lidhjeve:<\/strong> Nuk aplikohet (mbules\u00eb me kapak)<br data-start=\"672\" data-end=\"675\" \/><strong data-start=\"675\" data-end=\"689\">P\u00ebrdorimi:<\/strong> Mbules\u00eb p\u00ebr priz\u00eb bipasso 2P+T me kapak t\u00eb seris\u00eb Living Now p\u00ebr mjedise me lag\u00ebshtir\u00eb<br data-start=\"776\" data-end=\"779\" \/><strong data-start=\"779\" data-end=\"805\">Karakteristika shtes\u00eb:<\/strong> Material rezistent ndaj UV, pa halogjen, dizajn minimalist, mbrojtje IP44<\/p>","protected":false},"excerpt":{"rendered":"<p>Seria: Living Now BTicinoLloji: Mbules\u00eb p\u00ebr priz\u00eb bipasso 2P+T me kapak (1 modul)P\u00ebrmasat totale: 22 mm gjer\u00ebsi \u00d7 86 mm lart\u00ebsi \u00d7 7 mm thell\u00ebsiMateriali: Termoplastik me p\u00ebrfundim satinNgjyra: E zez\u00eb (ngjyr\u00eb af\u00ebr RAL 7016)Mbrojtja: IP44 (mbrojtje kund\u00ebr pluhurit dhe ujit nga pika)Temperatura e pun\u00ebs: Nga \u20135 \u00b0C deri n\u00eb +50 \u00b0CTemperatura e magazinimit: Nga [&hellip;]<\/p>","protected":false},"featured_media":3502,"comment_status":"open","ping_status":"closed","template":"","meta":{"_acf_changed":false},"product_brand":[],"product_cat":[40,64],"product_tag":[],"class_list":{"0":"post-3501","1":"product","2":"type-product","3":"status-publish","4":"has-post-thumbnail","6":"product_cat-serite-civile","7":"product_cat-living-now","9":"first","10":"instock","11":"shipping-taxable","12":"product-type-simple"},"acf":[],"_links":{"self":[{"href":"https:\/\/www.brikaelektrik.al\/al\/wp-json\/wp\/v2\/product\/3501","targetHints":{"allow":["GET"]}}],"collection":[{"href":"https:\/\/www.brikaelektrik.al\/al\/wp-json\/wp\/v2\/product"}],"about":[{"href":"https:\/\/www.brikaelektrik.al\/al\/wp-json\/wp\/v2\/types\/product"}],"replies":[{"embeddable":true,"href":"https:\/\/www.brikaelektrik.al\/al\/wp-json\/wp\/v2\/comments?post=3501"}],"wp:featuredmedia":[{"embeddable":true,"href":"https:\/\/www.brikaelektrik.al\/al\/wp-json\/wp\/v2\/media\/3502"}],"wp:attachment":[{"href":"https:\/\/www.brikaelektrik.al\/al\/wp-json\/wp\/v2\/media?parent=3501"}],"wp:term":[{"taxonomy":"product_brand","embeddable":true,"href":"https:\/\/www.brikaelektrik.al\/al\/wp-json\/wp\/v2\/product_brand?post=3501"},{"taxonomy":"product_cat","embeddable":true,"href":"https:\/\/www.brikaelektrik.al\/al\/wp-json\/wp\/v2\/product_cat?post=3501"},{"taxonomy":"product_tag","embeddable":true,"href":"https:\/\/www.brikaelektrik.al\/al\/wp-json\/wp\/v2\/product_tag?post=3501"}],"curies":[{"name":"wp","href":"https:\/\/api.w.org\/{rel}","templated":true}]}}