{"id":3503,"date":"2025-08-22T14:07:23","date_gmt":"2025-08-22T14:07:23","guid":{"rendered":"https:\/\/www.brikaelektrik.al\/?post_type=product&#038;p=3503"},"modified":"2025-08-22T14:07:23","modified_gmt":"2025-08-22T14:07:23","slug":"cover-per-celes-qepeni-i-bardhe","status":"publish","type":"product","link":"https:\/\/www.brikaelektrik.al\/al\/produkt\/cover-per-celes-qepeni-i-bardhe\/","title":{"rendered":"COVER P\u00cbR \u00c7EL\u00cbS QEPENI I BARDH\u00cb"},"content":{"rendered":"<p><strong data-start=\"114\" data-end=\"124\">Seria:<\/strong> Living Now BTicino<br data-start=\"143\" data-end=\"146\" \/><strong data-start=\"146\" data-end=\"156\">Lloji:<\/strong> Mbules\u00eb standarde p\u00ebr priz\u00eb bipasso 2P+T (1 modul)<br data-start=\"207\" data-end=\"210\" \/><strong data-start=\"210\" data-end=\"230\" data-is-only-node=\"\">P\u00ebrmasat totale:<\/strong> 22 mm gjer\u00ebsi \u00d7 86 mm lart\u00ebsi \u00d7 7 mm thell\u00ebsi<br data-start=\"276\" data-end=\"279\" \/><strong data-start=\"279\" data-end=\"293\">Materiali:<\/strong> Termoplastik me p\u00ebrfundim satin<br data-start=\"325\" data-end=\"328\" \/><strong data-start=\"328\" data-end=\"339\">Ngjyra:<\/strong> E bardh\u00eb (ngjyr\u00eb shum\u00eb e ngjashme me RAL 9016)<br data-start=\"386\" data-end=\"389\" \/><strong data-start=\"389\" data-end=\"402\">Mbrojtja:<\/strong> IP20<br data-start=\"407\" data-end=\"410\" \/><strong data-start=\"410\" data-end=\"434\">Temperatura e pun\u00ebs:<\/strong> Nga \u20135 \u00b0C deri n\u00eb +50 \u00b0C<br data-start=\"459\" data-end=\"462\" \/><strong data-start=\"462\" data-end=\"492\">Temperatura e magazinimit:<\/strong> Nga \u201310 \u00b0C deri n\u00eb +70 \u00b0C<br data-start=\"518\" data-end=\"521\" \/><strong data-start=\"521\" data-end=\"552\">Karakteristikat e montimit:<\/strong> Montim snap-on p\u00ebr 1 modul<br data-start=\"579\" data-end=\"582\" \/><strong data-start=\"582\" data-end=\"612\">Aksesueshm\u00ebria e lidhjeve:<\/strong> Nuk aplikohet (mbules\u00eb)<br data-start=\"636\" data-end=\"639\" \/><strong data-start=\"639\" data-end=\"653\">P\u00ebrdorimi:<\/strong> Mbules\u00eb p\u00ebr priz\u00ebn bipasso 2P+T t\u00eb seris\u00eb Living Now<br data-start=\"706\" data-end=\"709\" \/><strong data-start=\"709\" data-end=\"735\">Karakteristika shtes\u00eb:<\/strong> Material rezistent ndaj UV, pa halogjen, dizajn minimalist<\/p>","protected":false},"excerpt":{"rendered":"<p>Seria: Living Now BTicinoLloji: Mbules\u00eb standarde p\u00ebr priz\u00eb bipasso 2P+T (1 modul)P\u00ebrmasat totale: 22 mm gjer\u00ebsi \u00d7 86 mm lart\u00ebsi \u00d7 7 mm thell\u00ebsiMateriali: Termoplastik me p\u00ebrfundim satinNgjyra: E bardh\u00eb (ngjyr\u00eb shum\u00eb e ngjashme me RAL 9016)Mbrojtja: IP20Temperatura e pun\u00ebs: Nga \u20135 \u00b0C deri n\u00eb +50 \u00b0CTemperatura e magazinimit: Nga \u201310 \u00b0C deri n\u00eb +70 [&hellip;]<\/p>","protected":false},"featured_media":3504,"comment_status":"open","ping_status":"closed","template":"","meta":{"_acf_changed":false},"product_brand":[],"product_cat":[40,64],"product_tag":[],"class_list":{"0":"post-3503","1":"product","2":"type-product","3":"status-publish","4":"has-post-thumbnail","6":"product_cat-serite-civile","7":"product_cat-living-now","9":"first","10":"instock","11":"shipping-taxable","12":"product-type-simple"},"acf":[],"_links":{"self":[{"href":"https:\/\/www.brikaelektrik.al\/al\/wp-json\/wp\/v2\/product\/3503","targetHints":{"allow":["GET"]}}],"collection":[{"href":"https:\/\/www.brikaelektrik.al\/al\/wp-json\/wp\/v2\/product"}],"about":[{"href":"https:\/\/www.brikaelektrik.al\/al\/wp-json\/wp\/v2\/types\/product"}],"replies":[{"embeddable":true,"href":"https:\/\/www.brikaelektrik.al\/al\/wp-json\/wp\/v2\/comments?post=3503"}],"wp:featuredmedia":[{"embeddable":true,"href":"https:\/\/www.brikaelektrik.al\/al\/wp-json\/wp\/v2\/media\/3504"}],"wp:attachment":[{"href":"https:\/\/www.brikaelektrik.al\/al\/wp-json\/wp\/v2\/media?parent=3503"}],"wp:term":[{"taxonomy":"product_brand","embeddable":true,"href":"https:\/\/www.brikaelektrik.al\/al\/wp-json\/wp\/v2\/product_brand?post=3503"},{"taxonomy":"product_cat","embeddable":true,"href":"https:\/\/www.brikaelektrik.al\/al\/wp-json\/wp\/v2\/product_cat?post=3503"},{"taxonomy":"product_tag","embeddable":true,"href":"https:\/\/www.brikaelektrik.al\/al\/wp-json\/wp\/v2\/product_tag?post=3503"}],"curies":[{"name":"wp","href":"https:\/\/api.w.org\/{rel}","templated":true}]}}