{"id":3509,"date":"2025-08-22T14:17:44","date_gmt":"2025-08-22T14:17:44","guid":{"rendered":"https:\/\/www.brikaelektrik.al\/?post_type=product&#038;p=3509"},"modified":"2025-08-22T14:17:44","modified_gmt":"2025-08-22T14:17:44","slug":"cover-per-prize-usb-2m-30w-i-bardhe","status":"publish","type":"product","link":"https:\/\/www.brikaelektrik.al\/al\/produkt\/cover-per-prize-usb-2m-30w-i-bardhe\/","title":{"rendered":"COVER PER PRIZ\u00cb USB 2M 30W I BARDH\u00cb"},"content":{"rendered":"<p><strong data-start=\"197\" data-end=\"207\">Seria:<\/strong> Living Now BTicino<br data-start=\"226\" data-end=\"229\" \/><strong data-start=\"229\" data-end=\"239\">Lloji:<\/strong> Mbules\u00eb p\u00ebr karikues USB, 2 module (cover USB charger)\u00a0<br data-start=\"332\" data-end=\"335\" \/><strong data-start=\"335\" data-end=\"349\">P\u00ebrdorimi:<\/strong> P\u00ebrdoret p\u00ebr t\u00eb mbuluar karikuesit USB t\u00eb montuar n\u00eb instalimet Living Now, duke ofruar p\u00ebrfundim estetik dhe t\u00eb p\u00ebrputhsh\u00ebm me pajisjet e tjera t\u00eb seris\u00eb<br data-start=\"504\" data-end=\"507\" \/><strong data-start=\"507\" data-end=\"527\">P\u00ebrmasat totale:<\/strong> 45 mm gjer\u00ebsi \u00d7 86 mm lart\u00ebsi \u00d7 7 mm thell\u00ebsi\u00a0<br data-start=\"611\" data-end=\"614\" \/><strong data-start=\"614\" data-end=\"628\">Materiali:<\/strong> Plastik\u00eb termoplastike pa halogjen, sip\u00ebrfaqe mat, pa trajtim t\u00eb sip\u00ebrfaqes, pa trajtim antimikrobial\u00a0<br data-start=\"768\" data-end=\"771\" \/><strong data-start=\"771\" data-end=\"782\">Ngjyra:<\/strong> E bardh\u00eb (ngjyr\u00eb shum\u00eb e ngjashme me RAL 9003)\u00a0<br data-start=\"867\" data-end=\"870\" \/><strong data-start=\"870\" data-end=\"883\">Mbrojtja:<\/strong> IP20 (mbrojtje nga pluhuri dhe objekte t\u00eb madha), IK00 (pa mbrojtje nga goditjet)<br data-start=\"1003\" data-end=\"1006\" \/><strong data-start=\"1006\" data-end=\"1030\">Temperatura e pun\u00ebs:<\/strong> -5\u202f\u00b0C deri n\u00eb +50\u202f\u00b0C; temperatura e magazinimit -10\u202f\u00b0C deri +70\u202f\u00b0C\u00a0<br data-start=\"1135\" data-end=\"1138\" \/><strong data-start=\"1138\" data-end=\"1150\">Montimi:<\/strong> Montim me kapje (snap-on) \u2014 nuk k\u00ebrkon vid\u00eb apo mekaniz\u00ebm montimi t\u00eb komplikuar<\/p>","protected":false},"excerpt":{"rendered":"<p>Seria: Living Now BTicinoLloji: Mbules\u00eb p\u00ebr karikues USB, 2 module (cover USB charger)\u00a0P\u00ebrdorimi: P\u00ebrdoret p\u00ebr t\u00eb mbuluar karikuesit USB t\u00eb montuar n\u00eb instalimet Living Now, duke ofruar p\u00ebrfundim estetik dhe t\u00eb p\u00ebrputhsh\u00ebm me pajisjet e tjera t\u00eb seris\u00ebP\u00ebrmasat totale: 45 mm gjer\u00ebsi \u00d7 86 mm lart\u00ebsi \u00d7 7 mm thell\u00ebsi\u00a0Materiali: Plastik\u00eb termoplastike pa halogjen, sip\u00ebrfaqe [&hellip;]<\/p>","protected":false},"featured_media":3510,"comment_status":"open","ping_status":"closed","template":"","meta":{"_acf_changed":false},"product_brand":[],"product_cat":[40,64],"product_tag":[],"class_list":{"0":"post-3509","1":"product","2":"type-product","3":"status-publish","4":"has-post-thumbnail","6":"product_cat-serite-civile","7":"product_cat-living-now","9":"first","10":"instock","11":"shipping-taxable","12":"product-type-simple"},"acf":[],"_links":{"self":[{"href":"https:\/\/www.brikaelektrik.al\/al\/wp-json\/wp\/v2\/product\/3509","targetHints":{"allow":["GET"]}}],"collection":[{"href":"https:\/\/www.brikaelektrik.al\/al\/wp-json\/wp\/v2\/product"}],"about":[{"href":"https:\/\/www.brikaelektrik.al\/al\/wp-json\/wp\/v2\/types\/product"}],"replies":[{"embeddable":true,"href":"https:\/\/www.brikaelektrik.al\/al\/wp-json\/wp\/v2\/comments?post=3509"}],"wp:featuredmedia":[{"embeddable":true,"href":"https:\/\/www.brikaelektrik.al\/al\/wp-json\/wp\/v2\/media\/3510"}],"wp:attachment":[{"href":"https:\/\/www.brikaelektrik.al\/al\/wp-json\/wp\/v2\/media?parent=3509"}],"wp:term":[{"taxonomy":"product_brand","embeddable":true,"href":"https:\/\/www.brikaelektrik.al\/al\/wp-json\/wp\/v2\/product_brand?post=3509"},{"taxonomy":"product_cat","embeddable":true,"href":"https:\/\/www.brikaelektrik.al\/al\/wp-json\/wp\/v2\/product_cat?post=3509"},{"taxonomy":"product_tag","embeddable":true,"href":"https:\/\/www.brikaelektrik.al\/al\/wp-json\/wp\/v2\/product_tag?post=3509"}],"curies":[{"name":"wp","href":"https:\/\/api.w.org\/{rel}","templated":true}]}}