{"id":3533,"date":"2025-08-25T09:29:16","date_gmt":"2025-08-25T09:29:16","guid":{"rendered":"https:\/\/www.brikaelektrik.al\/?post_type=product&#038;p=3533"},"modified":"2025-08-25T10:08:18","modified_gmt":"2025-08-25T10:08:18","slug":"cover-per-prize-usb-2m-30w-i-zi","status":"publish","type":"product","link":"https:\/\/www.brikaelektrik.al\/al\/produkt\/cover-per-prize-usb-2m-30w-i-zi\/","title":{"rendered":"COVER PER PRIZ\u00cb USB 2M 30W I ZI"},"content":{"rendered":"<p><strong data-start=\"266\" data-end=\"275\">Seria<\/strong>: Living Now BTicino<br data-start=\"295\" data-end=\"298\" \/><strong data-start=\"298\" data-end=\"307\" data-is-only-node=\"\">Lloji<\/strong>: Mbules\u00eb p\u00ebr karikues USB 2 module<br data-start=\"342\" data-end=\"345\" \/><strong data-start=\"345\" data-end=\"358\">P\u00ebrdorimi<\/strong>: P\u00ebrdoret p\u00ebr t\u00eb mbuluar karikuesit USB t\u00eb montuar n\u00eb instalimet Living Now duke ofruar p\u00ebrfundim estetik dhe t\u00eb p\u00ebrputhsh\u00ebm me pajisjet e tjera t\u00eb seris\u00eb<br data-start=\"513\" data-end=\"516\" \/><strong data-start=\"516\" data-end=\"535\">P\u00ebrmasat totale<\/strong>: 45 mm gjer\u00ebsi \u00d7 86 mm lart\u00ebsi \u00d7 7 mm thell\u00ebsi<br data-start=\"582\" data-end=\"585\" \/><strong data-start=\"585\" data-end=\"598\">Materiali<\/strong>: Plastik\u00eb termoplastike pa halogjen sip\u00ebrfaqe mat pa trajtim t\u00eb sip\u00ebrfaqes pa trajtim antimikrobial<br data-start=\"698\" data-end=\"701\" \/><strong data-start=\"701\" data-end=\"711\">Ngjyra<\/strong>: E zez\u00eb\u00a0<br data-start=\"757\" data-end=\"760\" \/><strong data-start=\"760\" data-end=\"772\">Mbrojtja<\/strong>: IP20 (mbrojtje nga pluhuri dhe objektet e m\u00ebdha) IK00 (pa mbrojtje nga goditjet)<br data-start=\"854\" data-end=\"857\" \/><strong data-start=\"857\" data-end=\"880\">Temperatura e pun\u00ebs<\/strong>: -5 \u00b0C deri n\u00eb +50 \u00b0C<br data-start=\"902\" data-end=\"905\" \/><strong data-start=\"905\" data-end=\"934\">Temperatura e magazinimit<\/strong>: -10 \u00b0C deri n\u00eb +70 \u00b0C<br data-start=\"957\" data-end=\"960\" \/><strong data-start=\"960\" data-end=\"971\">Montimi<\/strong>: Montim me kapje (snap-on) nuk k\u00ebrkon vid\u00eb apo mekaniz\u00ebm montimi t\u00eb komplikuar<br data-start=\"1050\" data-end=\"1053\" \/><strong data-start=\"1053\" data-end=\"1063\">Moduli<\/strong>: 2<br data-start=\"1066\" data-end=\"1069\" \/><strong data-start=\"1069\" data-end=\"1079\">Modeli<\/strong>: Central cover plate<br data-start=\"1100\" data-end=\"1103\" \/><strong data-start=\"1103\" data-end=\"1126\">Materiali \/ cil\u00ebsia<\/strong>: Plastik\u00eb termoplastike<br data-start=\"1150\" data-end=\"1153\" \/><strong data-start=\"1153\" data-end=\"1163\">Lidhja<\/strong>: Me kapje (engage snap)<br data-start=\"1187\" data-end=\"1190\" \/><strong data-start=\"1190\" data-end=\"1207\">Halogjen free<\/strong>: Po<\/p>","protected":false},"excerpt":{"rendered":"<p>Seria: Living Now BTicinoLloji: Mbules\u00eb p\u00ebr karikues USB 2 moduleP\u00ebrdorimi: P\u00ebrdoret p\u00ebr t\u00eb mbuluar karikuesit USB t\u00eb montuar n\u00eb instalimet Living Now duke ofruar p\u00ebrfundim estetik dhe t\u00eb p\u00ebrputhsh\u00ebm me pajisjet e tjera t\u00eb seris\u00ebP\u00ebrmasat totale: 45 mm gjer\u00ebsi \u00d7 86 mm lart\u00ebsi \u00d7 7 mm thell\u00ebsiMateriali: Plastik\u00eb termoplastike pa halogjen sip\u00ebrfaqe mat pa trajtim [&hellip;]<\/p>","protected":false},"featured_media":3534,"comment_status":"open","ping_status":"closed","template":"","meta":{"_acf_changed":false},"product_brand":[],"product_cat":[40,64],"product_tag":[],"class_list":{"0":"post-3533","1":"product","2":"type-product","3":"status-publish","4":"has-post-thumbnail","6":"product_cat-serite-civile","7":"product_cat-living-now","9":"first","10":"instock","11":"shipping-taxable","12":"product-type-simple"},"acf":[],"_links":{"self":[{"href":"https:\/\/www.brikaelektrik.al\/al\/wp-json\/wp\/v2\/product\/3533","targetHints":{"allow":["GET"]}}],"collection":[{"href":"https:\/\/www.brikaelektrik.al\/al\/wp-json\/wp\/v2\/product"}],"about":[{"href":"https:\/\/www.brikaelektrik.al\/al\/wp-json\/wp\/v2\/types\/product"}],"replies":[{"embeddable":true,"href":"https:\/\/www.brikaelektrik.al\/al\/wp-json\/wp\/v2\/comments?post=3533"}],"wp:featuredmedia":[{"embeddable":true,"href":"https:\/\/www.brikaelektrik.al\/al\/wp-json\/wp\/v2\/media\/3534"}],"wp:attachment":[{"href":"https:\/\/www.brikaelektrik.al\/al\/wp-json\/wp\/v2\/media?parent=3533"}],"wp:term":[{"taxonomy":"product_brand","embeddable":true,"href":"https:\/\/www.brikaelektrik.al\/al\/wp-json\/wp\/v2\/product_brand?post=3533"},{"taxonomy":"product_cat","embeddable":true,"href":"https:\/\/www.brikaelektrik.al\/al\/wp-json\/wp\/v2\/product_cat?post=3533"},{"taxonomy":"product_tag","embeddable":true,"href":"https:\/\/www.brikaelektrik.al\/al\/wp-json\/wp\/v2\/product_tag?post=3533"}],"curies":[{"name":"wp","href":"https:\/\/api.w.org\/{rel}","templated":true}]}}