{"id":3537,"date":"2025-08-25T09:35:50","date_gmt":"2025-08-25T09:35:50","guid":{"rendered":"https:\/\/www.brikaelektrik.al\/?post_type=product&#038;p=3537"},"modified":"2025-08-25T09:35:50","modified_gmt":"2025-08-25T09:35:50","slug":"cover-per-pulsant-qepeni-sabbia","status":"publish","type":"product","link":"https:\/\/www.brikaelektrik.al\/al\/produkt\/cover-per-pulsant-qepeni-sabbia\/","title":{"rendered":"COVER P\u00cbR PULSANT QEPENI SABBIA"},"content":{"rendered":"<p><strong data-start=\"166\" data-end=\"175\">Seria<\/strong>: Living Now BTicino<br data-start=\"195\" data-end=\"198\" \/><strong data-start=\"198\" data-end=\"207\" data-is-only-node=\"\">Lloji<\/strong>: Mbules\u00eb p\u00ebr karikues USB 1 module<br data-start=\"242\" data-end=\"245\" \/><strong data-start=\"245\" data-end=\"258\">P\u00ebrdorimi<\/strong>: P\u00ebrdoret p\u00ebr t\u00eb mbuluar karikuesin USB t\u00eb montuar n\u00eb instalimet Living Now duke ofruar p\u00ebrfundim estetik dhe t\u00eb p\u00ebrputhsh\u00ebm me pajisjet e tjera t\u00eb seris\u00eb<br data-start=\"413\" data-end=\"416\" \/><strong data-start=\"416\" data-end=\"435\">P\u00ebrmasat totale<\/strong>: 22.5 mm gjer\u00ebsi \u00d7 86 mm lart\u00ebsi \u00d7 7 mm thell\u00ebsi<br data-start=\"484\" data-end=\"487\" \/><strong data-start=\"487\" data-end=\"500\">Materiali<\/strong>: Plastik\u00eb termoplastike pa halogjen sip\u00ebrfaqe mat pa trajtim t\u00eb sip\u00ebrfaqes pa trajtim antimikrobial<br data-start=\"600\" data-end=\"603\" \/><strong data-start=\"603\" data-end=\"613\">Ngjyra<\/strong>: Sabria (ngjyr\u00eb sand)<br data-start=\"635\" data-end=\"638\" \/><strong data-start=\"638\" data-end=\"650\">Mbrojtja<\/strong>: IP20 (mbrojtje nga pluhuri dhe objektet e m\u00ebdha) IK00 (pa mbrojtje nga goditjet)<br data-start=\"732\" data-end=\"735\" \/><strong data-start=\"735\" data-end=\"758\">Temperatura e pun\u00ebs<\/strong>: -5 \u00b0C deri n\u00eb +50 \u00b0C<br data-start=\"780\" data-end=\"783\" \/><strong data-start=\"783\" data-end=\"812\">Temperatura e magazinimit<\/strong>: -10 \u00b0C deri n\u00eb +70 \u00b0C<br data-start=\"835\" data-end=\"838\" \/><strong data-start=\"838\" data-end=\"849\">Montimi<\/strong>: Montim me kapje (snap-on) nuk k\u00ebrkon vid\u00eb apo mekaniz\u00ebm montimi t\u00eb komplikuar<br data-start=\"928\" data-end=\"931\" \/><strong data-start=\"931\" data-end=\"941\">Moduli<\/strong>: 1<br data-start=\"944\" data-end=\"947\" \/><strong data-start=\"947\" data-end=\"957\">Modeli<\/strong>: Central cover plate<br data-start=\"978\" data-end=\"981\" \/><strong data-start=\"981\" data-end=\"1004\">Materiali \/ cil\u00ebsia<\/strong>: Plastik\u00eb termoplastike<br data-start=\"1028\" data-end=\"1031\" \/><strong data-start=\"1031\" data-end=\"1041\">Lidhja<\/strong>: Me kapje (engage snap)<br data-start=\"1065\" data-end=\"1068\" \/><strong data-start=\"1068\" data-end=\"1085\">Halogjen free<\/strong>: Po<\/p>","protected":false},"excerpt":{"rendered":"<p>Seria: Living Now BTicinoLloji: Mbules\u00eb p\u00ebr karikues USB 1 moduleP\u00ebrdorimi: P\u00ebrdoret p\u00ebr t\u00eb mbuluar karikuesin USB t\u00eb montuar n\u00eb instalimet Living Now duke ofruar p\u00ebrfundim estetik dhe t\u00eb p\u00ebrputhsh\u00ebm me pajisjet e tjera t\u00eb seris\u00ebP\u00ebrmasat totale: 22.5 mm gjer\u00ebsi \u00d7 86 mm lart\u00ebsi \u00d7 7 mm thell\u00ebsiMateriali: Plastik\u00eb termoplastike pa halogjen sip\u00ebrfaqe mat pa trajtim [&hellip;]<\/p>","protected":false},"featured_media":3542,"comment_status":"open","ping_status":"closed","template":"","meta":{"_acf_changed":false},"product_brand":[],"product_cat":[40,64],"product_tag":[],"class_list":{"0":"post-3537","1":"product","2":"type-product","3":"status-publish","4":"has-post-thumbnail","6":"product_cat-serite-civile","7":"product_cat-living-now","9":"first","10":"instock","11":"shipping-taxable","12":"product-type-simple"},"acf":[],"_links":{"self":[{"href":"https:\/\/www.brikaelektrik.al\/al\/wp-json\/wp\/v2\/product\/3537","targetHints":{"allow":["GET"]}}],"collection":[{"href":"https:\/\/www.brikaelektrik.al\/al\/wp-json\/wp\/v2\/product"}],"about":[{"href":"https:\/\/www.brikaelektrik.al\/al\/wp-json\/wp\/v2\/types\/product"}],"replies":[{"embeddable":true,"href":"https:\/\/www.brikaelektrik.al\/al\/wp-json\/wp\/v2\/comments?post=3537"}],"wp:featuredmedia":[{"embeddable":true,"href":"https:\/\/www.brikaelektrik.al\/al\/wp-json\/wp\/v2\/media\/3542"}],"wp:attachment":[{"href":"https:\/\/www.brikaelektrik.al\/al\/wp-json\/wp\/v2\/media?parent=3537"}],"wp:term":[{"taxonomy":"product_brand","embeddable":true,"href":"https:\/\/www.brikaelektrik.al\/al\/wp-json\/wp\/v2\/product_brand?post=3537"},{"taxonomy":"product_cat","embeddable":true,"href":"https:\/\/www.brikaelektrik.al\/al\/wp-json\/wp\/v2\/product_cat?post=3537"},{"taxonomy":"product_tag","embeddable":true,"href":"https:\/\/www.brikaelektrik.al\/al\/wp-json\/wp\/v2\/product_tag?post=3537"}],"curies":[{"name":"wp","href":"https:\/\/api.w.org\/{rel}","templated":true}]}}