{"id":3543,"date":"2025-08-25T12:10:31","date_gmt":"2025-08-25T12:10:31","guid":{"rendered":"https:\/\/www.brikaelektrik.al\/?post_type=product&#038;p=3543"},"modified":"2025-08-26T11:59:05","modified_gmt":"2025-08-26T11:59:05","slug":"modul-3poste-per-karte-dere","status":"publish","type":"product","link":"https:\/\/www.brikaelektrik.al\/al\/produkt\/modul-3poste-per-karte-dere\/","title":{"rendered":"MODUL 3POSTE P\u00cbR KART\u00cb DERE"},"content":{"rendered":"<p><strong>Seria:<\/strong> Matix<br \/>\n<strong>Lloji:<\/strong> Mbajt\u00ebse p\u00ebr kart\u00eb (badge-holder)<br \/>\n<strong>Tensioni:<\/strong> 230 Vac<br \/>\n<strong>Fuqia:<\/strong> 30 VA<br \/>\n<strong>Module:<\/strong> 3<\/p>","protected":false},"excerpt":{"rendered":"<p>Seria: Matix Lloji: Mbajt\u00ebse p\u00ebr kart\u00eb (badge-holder) Tensioni: 230 Vac Fuqia: 30 VA Module: 3<\/p>","protected":false},"featured_media":3546,"comment_status":"open","ping_status":"closed","template":"","meta":{"_acf_changed":false},"product_brand":[],"product_cat":[40,66],"product_tag":[],"class_list":{"0":"post-3543","1":"product","2":"type-product","3":"status-publish","4":"has-post-thumbnail","6":"product_cat-serite-civile","7":"product_cat-matix","9":"first","10":"instock","11":"shipping-taxable","12":"product-type-simple"},"acf":[],"_links":{"self":[{"href":"https:\/\/www.brikaelektrik.al\/al\/wp-json\/wp\/v2\/product\/3543","targetHints":{"allow":["GET"]}}],"collection":[{"href":"https:\/\/www.brikaelektrik.al\/al\/wp-json\/wp\/v2\/product"}],"about":[{"href":"https:\/\/www.brikaelektrik.al\/al\/wp-json\/wp\/v2\/types\/product"}],"replies":[{"embeddable":true,"href":"https:\/\/www.brikaelektrik.al\/al\/wp-json\/wp\/v2\/comments?post=3543"}],"wp:featuredmedia":[{"embeddable":true,"href":"https:\/\/www.brikaelektrik.al\/al\/wp-json\/wp\/v2\/media\/3546"}],"wp:attachment":[{"href":"https:\/\/www.brikaelektrik.al\/al\/wp-json\/wp\/v2\/media?parent=3543"}],"wp:term":[{"taxonomy":"product_brand","embeddable":true,"href":"https:\/\/www.brikaelektrik.al\/al\/wp-json\/wp\/v2\/product_brand?post=3543"},{"taxonomy":"product_cat","embeddable":true,"href":"https:\/\/www.brikaelektrik.al\/al\/wp-json\/wp\/v2\/product_cat?post=3543"},{"taxonomy":"product_tag","embeddable":true,"href":"https:\/\/www.brikaelektrik.al\/al\/wp-json\/wp\/v2\/product_tag?post=3543"}],"curies":[{"name":"wp","href":"https:\/\/api.w.org\/{rel}","templated":true}]}}