{"id":3545,"date":"2025-08-25T10:07:04","date_gmt":"2025-08-25T10:07:04","guid":{"rendered":"https:\/\/www.brikaelektrik.al\/?post_type=product&#038;p=3545"},"modified":"2025-08-25T10:07:04","modified_gmt":"2025-08-25T10:07:04","slug":"cover-per-sensore-levizje-modular-1m-i-bardhe","status":"publish","type":"product","link":"https:\/\/www.brikaelektrik.al\/al\/produkt\/cover-per-sensore-levizje-modular-1m-i-bardhe\/","title":{"rendered":"COVER PER SENSOR\u00cb LEVIZJE MODULAR 1M I BARDH\u00cb"},"content":{"rendered":"<p><strong data-start=\"178\" data-end=\"187\">Seria<\/strong>: Living Now BTicino<br data-start=\"207\" data-end=\"210\" \/><strong data-start=\"210\" data-end=\"219\" data-is-only-node=\"\">Lloji<\/strong>: Mbules\u00eb p\u00ebr karikues USB 1 module<br data-start=\"254\" data-end=\"257\" \/><strong data-start=\"257\" data-end=\"270\">P\u00ebrdorimi<\/strong>: P\u00ebrdoret p\u00ebr t\u00eb mbuluar karikuesin USB t\u00eb montuar n\u00eb instalimet Living Now duke ofruar p\u00ebrfundim estetik dhe t\u00eb p\u00ebrputhsh\u00ebm me pajisjet e tjera t\u00eb seris\u00eb<br data-start=\"425\" data-end=\"428\" \/><strong data-start=\"428\" data-end=\"447\">P\u00ebrmasat totale<\/strong>: 22.5 mm gjer\u00ebsi \u00d7 86 mm lart\u00ebsi \u00d7 7 mm thell\u00ebsi<br data-start=\"496\" data-end=\"499\" \/><strong data-start=\"499\" data-end=\"512\">Materiali<\/strong>: Plastik\u00eb termoplastike pa halogjen sip\u00ebrfaqe mat pa trajtim t\u00eb sip\u00ebrfaqes pa trajtim antimikrobial<br data-start=\"612\" data-end=\"615\" \/><strong data-start=\"615\" data-end=\"625\">Ngjyra<\/strong>: E bardh\u00eb<br data-start=\"673\" data-end=\"676\" \/><strong data-start=\"676\" data-end=\"688\">Mbrojtja<\/strong>: IP20 (mbrojtje nga pluhuri dhe objektet e m\u00ebdha) IK00 (pa mbrojtje nga goditjet)<br data-start=\"770\" data-end=\"773\" \/><strong data-start=\"773\" data-end=\"796\">Temperatura e pun\u00ebs<\/strong>: -5 \u00b0C deri n\u00eb +50 \u00b0C<br data-start=\"818\" data-end=\"821\" \/><strong data-start=\"821\" data-end=\"850\">Temperatura e magazinimit<\/strong>: -10 \u00b0C deri n\u00eb +70 \u00b0C<br data-start=\"873\" data-end=\"876\" \/><strong data-start=\"876\" data-end=\"887\">Montimi<\/strong>: Montim me kapje (snap-on) nuk k\u00ebrkon vid\u00eb apo mekaniz\u00ebm montimi t\u00eb komplikuar<br data-start=\"966\" data-end=\"969\" \/><strong data-start=\"969\" data-end=\"979\">Moduli<\/strong>: 1<br data-start=\"982\" data-end=\"985\" \/><strong data-start=\"985\" data-end=\"995\">Modeli<\/strong>: Central cover plate<br data-start=\"1016\" data-end=\"1019\" \/><strong data-start=\"1019\" data-end=\"1042\">Materiali \/ cil\u00ebsia<\/strong>: Plastik\u00eb termoplastike<br data-start=\"1066\" data-end=\"1069\" \/><strong data-start=\"1069\" data-end=\"1079\">Lidhja<\/strong>: Me kapje (engage snap)<br data-start=\"1103\" data-end=\"1106\" \/><strong data-start=\"1106\" data-end=\"1123\">Halogjen free<\/strong>: Po<\/p>","protected":false},"excerpt":{"rendered":"<p>Seria: Living Now BTicinoLloji: Mbules\u00eb p\u00ebr karikues USB 1 moduleP\u00ebrdorimi: P\u00ebrdoret p\u00ebr t\u00eb mbuluar karikuesin USB t\u00eb montuar n\u00eb instalimet Living Now duke ofruar p\u00ebrfundim estetik dhe t\u00eb p\u00ebrputhsh\u00ebm me pajisjet e tjera t\u00eb seris\u00ebP\u00ebrmasat totale: 22.5 mm gjer\u00ebsi \u00d7 86 mm lart\u00ebsi \u00d7 7 mm thell\u00ebsiMateriali: Plastik\u00eb termoplastike pa halogjen sip\u00ebrfaqe mat pa trajtim [&hellip;]<\/p>","protected":false},"featured_media":3547,"comment_status":"open","ping_status":"closed","template":"","meta":{"_acf_changed":false},"product_brand":[],"product_cat":[40,64],"product_tag":[],"class_list":{"0":"post-3545","1":"product","2":"type-product","3":"status-publish","4":"has-post-thumbnail","6":"product_cat-serite-civile","7":"product_cat-living-now","9":"first","10":"instock","11":"shipping-taxable","12":"product-type-simple"},"acf":[],"_links":{"self":[{"href":"https:\/\/www.brikaelektrik.al\/al\/wp-json\/wp\/v2\/product\/3545","targetHints":{"allow":["GET"]}}],"collection":[{"href":"https:\/\/www.brikaelektrik.al\/al\/wp-json\/wp\/v2\/product"}],"about":[{"href":"https:\/\/www.brikaelektrik.al\/al\/wp-json\/wp\/v2\/types\/product"}],"replies":[{"embeddable":true,"href":"https:\/\/www.brikaelektrik.al\/al\/wp-json\/wp\/v2\/comments?post=3545"}],"wp:featuredmedia":[{"embeddable":true,"href":"https:\/\/www.brikaelektrik.al\/al\/wp-json\/wp\/v2\/media\/3547"}],"wp:attachment":[{"href":"https:\/\/www.brikaelektrik.al\/al\/wp-json\/wp\/v2\/media?parent=3545"}],"wp:term":[{"taxonomy":"product_brand","embeddable":true,"href":"https:\/\/www.brikaelektrik.al\/al\/wp-json\/wp\/v2\/product_brand?post=3545"},{"taxonomy":"product_cat","embeddable":true,"href":"https:\/\/www.brikaelektrik.al\/al\/wp-json\/wp\/v2\/product_cat?post=3545"},{"taxonomy":"product_tag","embeddable":true,"href":"https:\/\/www.brikaelektrik.al\/al\/wp-json\/wp\/v2\/product_tag?post=3545"}],"curies":[{"name":"wp","href":"https:\/\/api.w.org\/{rel}","templated":true}]}}