{"id":3552,"date":"2025-08-25T10:25:00","date_gmt":"2025-08-25T10:25:00","guid":{"rendered":"https:\/\/www.brikaelektrik.al\/?post_type=product&#038;p=3552"},"modified":"2025-08-25T10:25:00","modified_gmt":"2025-08-25T10:25:00","slug":"cover-prize-satelitore-e-bardhe","status":"publish","type":"product","link":"https:\/\/www.brikaelektrik.al\/al\/produkt\/cover-prize-satelitore-e-bardhe\/","title":{"rendered":"COVER PRIZ\u00cb SATELITORE E BARDH\u00cb"},"content":{"rendered":"<p><strong data-start=\"193\" data-end=\"202\">Seria<\/strong>: Living Now BTicino<br data-start=\"222\" data-end=\"225\" \/><strong data-start=\"225\" data-end=\"234\">Lloji<\/strong>: Mbules\u00eb p\u00ebr priz\u00eb TV\u2011SAT 1 module<br data-start=\"269\" data-end=\"272\" data-is-only-node=\"\" \/><strong data-start=\"272\" data-end=\"285\">P\u00ebrdorimi<\/strong>: P\u00ebrdoret p\u00ebr t\u00eb mbuluar priz\u00ebn TV\u2011SAT t\u00eb montuar n\u00eb instalimet Living Now duke ofruar p\u00ebrfundim estetik dhe t\u00eb p\u00ebrputhsh\u00ebm me pajisjet e tjera t\u00eb seris\u00eb<br data-start=\"439\" data-end=\"442\" \/><strong data-start=\"442\" data-end=\"461\">P\u00ebrmasat totale<\/strong>: 22 mm gjer\u00ebsi \u00d7 86 mm lart\u00ebsi \u00d7 7 mm thell\u00ebsi<br data-start=\"508\" data-end=\"511\" \/><strong data-start=\"511\" data-end=\"524\">Materiali<\/strong>: Plastik\u00eb termoplastike pa halogjen sip\u00ebrfaqe mat pa trajtim t\u00eb sip\u00ebrfaqes pa trajtim antimikrobial<br data-start=\"624\" data-end=\"627\" \/><strong data-start=\"627\" data-end=\"637\">Ngjyra<\/strong>: E bardh\u00eb\u00a0<br data-start=\"677\" data-end=\"680\" \/><strong data-start=\"680\" data-end=\"692\">Mbrojtja<\/strong>: IP20 (mbrojtje nga pluhuri dhe objektet e m\u00ebdha) IK04 (rezistenc\u00eb modeste ndaj goditjeve)<br data-start=\"783\" data-end=\"786\" \/><strong data-start=\"786\" data-end=\"809\">Temperatura e pun\u00ebs<\/strong>: \u20135\u202f\u00b0C deri +35\u202f\u00b0C<br data-start=\"828\" data-end=\"831\" \/><strong data-start=\"831\" data-end=\"860\">Temperatura e magazinimit<\/strong>: \u201310\u202f\u00b0C deri +70\u202f\u00b0C<br data-start=\"880\" data-end=\"883\" \/><strong data-start=\"883\" data-end=\"894\">Montimi<\/strong>: Montim me kapje (snap\u2011on) i vendosur n\u00eb m\u00ebnyr\u00eb flush\u2011mounted nuk k\u00ebrkon vid\u00eb apo mekaniz\u00ebm montimi t\u00eb komplikuar<br data-start=\"1008\" data-end=\"1011\" \/><strong data-start=\"1011\" data-end=\"1021\">Moduli<\/strong>: 1<br data-start=\"1024\" data-end=\"1027\" \/><strong data-start=\"1027\" data-end=\"1037\">Modeli<\/strong>: Central cover plate<br data-start=\"1058\" data-end=\"1061\" \/><strong data-start=\"1061\" data-end=\"1084\">Materiali \/ cil\u00ebsia<\/strong>: Plastik\u00eb termoplastike<br data-start=\"1108\" data-end=\"1111\" \/><strong data-start=\"1111\" data-end=\"1121\">Lidhja<\/strong>: Engage (snap\u2011on)<br data-start=\"1139\" data-end=\"1142\" \/><strong data-start=\"1142\" data-end=\"1159\">Halogjen free<\/strong>: Po<\/p>","protected":false},"excerpt":{"rendered":"<p>Seria: Living Now BTicinoLloji: Mbules\u00eb p\u00ebr priz\u00eb TV\u2011SAT 1 moduleP\u00ebrdorimi: P\u00ebrdoret p\u00ebr t\u00eb mbuluar priz\u00ebn TV\u2011SAT t\u00eb montuar n\u00eb instalimet Living Now duke ofruar p\u00ebrfundim estetik dhe t\u00eb p\u00ebrputhsh\u00ebm me pajisjet e tjera t\u00eb seris\u00ebP\u00ebrmasat totale: 22 mm gjer\u00ebsi \u00d7 86 mm lart\u00ebsi \u00d7 7 mm thell\u00ebsiMateriali: Plastik\u00eb termoplastike pa halogjen sip\u00ebrfaqe mat pa trajtim [&hellip;]<\/p>","protected":false},"featured_media":3554,"comment_status":"open","ping_status":"closed","template":"","meta":{"_acf_changed":false},"product_brand":[],"product_cat":[40,64],"product_tag":[],"class_list":{"0":"post-3552","1":"product","2":"type-product","3":"status-publish","4":"has-post-thumbnail","6":"product_cat-serite-civile","7":"product_cat-living-now","9":"first","10":"instock","11":"shipping-taxable","12":"product-type-simple"},"acf":[],"_links":{"self":[{"href":"https:\/\/www.brikaelektrik.al\/al\/wp-json\/wp\/v2\/product\/3552","targetHints":{"allow":["GET"]}}],"collection":[{"href":"https:\/\/www.brikaelektrik.al\/al\/wp-json\/wp\/v2\/product"}],"about":[{"href":"https:\/\/www.brikaelektrik.al\/al\/wp-json\/wp\/v2\/types\/product"}],"replies":[{"embeddable":true,"href":"https:\/\/www.brikaelektrik.al\/al\/wp-json\/wp\/v2\/comments?post=3552"}],"wp:featuredmedia":[{"embeddable":true,"href":"https:\/\/www.brikaelektrik.al\/al\/wp-json\/wp\/v2\/media\/3554"}],"wp:attachment":[{"href":"https:\/\/www.brikaelektrik.al\/al\/wp-json\/wp\/v2\/media?parent=3552"}],"wp:term":[{"taxonomy":"product_brand","embeddable":true,"href":"https:\/\/www.brikaelektrik.al\/al\/wp-json\/wp\/v2\/product_brand?post=3552"},{"taxonomy":"product_cat","embeddable":true,"href":"https:\/\/www.brikaelektrik.al\/al\/wp-json\/wp\/v2\/product_cat?post=3552"},{"taxonomy":"product_tag","embeddable":true,"href":"https:\/\/www.brikaelektrik.al\/al\/wp-json\/wp\/v2\/product_tag?post=3552"}],"curies":[{"name":"wp","href":"https:\/\/api.w.org\/{rel}","templated":true}]}}