{"id":3555,"date":"2025-08-25T10:27:39","date_gmt":"2025-08-25T10:27:39","guid":{"rendered":"https:\/\/www.brikaelektrik.al\/?post_type=product&#038;p=3555"},"modified":"2026-02-19T12:51:30","modified_gmt":"2026-02-19T12:51:30","slug":"cover-prize-satelitore-e-zeze","status":"publish","type":"product","link":"https:\/\/www.brikaelektrik.al\/al\/produkt\/cover-prize-satelitore-e-zeze\/","title":{"rendered":"COVER PRIZ\u00cb SATELITORE E ZEZ\u00cb"},"content":{"rendered":"<p><strong data-start=\"194\" data-end=\"203\">Seria<\/strong>: Living Now BTicino<br data-start=\"223\" data-end=\"226\" \/><strong data-start=\"226\" data-end=\"235\" data-is-only-node=\"\">Lloji<\/strong>: Mbules\u00eb p\u00ebr priz\u00eb TV\u2011SAT 1 module<br data-start=\"270\" data-end=\"273\" \/><strong data-start=\"273\" data-end=\"286\">P\u00ebrdorimi<\/strong>: P\u00ebrdoret p\u00ebr t\u00eb mbuluar priz\u00ebn TV\u2011SAT (artikull K4214D) t\u00eb montuar n\u00eb instalimet Living Now duke ofruar p\u00ebrfundim estetik dhe t\u00eb p\u00ebrputhsh\u00ebm me pajisjet e tjera t\u00eb seris\u00eb<br data-start=\"458\" data-end=\"461\" \/><strong data-start=\"461\" data-end=\"480\">P\u00ebrmasat totale<\/strong>: 22 mm gjer\u00ebsi \u00d7 86 mm lart\u00ebsi \u00d7 7 mm thell\u00ebsi<br data-start=\"527\" data-end=\"530\" \/><strong data-start=\"530\" data-end=\"543\">Materiali<\/strong>: Plastik\u00eb termoplastike pa halogjen sip\u00ebrfaqe mat pa trajtim t\u00eb sip\u00ebrfaqes pa trajtim antimikrobial<br data-start=\"643\" data-end=\"646\" \/><strong data-start=\"646\" data-end=\"656\">Ngjyra<\/strong>: E zez\u00eb\u00a0<br data-start=\"702\" data-end=\"705\" \/><strong data-start=\"705\" data-end=\"717\">Mbrojtja<\/strong>: IP20 (mbrojtje nga pluhuri dhe objektet e m\u00ebdha) IK04 (rezistenc\u00eb modeste ndaj goditjeve)<br data-start=\"808\" data-end=\"811\" \/><strong data-start=\"811\" data-end=\"834\">Temperatura e pun\u00ebs<\/strong>: \u20135\u202f\u00b0C deri +35\u202f\u00b0C<br data-start=\"853\" data-end=\"856\" \/><strong data-start=\"856\" data-end=\"885\">Temperatura e magazinimit<\/strong>: \u201310\u202f\u00b0C deri +70\u202f\u00b0C<br data-start=\"905\" data-end=\"908\" \/><strong data-start=\"908\" data-end=\"919\">Montimi<\/strong>: Montim me kapje (snap\u2011on) nuk k\u00ebrkon vid\u00eb apo mekaniz\u00ebm montimi t\u00eb komplikuar<br data-start=\"998\" data-end=\"1001\" \/><strong data-start=\"1001\" data-end=\"1011\">Moduli<\/strong>: 1<br data-start=\"1014\" data-end=\"1017\" \/><strong data-start=\"1017\" data-end=\"1027\">Modeli<\/strong>: Central cover plate<br data-start=\"1048\" data-end=\"1051\" \/><strong data-start=\"1051\" data-end=\"1074\">Materiali \/ cil\u00ebsia<\/strong>: Plastik\u00eb termoplastike<br data-start=\"1098\" data-end=\"1101\" \/><strong data-start=\"1101\" data-end=\"1111\">Lidhja<\/strong>: Me kapje (engage snap)<br data-start=\"1135\" data-end=\"1138\" \/><strong data-start=\"1138\" data-end=\"1155\">Halogjen free<\/strong>: Po<\/p>","protected":false},"excerpt":{"rendered":"<p>Seria: Living Now BTicinoLloji: Mbules\u00eb p\u00ebr priz\u00eb TV\u2011SAT 1 moduleP\u00ebrdorimi: P\u00ebrdoret p\u00ebr t\u00eb mbuluar priz\u00ebn TV\u2011SAT (artikull K4214D) t\u00eb montuar n\u00eb instalimet Living Now duke ofruar p\u00ebrfundim estetik dhe t\u00eb p\u00ebrputhsh\u00ebm me pajisjet e tjera t\u00eb seris\u00ebP\u00ebrmasat totale: 22 mm gjer\u00ebsi \u00d7 86 mm lart\u00ebsi \u00d7 7 mm thell\u00ebsiMateriali: Plastik\u00eb termoplastike pa halogjen sip\u00ebrfaqe mat [&hellip;]<\/p>","protected":false},"featured_media":3557,"comment_status":"open","ping_status":"closed","template":"","meta":{"_acf_changed":false},"product_brand":[],"product_cat":[40,64],"product_tag":[],"class_list":{"0":"post-3555","1":"product","2":"type-product","3":"status-publish","4":"has-post-thumbnail","6":"product_cat-serite-civile","7":"product_cat-living-now","9":"first","10":"instock","11":"shipping-taxable","12":"product-type-simple"},"acf":[],"_links":{"self":[{"href":"https:\/\/www.brikaelektrik.al\/al\/wp-json\/wp\/v2\/product\/3555","targetHints":{"allow":["GET"]}}],"collection":[{"href":"https:\/\/www.brikaelektrik.al\/al\/wp-json\/wp\/v2\/product"}],"about":[{"href":"https:\/\/www.brikaelektrik.al\/al\/wp-json\/wp\/v2\/types\/product"}],"replies":[{"embeddable":true,"href":"https:\/\/www.brikaelektrik.al\/al\/wp-json\/wp\/v2\/comments?post=3555"}],"wp:featuredmedia":[{"embeddable":true,"href":"https:\/\/www.brikaelektrik.al\/al\/wp-json\/wp\/v2\/media\/3557"}],"wp:attachment":[{"href":"https:\/\/www.brikaelektrik.al\/al\/wp-json\/wp\/v2\/media?parent=3555"}],"wp:term":[{"taxonomy":"product_brand","embeddable":true,"href":"https:\/\/www.brikaelektrik.al\/al\/wp-json\/wp\/v2\/product_brand?post=3555"},{"taxonomy":"product_cat","embeddable":true,"href":"https:\/\/www.brikaelektrik.al\/al\/wp-json\/wp\/v2\/product_cat?post=3555"},{"taxonomy":"product_tag","embeddable":true,"href":"https:\/\/www.brikaelektrik.al\/al\/wp-json\/wp\/v2\/product_tag?post=3555"}],"curies":[{"name":"wp","href":"https:\/\/api.w.org\/{rel}","templated":true}]}}