{"id":3558,"date":"2025-08-25T10:30:40","date_gmt":"2025-08-25T10:30:40","guid":{"rendered":"https:\/\/www.brikaelektrik.al\/?post_type=product&#038;p=3558"},"modified":"2025-09-15T07:52:21","modified_gmt":"2025-09-15T07:52:21","slug":"cover-prize-satelitore-sabbia","status":"publish","type":"product","link":"https:\/\/www.brikaelektrik.al\/al\/produkt\/cover-prize-satelitore-sabbia\/","title":{"rendered":"COVER PRIZ\u00cb SATELITORE SABBIA"},"content":{"rendered":"<p><strong data-start=\"208\" data-end=\"217\">Seria<\/strong>: Living Now BTicino<br data-start=\"237\" data-end=\"240\" \/><strong data-start=\"240\" data-end=\"249\" data-is-only-node=\"\">Lloji<\/strong>: Mbules\u00eb p\u00ebr priz\u00eb TV\u2011SAT 1 module<br data-start=\"284\" data-end=\"287\" \/><strong data-start=\"287\" data-end=\"300\">P\u00ebrdorimi<\/strong>: P\u00ebrdoret p\u00ebr t\u00eb mbuluar priz\u00ebn TV\u2011SAT (artikulli K4214D) t\u00eb montuar n\u00eb instalimet Living Now duke siguruar p\u00ebrfundim estetik dhe p\u00ebrputhshm\u00ebri me pajisjet e tjera t\u00eb seris\u00eb<br data-start=\"474\" data-end=\"477\" \/><strong data-start=\"477\" data-end=\"496\">P\u00ebrmasat totale<\/strong>: 22 mm gjer\u00ebsi \u00d7 86 mm lart\u00ebsi \u00d7 7 mm thell\u00ebsi<br data-start=\"543\" data-end=\"546\" \/><strong data-start=\"546\" data-end=\"559\">Materiali<\/strong>: Plastik\u00eb termoplastike pa halogjen sip\u00ebrfaqe mat pa trajtim t\u00eb sip\u00ebrfaqes pa trajtim antimikrobial<br data-start=\"659\" data-end=\"662\" \/><strong data-start=\"662\" data-end=\"672\">Ngjyra<\/strong>: Sabbia (sand)<br data-start=\"718\" data-end=\"721\" \/><strong data-start=\"721\" data-end=\"733\">Mbrojtja<\/strong>: IP20 (mbrojtje nga pluhuri dhe objektet e m\u00ebdha) IK04 (rezistenc\u00eb modeste ndaj goditjeve)<br data-start=\"824\" data-end=\"827\" \/><strong data-start=\"827\" data-end=\"850\">Temperatura e pun\u00ebs<\/strong>: \u20135\u202f\u00b0C deri +35\u202f\u00b0C<br data-start=\"869\" data-end=\"872\" \/><strong data-start=\"872\" data-end=\"901\">Temperatura e magazinimit<\/strong>: \u201310\u202f\u00b0C deri +70\u202f\u00b0C<br data-start=\"921\" data-end=\"924\" \/><strong data-start=\"924\" data-end=\"935\">Montimi<\/strong>: Montim me kapje (snap\u2011on) nuk k\u00ebrkon vid\u00eb apo mekaniz\u00ebm montimi t\u00eb komplikuar<br data-start=\"1014\" data-end=\"1017\" \/><strong data-start=\"1017\" data-end=\"1027\">Moduli<\/strong>: 1<br data-start=\"1030\" data-end=\"1033\" \/><strong data-start=\"1033\" data-end=\"1043\">Modeli<\/strong>: Central cover plate<br data-start=\"1064\" data-end=\"1067\" \/><strong data-start=\"1067\" data-end=\"1090\">Materiali \/ cil\u00ebsia<\/strong>: Plastik\u00eb termoplastike<br data-start=\"1114\" data-end=\"1117\" \/><strong data-start=\"1117\" data-end=\"1127\">Lidhja<\/strong>: Me kapje (engage snap)<br data-start=\"1151\" data-end=\"1154\" \/><strong data-start=\"1154\" data-end=\"1171\">Halogjen free<\/strong>: Po<\/p>","protected":false},"excerpt":{"rendered":"<p>Seria: Living Now BTicinoLloji: Mbules\u00eb p\u00ebr priz\u00eb TV\u2011SAT 1 moduleP\u00ebrdorimi: P\u00ebrdoret p\u00ebr t\u00eb mbuluar priz\u00ebn TV\u2011SAT (artikulli K4214D) t\u00eb montuar n\u00eb instalimet Living Now duke siguruar p\u00ebrfundim estetik dhe p\u00ebrputhshm\u00ebri me pajisjet e tjera t\u00eb seris\u00ebP\u00ebrmasat totale: 22 mm gjer\u00ebsi \u00d7 86 mm lart\u00ebsi \u00d7 7 mm thell\u00ebsiMateriali: Plastik\u00eb termoplastike pa halogjen sip\u00ebrfaqe mat pa [&hellip;]<\/p>","protected":false},"featured_media":3559,"comment_status":"open","ping_status":"closed","template":"","meta":{"_acf_changed":false},"product_brand":[],"product_cat":[40,64],"product_tag":[],"class_list":{"0":"post-3558","1":"product","2":"type-product","3":"status-publish","4":"has-post-thumbnail","6":"product_cat-serite-civile","7":"product_cat-living-now","9":"first","10":"instock","11":"shipping-taxable","12":"product-type-simple"},"acf":[],"_links":{"self":[{"href":"https:\/\/www.brikaelektrik.al\/al\/wp-json\/wp\/v2\/product\/3558","targetHints":{"allow":["GET"]}}],"collection":[{"href":"https:\/\/www.brikaelektrik.al\/al\/wp-json\/wp\/v2\/product"}],"about":[{"href":"https:\/\/www.brikaelektrik.al\/al\/wp-json\/wp\/v2\/types\/product"}],"replies":[{"embeddable":true,"href":"https:\/\/www.brikaelektrik.al\/al\/wp-json\/wp\/v2\/comments?post=3558"}],"wp:featuredmedia":[{"embeddable":true,"href":"https:\/\/www.brikaelektrik.al\/al\/wp-json\/wp\/v2\/media\/3559"}],"wp:attachment":[{"href":"https:\/\/www.brikaelektrik.al\/al\/wp-json\/wp\/v2\/media?parent=3558"}],"wp:term":[{"taxonomy":"product_brand","embeddable":true,"href":"https:\/\/www.brikaelektrik.al\/al\/wp-json\/wp\/v2\/product_brand?post=3558"},{"taxonomy":"product_cat","embeddable":true,"href":"https:\/\/www.brikaelektrik.al\/al\/wp-json\/wp\/v2\/product_cat?post=3558"},{"taxonomy":"product_tag","embeddable":true,"href":"https:\/\/www.brikaelektrik.al\/al\/wp-json\/wp\/v2\/product_tag?post=3558"}],"curies":[{"name":"wp","href":"https:\/\/api.w.org\/{rel}","templated":true}]}}