{"id":3564,"date":"2025-08-25T10:38:29","date_gmt":"2025-08-25T10:38:29","guid":{"rendered":"https:\/\/www.brikaelektrik.al\/?post_type=product&#038;p=3564"},"modified":"2025-08-25T10:38:29","modified_gmt":"2025-08-25T10:38:29","slug":"cover-prize-telefoni-interneti-prize-audio-e-zeze-rj11","status":"publish","type":"product","link":"https:\/\/www.brikaelektrik.al\/al\/produkt\/cover-prize-telefoni-interneti-prize-audio-e-zeze-rj11\/","title":{"rendered":"COVER PRIZ\u00cb TELEFONI+ INTERNETI + PRIZ\u00cb AUDIO E ZEZ\u00cb RJ11"},"content":{"rendered":"<p><strong data-start=\"207\" data-end=\"216\">Seria<\/strong>: Living Now BTicino<br data-start=\"236\" data-end=\"239\" \/><strong data-start=\"239\" data-end=\"248\">Lloji<\/strong>: Mbules\u00eb p\u00ebr lidh\u00ebs RJ \/ A\/V dhe llamb\u00eb sigurie 1 module<br data-start=\"305\" data-end=\"308\" data-is-only-node=\"\" \/><strong data-start=\"308\" data-end=\"321\">P\u00ebrdorimi<\/strong>: P\u00ebrdoret p\u00ebr t\u00eb mbuluar lidh\u00ebsit si RJ11, RJ45, konnektor\u00eb audio Home\u2011Cinema dhe drit\u00ebn e siguris\u00eb n\u00eb instalimet Living Now duke siguruar nj\u00eb p\u00ebrfundim estetik dhe t\u00eb p\u00ebrputhsh\u00ebm me pajisjet e tjera t\u00eb seris\u00eb<br data-start=\"531\" data-end=\"534\" \/><strong data-start=\"534\" data-end=\"553\">P\u00ebrmasat totale<\/strong>: 22.2 mm gjer\u00ebsi \u00d7 86 mm lart\u00ebsi \u00d7 7.1 mm thell\u00ebsi<br data-start=\"604\" data-end=\"607\" \/><strong data-start=\"607\" data-end=\"620\">Materiali<\/strong>: Plastik\u00eb termoplastike pa halogjen sip\u00ebrfaqe mat pa trajtim sip\u00ebrfaq\u00ebsor pa trajtim antimikrobial<br data-start=\"719\" data-end=\"722\" \/><strong data-start=\"722\" data-end=\"732\">Ngjyra<\/strong>: E zez\u00eb\u00a0<br data-start=\"778\" data-end=\"781\" \/><strong data-start=\"781\" data-end=\"793\">Mbrojtja<\/strong>: IP20 (mbrojtje nga pluhuri dhe objektet e m\u00ebdha) IK00 (pa mbrojtje nga goditjet)<br data-start=\"875\" data-end=\"878\" \/><strong data-start=\"878\" data-end=\"901\">Temperatura e pun\u00ebs<\/strong>: \u20135\u202f\u00b0C deri +50\u202f\u00b0C<br data-start=\"920\" data-end=\"923\" \/><strong data-start=\"923\" data-end=\"952\">Temperatura e magazinimit<\/strong>: \u201310\u202f\u00b0C deri +70\u202f\u00b0C<br data-start=\"972\" data-end=\"975\" \/><strong data-start=\"975\" data-end=\"986\">Montimi<\/strong>: Montim me kapje (snap\u2011on) pa vid\u00eb, i leht\u00eb p\u00ebr t&#8217;u vendosur n\u00eb m\u00ebnyr\u00eb flush<br data-start=\"1063\" data-end=\"1066\" \/><strong data-start=\"1066\" data-end=\"1076\">Moduli<\/strong>: 1<br data-start=\"1079\" data-end=\"1082\" \/><strong data-start=\"1082\" data-end=\"1092\">Modeli<\/strong>: Central cover plate<br data-start=\"1113\" data-end=\"1116\" \/><strong data-start=\"1116\" data-end=\"1139\">Materiali \/ cil\u00ebsia<\/strong>: Plastik\u00eb termoplastike<br data-start=\"1163\" data-end=\"1166\" \/><strong data-start=\"1166\" data-end=\"1176\">Lidhja<\/strong>: Engage (snap\u2011on)<br data-start=\"1194\" data-end=\"1197\" \/><strong data-start=\"1197\" data-end=\"1214\">Halogjen free<\/strong>: Po<\/p>","protected":false},"excerpt":{"rendered":"<p>Seria: Living Now BTicinoLloji: Mbules\u00eb p\u00ebr lidh\u00ebs RJ \/ A\/V dhe llamb\u00eb sigurie 1 moduleP\u00ebrdorimi: P\u00ebrdoret p\u00ebr t\u00eb mbuluar lidh\u00ebsit si RJ11, RJ45, konnektor\u00eb audio Home\u2011Cinema dhe drit\u00ebn e siguris\u00eb n\u00eb instalimet Living Now duke siguruar nj\u00eb p\u00ebrfundim estetik dhe t\u00eb p\u00ebrputhsh\u00ebm me pajisjet e tjera t\u00eb seris\u00ebP\u00ebrmasat totale: 22.2 mm gjer\u00ebsi \u00d7 86 mm [&hellip;]<\/p>","protected":false},"featured_media":3565,"comment_status":"open","ping_status":"closed","template":"","meta":{"_acf_changed":false},"product_brand":[],"product_cat":[40,64],"product_tag":[],"class_list":{"0":"post-3564","1":"product","2":"type-product","3":"status-publish","4":"has-post-thumbnail","6":"product_cat-serite-civile","7":"product_cat-living-now","9":"first","10":"instock","11":"shipping-taxable","12":"product-type-simple"},"acf":[],"_links":{"self":[{"href":"https:\/\/www.brikaelektrik.al\/al\/wp-json\/wp\/v2\/product\/3564","targetHints":{"allow":["GET"]}}],"collection":[{"href":"https:\/\/www.brikaelektrik.al\/al\/wp-json\/wp\/v2\/product"}],"about":[{"href":"https:\/\/www.brikaelektrik.al\/al\/wp-json\/wp\/v2\/types\/product"}],"replies":[{"embeddable":true,"href":"https:\/\/www.brikaelektrik.al\/al\/wp-json\/wp\/v2\/comments?post=3564"}],"wp:featuredmedia":[{"embeddable":true,"href":"https:\/\/www.brikaelektrik.al\/al\/wp-json\/wp\/v2\/media\/3565"}],"wp:attachment":[{"href":"https:\/\/www.brikaelektrik.al\/al\/wp-json\/wp\/v2\/media?parent=3564"}],"wp:term":[{"taxonomy":"product_brand","embeddable":true,"href":"https:\/\/www.brikaelektrik.al\/al\/wp-json\/wp\/v2\/product_brand?post=3564"},{"taxonomy":"product_cat","embeddable":true,"href":"https:\/\/www.brikaelektrik.al\/al\/wp-json\/wp\/v2\/product_cat?post=3564"},{"taxonomy":"product_tag","embeddable":true,"href":"https:\/\/www.brikaelektrik.al\/al\/wp-json\/wp\/v2\/product_tag?post=3564"}],"curies":[{"name":"wp","href":"https:\/\/api.w.org\/{rel}","templated":true}]}}