{"id":3566,"date":"2025-08-25T10:41:03","date_gmt":"2025-08-25T10:41:03","guid":{"rendered":"https:\/\/www.brikaelektrik.al\/?post_type=product&#038;p=3566"},"modified":"2025-08-25T10:41:03","modified_gmt":"2025-08-25T10:41:03","slug":"cover-prize-telefoni-interneti-prize-audio-sabbia-rj11","status":"publish","type":"product","link":"https:\/\/www.brikaelektrik.al\/al\/produkt\/cover-prize-telefoni-interneti-prize-audio-sabbia-rj11\/","title":{"rendered":"COVER PRIZ\u00cb TELEFONI + INTERNETI + PRIZ\u00cb AUDIO SABBIA RJ11"},"content":{"rendered":"<p><strong data-start=\"212\" data-end=\"221\">Seria<\/strong>: Living Now BTicino<br data-start=\"241\" data-end=\"244\" \/><strong data-start=\"244\" data-end=\"253\">Lloji<\/strong>: Mbules\u00eb p\u00ebr lidh\u00ebs RJ, A\/V dhe llamb\u00eb sigurie 1 module<br data-start=\"309\" data-end=\"312\" data-is-only-node=\"\" \/><strong data-start=\"312\" data-end=\"325\">P\u00ebrdorimi<\/strong>: P\u00ebrdoret p\u00ebr t\u00eb mbuluar lidh\u00ebsit p\u00ebr RJ11 \/ RJ45, konnektor\u00ebt audio Home Cinema dhe drit\u00ebn e siguris\u00eb n\u00eb instalimet Living Now duke siguruar p\u00ebrfundim estetik dhe p\u00ebrputhshm\u00ebri me pajisjet e tjera t\u00eb seris\u00eb<br data-start=\"533\" data-end=\"536\" \/><strong data-start=\"536\" data-end=\"555\">P\u00ebrmasat totale<\/strong>: 22.2 mm gjer\u00ebsi \u00d7 86 mm lart\u00ebsi \u00d7 7.1 mm thell\u00ebsi<br data-start=\"606\" data-end=\"609\" \/><strong data-start=\"609\" data-end=\"622\">Materiali<\/strong>: Plastik\u00eb termoplastike pa halogjen, sip\u00ebrfaqe mat pa trajtim sip\u00ebrfaq\u00ebsor, pa trajtim antimikrobial<br data-start=\"723\" data-end=\"726\" \/><strong data-start=\"726\" data-end=\"736\">Ngjyra<\/strong>: Sabria (sand)<br data-start=\"782\" data-end=\"785\" \/><strong data-start=\"785\" data-end=\"797\">Mbrojtja<\/strong>: IP20 (mbrojtje ndaj pluhurit dhe objekteve t\u00eb m\u00ebdha) IK00 (pa mbrojtje nga goditjet)<br data-start=\"883\" data-end=\"886\" \/><strong data-start=\"886\" data-end=\"909\">Temperatura e pun\u00ebs<\/strong>: \u20135 \u00b0C deri +50\u202f\u00b0C<br data-start=\"928\" data-end=\"931\" \/><strong data-start=\"931\" data-end=\"960\">Temperatura e magazinimit<\/strong>: \u201310 \u00b0C deri +70\u202f\u00b0C<br data-start=\"980\" data-end=\"983\" \/><strong data-start=\"983\" data-end=\"994\">Montimi<\/strong>: Montim me kapje (snap\u2011on) me sistem vet\u00eb\u2011centrues, i leht\u00eb p\u00ebr t\u2019u vendosur n\u00eb m\u00ebnyr\u00eb flush, nuk k\u00ebrkon vid\u00eb apo mekaniz\u00ebm montimi t\u00eb komplikuar<br data-start=\"1140\" data-end=\"1143\" \/><strong data-start=\"1143\" data-end=\"1153\">Moduli<\/strong>: 1<br data-start=\"1156\" data-end=\"1159\" \/><strong data-start=\"1159\" data-end=\"1169\">Modeli<\/strong>: Central cover plate<br data-start=\"1190\" data-end=\"1193\" \/><strong data-start=\"1193\" data-end=\"1216\">Materiali \/ cil\u00ebsia<\/strong>: Plastik\u00eb termoplastike<br data-start=\"1240\" data-end=\"1243\" \/><strong data-start=\"1243\" data-end=\"1253\">Lidhja<\/strong>: Me kapje (engage snap\u2011on)<br data-start=\"1280\" data-end=\"1283\" \/><strong data-start=\"1283\" data-end=\"1300\">Halogjen free<\/strong>: Po<\/p>","protected":false},"excerpt":{"rendered":"<p>Seria: Living Now BTicinoLloji: Mbules\u00eb p\u00ebr lidh\u00ebs RJ, A\/V dhe llamb\u00eb sigurie 1 moduleP\u00ebrdorimi: P\u00ebrdoret p\u00ebr t\u00eb mbuluar lidh\u00ebsit p\u00ebr RJ11 \/ RJ45, konnektor\u00ebt audio Home Cinema dhe drit\u00ebn e siguris\u00eb n\u00eb instalimet Living Now duke siguruar p\u00ebrfundim estetik dhe p\u00ebrputhshm\u00ebri me pajisjet e tjera t\u00eb seris\u00ebP\u00ebrmasat totale: 22.2 mm gjer\u00ebsi \u00d7 86 mm lart\u00ebsi [&hellip;]<\/p>","protected":false},"featured_media":3568,"comment_status":"open","ping_status":"closed","template":"","meta":{"_acf_changed":false},"product_brand":[],"product_cat":[40,64],"product_tag":[],"class_list":{"0":"post-3566","1":"product","2":"type-product","3":"status-publish","4":"has-post-thumbnail","6":"product_cat-serite-civile","7":"product_cat-living-now","9":"first","10":"instock","11":"shipping-taxable","12":"product-type-simple"},"acf":[],"_links":{"self":[{"href":"https:\/\/www.brikaelektrik.al\/al\/wp-json\/wp\/v2\/product\/3566","targetHints":{"allow":["GET"]}}],"collection":[{"href":"https:\/\/www.brikaelektrik.al\/al\/wp-json\/wp\/v2\/product"}],"about":[{"href":"https:\/\/www.brikaelektrik.al\/al\/wp-json\/wp\/v2\/types\/product"}],"replies":[{"embeddable":true,"href":"https:\/\/www.brikaelektrik.al\/al\/wp-json\/wp\/v2\/comments?post=3566"}],"wp:featuredmedia":[{"embeddable":true,"href":"https:\/\/www.brikaelektrik.al\/al\/wp-json\/wp\/v2\/media\/3568"}],"wp:attachment":[{"href":"https:\/\/www.brikaelektrik.al\/al\/wp-json\/wp\/v2\/media?parent=3566"}],"wp:term":[{"taxonomy":"product_brand","embeddable":true,"href":"https:\/\/www.brikaelektrik.al\/al\/wp-json\/wp\/v2\/product_brand?post=3566"},{"taxonomy":"product_cat","embeddable":true,"href":"https:\/\/www.brikaelektrik.al\/al\/wp-json\/wp\/v2\/product_cat?post=3566"},{"taxonomy":"product_tag","embeddable":true,"href":"https:\/\/www.brikaelektrik.al\/al\/wp-json\/wp\/v2\/product_tag?post=3566"}],"curies":[{"name":"wp","href":"https:\/\/api.w.org\/{rel}","templated":true}]}}