{"id":3567,"date":"2025-08-25T10:51:54","date_gmt":"2025-08-25T10:51:54","guid":{"rendered":"https:\/\/www.brikaelektrik.al\/?post_type=product&#038;p=3567"},"modified":"2025-08-26T12:05:24","modified_gmt":"2025-08-26T12:05:24","slug":"prize-shuko-bipasso","status":"publish","type":"product","link":"https:\/\/www.brikaelektrik.al\/al\/produkt\/prize-shuko-bipasso\/","title":{"rendered":"PRIZ\u00cb SHUKO BIPASSO"},"content":{"rendered":"<p data-start=\"153\" data-end=\"733\"><strong>Seria:<\/strong> Matix<br data-start=\"171\" data-end=\"174\" \/><strong>Lloji:<\/strong> Priz\u00eb bipasso 2P+T (standard italian dhe gjerman)<br data-start=\"260\" data-end=\"263\" \/><strong>Rryma nominale:<\/strong> 10\u201316 A<br \/>\n<strong>Tensioni nominal:<\/strong> 250V AC\u00a0<br data-start=\"331\" data-end=\"334\" \/><strong>Montimi:<\/strong> Mural incasso (i integruar n\u00eb mur), 2 module<br data-start=\"391\" data-end=\"394\" \/><strong>Ngjyra:<\/strong> E Bardh\u00eb\u00a0<br data-start=\"431\" data-end=\"434\" \/><strong>Mbrojtje:<\/strong> IP20 (e p\u00ebrshtatshme p\u00ebr p\u00ebrdorim t\u00eb brendsh\u00ebm)<br data-start=\"495\" data-end=\"498\" \/><strong>Materiali:<\/strong> Termoplastik pa halogjen<br data-start=\"707\" data-end=\"710\" \/>Standard prizash:<\/p>\n<ul data-start=\"734\" data-end=\"832\">\n<li data-start=\"734\" data-end=\"773\">\n<p data-start=\"736\" data-end=\"773\">Italian (2P 10A, 2P+T 10A, 2P+T 16A)<\/p>\n<\/li>\n<li data-start=\"734\" data-end=\"773\">\n<p data-start=\"736\" data-end=\"773\">Gjerman (10\/16A 250 Vac)<\/p>\n<\/li>\n<\/ul>\n<p data-start=\"834\" data-end=\"1190\"><strong>Lidhje elektrike:<\/strong> Me vid\u00eb (terminale t\u00eb fiksuara)<br \/>\n<strong>Tipi:<\/strong> Jo ndri\u00e7ues (pa indikator LED<\/p>","protected":false},"excerpt":{"rendered":"<p>Seria: MatixLloji: Priz\u00eb bipasso 2P+T (standard italian dhe gjerman)Rryma nominale: 10\u201316 A Tensioni nominal: 250V AC\u00a0Montimi: Mural incasso (i integruar n\u00eb mur), 2 moduleNgjyra: E Bardh\u00eb\u00a0Mbrojtje: IP20 (e p\u00ebrshtatshme p\u00ebr p\u00ebrdorim t\u00eb brendsh\u00ebm)Materiali: Termoplastik pa halogjenStandard prizash: Italian (2P 10A, 2P+T 10A, 2P+T 16A) Gjerman (10\/16A 250 Vac) Lidhje elektrike: Me vid\u00eb (terminale t\u00eb fiksuara) [&hellip;]<\/p>","protected":false},"featured_media":3569,"comment_status":"open","ping_status":"closed","template":"","meta":{"_acf_changed":false},"product_brand":[],"product_cat":[40,66],"product_tag":[],"class_list":{"0":"post-3567","1":"product","2":"type-product","3":"status-publish","4":"has-post-thumbnail","6":"product_cat-serite-civile","7":"product_cat-matix","9":"first","10":"instock","11":"shipping-taxable","12":"product-type-simple"},"acf":[],"_links":{"self":[{"href":"https:\/\/www.brikaelektrik.al\/al\/wp-json\/wp\/v2\/product\/3567","targetHints":{"allow":["GET"]}}],"collection":[{"href":"https:\/\/www.brikaelektrik.al\/al\/wp-json\/wp\/v2\/product"}],"about":[{"href":"https:\/\/www.brikaelektrik.al\/al\/wp-json\/wp\/v2\/types\/product"}],"replies":[{"embeddable":true,"href":"https:\/\/www.brikaelektrik.al\/al\/wp-json\/wp\/v2\/comments?post=3567"}],"wp:featuredmedia":[{"embeddable":true,"href":"https:\/\/www.brikaelektrik.al\/al\/wp-json\/wp\/v2\/media\/3569"}],"wp:attachment":[{"href":"https:\/\/www.brikaelektrik.al\/al\/wp-json\/wp\/v2\/media?parent=3567"}],"wp:term":[{"taxonomy":"product_brand","embeddable":true,"href":"https:\/\/www.brikaelektrik.al\/al\/wp-json\/wp\/v2\/product_brand?post=3567"},{"taxonomy":"product_cat","embeddable":true,"href":"https:\/\/www.brikaelektrik.al\/al\/wp-json\/wp\/v2\/product_cat?post=3567"},{"taxonomy":"product_tag","embeddable":true,"href":"https:\/\/www.brikaelektrik.al\/al\/wp-json\/wp\/v2\/product_tag?post=3567"}],"curies":[{"name":"wp","href":"https:\/\/api.w.org\/{rel}","templated":true}]}}