{"id":3570,"date":"2025-08-25T10:57:25","date_gmt":"2025-08-25T10:57:25","guid":{"rendered":"https:\/\/www.brikaelektrik.al\/?post_type=product&#038;p=3570"},"modified":"2025-08-25T10:57:25","modified_gmt":"2025-08-25T10:57:25","slug":"cover-prize-tv-e-bardhe","status":"publish","type":"product","link":"https:\/\/www.brikaelektrik.al\/al\/produkt\/cover-prize-tv-e-bardhe\/","title":{"rendered":"COVER PRIZ\u00cb TV E BARDH\u00cb"},"content":{"rendered":"<p><strong data-start=\"206\" data-end=\"215\">Seria<\/strong>: Living Now BTicino<br data-start=\"235\" data-end=\"238\" \/><strong data-start=\"238\" data-end=\"247\">Lloji<\/strong>: Mbules\u00eb p\u00ebr priz\u00eb TV dhe falso polo me dalje (TV + blanking outlet cover) 1 module<br data-start=\"331\" data-end=\"334\" data-is-only-node=\"\" \/><strong data-start=\"334\" data-end=\"347\">P\u00ebrdorimi<\/strong>: P\u00ebrdoret p\u00ebr t\u00eb mbuluar priz\u00ebn TV dhe falso polo me dalje n\u00eb instalimet Living Now p\u00ebr nj\u00eb p\u00ebrfundim estetik dhe t\u00eb p\u00ebrputhsh\u00ebm me pajisjet e tjera t\u00eb seris\u00eb<br data-start=\"506\" data-end=\"509\" \/><strong data-start=\"509\" data-end=\"528\">P\u00ebrmasat totale<\/strong>: 22 mm gjer\u00ebsi \u00d7 86 mm lart\u00ebsi \u00d7 7 mm thell\u00ebsi<br data-start=\"575\" data-end=\"578\" \/><strong data-start=\"578\" data-end=\"591\">Materiali<\/strong>: Plastik\u00eb termoplastike pa halogjen sip\u00ebrfaqe mat pa trajtim t\u00eb sip\u00ebrfaqes pa trajtim antimikrobial<br data-start=\"691\" data-end=\"694\" \/><strong data-start=\"694\" data-end=\"704\">Ngjyra<\/strong>: E bardh\u00eb<br data-start=\"752\" data-end=\"755\" \/><strong data-start=\"755\" data-end=\"767\">Mbrojtja<\/strong>: IP20 (mbrojtje nga pluhuri dhe objektet e m\u00ebdha) IK04 (rezistenc\u00eb e leht\u00eb ndaj goditjeve)<br data-start=\"858\" data-end=\"861\" \/><strong data-start=\"861\" data-end=\"884\">Temperatura e pun\u00ebs<\/strong>: \u20135\u202f\u00b0C deri +35\u202f\u00b0C<br data-start=\"903\" data-end=\"906\" \/><strong data-start=\"906\" data-end=\"935\">Temperatura e magazinimit<\/strong>: \u201310\u202f\u00b0C deri +70\u202f\u00b0C<br data-start=\"955\" data-end=\"958\" \/><strong data-start=\"958\" data-end=\"969\">Montimi<\/strong>: Montim flush\u2011mounted me kapje (snap\u2011on) pa vid\u00eb, proces i thjesht\u00eb dhe i shpejt\u00eb<br data-start=\"1051\" data-end=\"1054\" \/><strong data-start=\"1054\" data-end=\"1064\">Moduli<\/strong>: 1<br data-start=\"1067\" data-end=\"1070\" \/><strong data-start=\"1070\" data-end=\"1080\">Modeli<\/strong>: Central cover plate<br data-start=\"1101\" data-end=\"1104\" \/><strong data-start=\"1104\" data-end=\"1127\">Materiali \/ cil\u00ebsia<\/strong>: Plastik\u00eb termoplastike e q\u00ebndrueshme<br data-start=\"1165\" data-end=\"1168\" \/><strong data-start=\"1168\" data-end=\"1178\">Lidhja<\/strong>: Engage (snap\u2011on)<br data-start=\"1196\" data-end=\"1199\" \/><strong data-start=\"1199\" data-end=\"1216\">Halogjen free<\/strong>: Po<\/p>","protected":false},"excerpt":{"rendered":"<p>Seria: Living Now BTicinoLloji: Mbules\u00eb p\u00ebr priz\u00eb TV dhe falso polo me dalje (TV + blanking outlet cover) 1 moduleP\u00ebrdorimi: P\u00ebrdoret p\u00ebr t\u00eb mbuluar priz\u00ebn TV dhe falso polo me dalje n\u00eb instalimet Living Now p\u00ebr nj\u00eb p\u00ebrfundim estetik dhe t\u00eb p\u00ebrputhsh\u00ebm me pajisjet e tjera t\u00eb seris\u00ebP\u00ebrmasat totale: 22 mm gjer\u00ebsi \u00d7 86 mm [&hellip;]<\/p>","protected":false},"featured_media":3574,"comment_status":"open","ping_status":"closed","template":"","meta":{"_acf_changed":false},"product_brand":[],"product_cat":[40,64],"product_tag":[],"class_list":{"0":"post-3570","1":"product","2":"type-product","3":"status-publish","4":"has-post-thumbnail","6":"product_cat-serite-civile","7":"product_cat-living-now","9":"first","10":"instock","11":"shipping-taxable","12":"product-type-simple"},"acf":[],"_links":{"self":[{"href":"https:\/\/www.brikaelektrik.al\/al\/wp-json\/wp\/v2\/product\/3570","targetHints":{"allow":["GET"]}}],"collection":[{"href":"https:\/\/www.brikaelektrik.al\/al\/wp-json\/wp\/v2\/product"}],"about":[{"href":"https:\/\/www.brikaelektrik.al\/al\/wp-json\/wp\/v2\/types\/product"}],"replies":[{"embeddable":true,"href":"https:\/\/www.brikaelektrik.al\/al\/wp-json\/wp\/v2\/comments?post=3570"}],"wp:featuredmedia":[{"embeddable":true,"href":"https:\/\/www.brikaelektrik.al\/al\/wp-json\/wp\/v2\/media\/3574"}],"wp:attachment":[{"href":"https:\/\/www.brikaelektrik.al\/al\/wp-json\/wp\/v2\/media?parent=3570"}],"wp:term":[{"taxonomy":"product_brand","embeddable":true,"href":"https:\/\/www.brikaelektrik.al\/al\/wp-json\/wp\/v2\/product_brand?post=3570"},{"taxonomy":"product_cat","embeddable":true,"href":"https:\/\/www.brikaelektrik.al\/al\/wp-json\/wp\/v2\/product_cat?post=3570"},{"taxonomy":"product_tag","embeddable":true,"href":"https:\/\/www.brikaelektrik.al\/al\/wp-json\/wp\/v2\/product_tag?post=3570"}],"curies":[{"name":"wp","href":"https:\/\/api.w.org\/{rel}","templated":true}]}}