{"id":3575,"date":"2025-08-25T11:03:05","date_gmt":"2025-08-25T11:03:05","guid":{"rendered":"https:\/\/www.brikaelektrik.al\/?post_type=product&#038;p=3575"},"modified":"2025-08-25T11:03:05","modified_gmt":"2025-08-25T11:03:05","slug":"cover-prize-tv-e-zeze","status":"publish","type":"product","link":"https:\/\/www.brikaelektrik.al\/al\/produkt\/cover-prize-tv-e-zeze\/","title":{"rendered":"COVER PRIZ\u00cb TV E ZEZ\u00cb"},"content":{"rendered":"<p><strong data-start=\"292\" data-end=\"302\">Seria:<\/strong> Living Now BTicino<br data-start=\"338\" data-end=\"341\" \/><strong data-start=\"341\" data-end=\"351\">Lloji:<\/strong> Mbules\u00eb p\u00ebr priz\u00eb TV dhe falso polo me dalje (TV + blanking outlet cover) 1 module<br data-start=\"434\" data-end=\"437\" data-is-only-node=\"\" \/><strong data-start=\"437\" data-end=\"451\">P\u00ebrdorimi:<\/strong> P\u00ebrdoret p\u00ebr t\u00eb mbuluar priz\u00ebn TV dhe falso polo me dalje n\u00eb instalimet Living Now, duke siguruar nj\u00eb p\u00ebrfundim estetik dhe t\u00eb p\u00ebrputhsh\u00ebm me pajisjet e tjera t\u00eb seris\u00eb<br data-start=\"620\" data-end=\"623\" \/><strong data-start=\"623\" data-end=\"643\">P\u00ebrmasat totale:<\/strong> 22 mm gjer\u00ebsi \u00d7 86 mm lart\u00ebsi \u00d7 7 mm thell\u00ebsi<br data-start=\"689\" data-end=\"692\" \/><strong data-start=\"692\" data-end=\"706\">Materiali:<\/strong> Plastik\u00eb termoplastike pa halogjen, sip\u00ebrfaqe mat, pa trajtim t\u00eb sip\u00ebrfaqes dhe pa trajtim antimikrobial<br data-start=\"811\" data-end=\"814\" \/><strong data-start=\"814\" data-end=\"825\">Ngjyra:<\/strong> E bardh\u00eb<br data-start=\"834\" data-end=\"837\" \/><strong data-start=\"837\" data-end=\"850\">Mbrojtja:<\/strong> IP20 (mbrojtje nga pluhuri dhe objektet e m\u00ebdha), IK04 (rezistenc\u00eb e leht\u00eb ndaj goditjeve)<br data-start=\"941\" data-end=\"944\" \/><strong data-start=\"944\" data-end=\"968\">Temperatura e pun\u00ebs:<\/strong> \u20135 \u00b0C deri +35 \u00b0C<br data-start=\"986\" data-end=\"989\" \/><strong data-start=\"989\" data-end=\"1019\">Temperatura e magazinimit:<\/strong> \u201310 \u00b0C deri +70 \u00b0C<br data-start=\"1038\" data-end=\"1041\" \/><strong data-start=\"1041\" data-end=\"1053\">Montimi:<\/strong> Montim flush\u2011mounted me kapje (snap\u2011on) pa vid\u00eb, proces i thjesht\u00eb dhe i shpejt\u00eb<br data-start=\"1134\" data-end=\"1137\" \/><strong data-start=\"1137\" data-end=\"1148\">Moduli:<\/strong> 1<br data-start=\"1150\" data-end=\"1153\" \/><strong data-start=\"1153\" data-end=\"1164\">Modeli:<\/strong> Central cover plate<br data-start=\"1184\" data-end=\"1187\" \/><strong data-start=\"1187\" data-end=\"1211\">Materiali \/ cil\u00ebsia:<\/strong> Plastik\u00eb termoplastike e q\u00ebndrueshme<br data-start=\"1248\" data-end=\"1251\" \/><strong data-start=\"1251\" data-end=\"1262\">Lidhja:<\/strong> Engage (snap\u2011on)<br data-start=\"1279\" data-end=\"1282\" \/><strong data-start=\"1282\" data-end=\"1300\">Halogjen free:<\/strong> Po<\/p>","protected":false},"excerpt":{"rendered":"<p>Seria: Living Now BTicinoLloji: Mbules\u00eb p\u00ebr priz\u00eb TV dhe falso polo me dalje (TV + blanking outlet cover) 1 moduleP\u00ebrdorimi: P\u00ebrdoret p\u00ebr t\u00eb mbuluar priz\u00ebn TV dhe falso polo me dalje n\u00eb instalimet Living Now, duke siguruar nj\u00eb p\u00ebrfundim estetik dhe t\u00eb p\u00ebrputhsh\u00ebm me pajisjet e tjera t\u00eb seris\u00ebP\u00ebrmasat totale: 22 mm gjer\u00ebsi \u00d7 86 [&hellip;]<\/p>","protected":false},"featured_media":3576,"comment_status":"open","ping_status":"closed","template":"","meta":{"_acf_changed":false},"product_brand":[],"product_cat":[40,64],"product_tag":[],"class_list":{"0":"post-3575","1":"product","2":"type-product","3":"status-publish","4":"has-post-thumbnail","6":"product_cat-serite-civile","7":"product_cat-living-now","9":"first","10":"instock","11":"shipping-taxable","12":"product-type-simple"},"acf":[],"_links":{"self":[{"href":"https:\/\/www.brikaelektrik.al\/al\/wp-json\/wp\/v2\/product\/3575","targetHints":{"allow":["GET"]}}],"collection":[{"href":"https:\/\/www.brikaelektrik.al\/al\/wp-json\/wp\/v2\/product"}],"about":[{"href":"https:\/\/www.brikaelektrik.al\/al\/wp-json\/wp\/v2\/types\/product"}],"replies":[{"embeddable":true,"href":"https:\/\/www.brikaelektrik.al\/al\/wp-json\/wp\/v2\/comments?post=3575"}],"wp:featuredmedia":[{"embeddable":true,"href":"https:\/\/www.brikaelektrik.al\/al\/wp-json\/wp\/v2\/media\/3576"}],"wp:attachment":[{"href":"https:\/\/www.brikaelektrik.al\/al\/wp-json\/wp\/v2\/media?parent=3575"}],"wp:term":[{"taxonomy":"product_brand","embeddable":true,"href":"https:\/\/www.brikaelektrik.al\/al\/wp-json\/wp\/v2\/product_brand?post=3575"},{"taxonomy":"product_cat","embeddable":true,"href":"https:\/\/www.brikaelektrik.al\/al\/wp-json\/wp\/v2\/product_cat?post=3575"},{"taxonomy":"product_tag","embeddable":true,"href":"https:\/\/www.brikaelektrik.al\/al\/wp-json\/wp\/v2\/product_tag?post=3575"}],"curies":[{"name":"wp","href":"https:\/\/api.w.org\/{rel}","templated":true}]}}