{"id":3577,"date":"2025-08-25T11:06:37","date_gmt":"2025-08-25T11:06:37","guid":{"rendered":"https:\/\/www.brikaelektrik.al\/?post_type=product&#038;p=3577"},"modified":"2025-08-25T11:06:37","modified_gmt":"2025-08-25T11:06:37","slug":"cover-prize-tv-sabbia","status":"publish","type":"product","link":"https:\/\/www.brikaelektrik.al\/al\/produkt\/cover-prize-tv-sabbia\/","title":{"rendered":"COVER PRIZ\u00cb TV SABBIA"},"content":{"rendered":"<p><strong data-start=\"297\" data-end=\"307\">Seria:<\/strong> Living Now BTicino<br data-start=\"326\" data-end=\"329\" \/><strong data-start=\"346\" data-end=\"356\">Lloji:<\/strong> Mbules\u00eb p\u00ebr priz\u00eb TV dhe falso polo me dalje (TV + blanking outlet cover) 1 module<br data-start=\"439\" data-end=\"442\" data-is-only-node=\"\" \/><strong data-start=\"442\" data-end=\"456\">P\u00ebrdorimi:<\/strong> P\u00ebrdoret p\u00ebr t\u00eb mbuluar priz\u00ebn TV dhe falso polo me dalje n\u00eb instalimet Living Now, duke siguruar nj\u00eb p\u00ebrfundim estetik dhe t\u00eb p\u00ebrputhsh\u00ebm me pajisjet e tjera t\u00eb seris\u00eb<br data-start=\"625\" data-end=\"628\" \/><strong data-start=\"628\" data-end=\"648\">P\u00ebrmasat totale:<\/strong> 22 mm gjer\u00ebsi \u00d7 86 mm lart\u00ebsi \u00d7 7 mm thell\u00ebsi<br data-start=\"694\" data-end=\"697\" \/><strong data-start=\"697\" data-end=\"711\">Materiali:<\/strong> Plastik\u00eb termoplastike pa halogjen, sip\u00ebrfaqe mat, pa trajtim t\u00eb sip\u00ebrfaqes dhe pa trajtim antimikrobial<br data-start=\"816\" data-end=\"819\" \/><strong data-start=\"819\" data-end=\"830\">Ngjyra:<\/strong> E bardh\u00eb (sand)<br data-start=\"846\" data-end=\"849\" \/><strong data-start=\"849\" data-end=\"862\">Mbrojtja:<\/strong> IP20 (mbrojtje nga pluhuri dhe objektet e m\u00ebdha), IK04 (rezistenc\u00eb e leht\u00eb ndaj goditjeve)<br data-start=\"953\" data-end=\"956\" \/><strong data-start=\"956\" data-end=\"980\">Temperatura e pun\u00ebs:<\/strong> \u20135 \u00b0C deri +35 \u00b0C<br data-start=\"998\" data-end=\"1001\" \/><strong data-start=\"1001\" data-end=\"1031\">Temperatura e magazinimit:<\/strong> \u201310 \u00b0C deri +70 \u00b0C<br data-start=\"1050\" data-end=\"1053\" \/><strong data-start=\"1053\" data-end=\"1065\">Montimi:<\/strong> Montim flush\u2011mounted me kapje (snap\u2011on) pa vid\u00eb, proces i thjesht\u00eb dhe i shpejt\u00eb<br data-start=\"1146\" data-end=\"1149\" \/><strong data-start=\"1149\" data-end=\"1160\">Moduli:<\/strong> 1<br data-start=\"1162\" data-end=\"1165\" \/><strong data-start=\"1165\" data-end=\"1176\">Modeli:<\/strong> Central cover plate<br data-start=\"1196\" data-end=\"1199\" \/><strong data-start=\"1199\" data-end=\"1223\">Materiali \/ cil\u00ebsia:<\/strong> Plastik\u00eb termoplastike e q\u00ebndrueshme<br data-start=\"1260\" data-end=\"1263\" \/><strong data-start=\"1263\" data-end=\"1274\">Lidhja:<\/strong> Engage (snap\u2011on)<br data-start=\"1291\" data-end=\"1294\" \/><strong data-start=\"1294\" data-end=\"1312\">Halogjen free:<\/strong> Po<\/p>","protected":false},"excerpt":{"rendered":"<p>Seria: Living Now BTicinoLloji: Mbules\u00eb p\u00ebr priz\u00eb TV dhe falso polo me dalje (TV + blanking outlet cover) 1 moduleP\u00ebrdorimi: P\u00ebrdoret p\u00ebr t\u00eb mbuluar priz\u00ebn TV dhe falso polo me dalje n\u00eb instalimet Living Now, duke siguruar nj\u00eb p\u00ebrfundim estetik dhe t\u00eb p\u00ebrputhsh\u00ebm me pajisjet e tjera t\u00eb seris\u00ebP\u00ebrmasat totale: 22 mm gjer\u00ebsi \u00d7 86 [&hellip;]<\/p>","protected":false},"featured_media":3578,"comment_status":"open","ping_status":"closed","template":"","meta":{"_acf_changed":false},"product_brand":[],"product_cat":[40,64],"product_tag":[],"class_list":{"0":"post-3577","1":"product","2":"type-product","3":"status-publish","4":"has-post-thumbnail","6":"product_cat-serite-civile","7":"product_cat-living-now","9":"first","10":"instock","11":"shipping-taxable","12":"product-type-simple"},"acf":[],"_links":{"self":[{"href":"https:\/\/www.brikaelektrik.al\/al\/wp-json\/wp\/v2\/product\/3577","targetHints":{"allow":["GET"]}}],"collection":[{"href":"https:\/\/www.brikaelektrik.al\/al\/wp-json\/wp\/v2\/product"}],"about":[{"href":"https:\/\/www.brikaelektrik.al\/al\/wp-json\/wp\/v2\/types\/product"}],"replies":[{"embeddable":true,"href":"https:\/\/www.brikaelektrik.al\/al\/wp-json\/wp\/v2\/comments?post=3577"}],"wp:featuredmedia":[{"embeddable":true,"href":"https:\/\/www.brikaelektrik.al\/al\/wp-json\/wp\/v2\/media\/3578"}],"wp:attachment":[{"href":"https:\/\/www.brikaelektrik.al\/al\/wp-json\/wp\/v2\/media?parent=3577"}],"wp:term":[{"taxonomy":"product_brand","embeddable":true,"href":"https:\/\/www.brikaelektrik.al\/al\/wp-json\/wp\/v2\/product_brand?post=3577"},{"taxonomy":"product_cat","embeddable":true,"href":"https:\/\/www.brikaelektrik.al\/al\/wp-json\/wp\/v2\/product_cat?post=3577"},{"taxonomy":"product_tag","embeddable":true,"href":"https:\/\/www.brikaelektrik.al\/al\/wp-json\/wp\/v2\/product_tag?post=3577"}],"curies":[{"name":"wp","href":"https:\/\/api.w.org\/{rel}","templated":true}]}}