{"id":3579,"date":"2025-08-25T11:14:47","date_gmt":"2025-08-25T11:14:47","guid":{"rendered":"https:\/\/www.brikaelektrik.al\/?post_type=product&#038;p=3579"},"modified":"2025-08-25T11:15:39","modified_gmt":"2025-08-25T11:15:39","slug":"cover-prize-usb-e-bardhe","status":"publish","type":"product","link":"https:\/\/www.brikaelektrik.al\/al\/produkt\/cover-prize-usb-e-bardhe\/","title":{"rendered":"COVER PRIZE USB E BARDH\u00cb"},"content":{"rendered":"<p><strong data-start=\"286\" data-end=\"296\">Seria:<\/strong> Living Now BTicino<br data-start=\"333\" data-end=\"336\" \/><strong data-start=\"336\" data-end=\"346\">Lloji:<\/strong> Mbules\u00eb p\u00ebr priz\u00eb USB 1 module<br data-start=\"377\" data-end=\"380\" \/><strong data-start=\"380\" data-end=\"394\" data-is-only-node=\"\">P\u00ebrdorimi:<\/strong> P\u00ebrdoret p\u00ebr t\u00eb mbuluar priz\u00ebn USB n\u00eb instalimet Living Now, duke siguruar nj\u00eb p\u00ebrfundim estetik dhe t\u00eb p\u00ebrputhsh\u00ebm me pajisjet e tjera t\u00eb seris\u00eb<br data-start=\"540\" data-end=\"543\" \/><strong data-start=\"543\" data-end=\"563\">P\u00ebrmasat totale:<\/strong> 22 mm gjer\u00ebsi \u00d7 86 mm lart\u00ebsi \u00d7 7 mm thell\u00ebsi<br data-start=\"609\" data-end=\"612\" \/><strong data-start=\"612\" data-end=\"626\">Materiali:<\/strong> Plastik\u00eb termoplastike pa halogjen, sip\u00ebrfaqe mat, pa trajtim t\u00eb sip\u00ebrfaqes dhe pa trajtim antimikrobial<br data-start=\"731\" data-end=\"734\" \/><strong data-start=\"734\" data-end=\"745\">Ngjyra:<\/strong> E bardh\u00eb\u00a0<br data-start=\"765\" data-end=\"768\" \/><strong data-start=\"768\" data-end=\"781\">Mbrojtja:<\/strong> IP20 (mbrojtje nga pluhuri dhe objektet e m\u00ebdha), IK00 (pa rezistenc\u00eb ndaj goditjeve)<br data-start=\"867\" data-end=\"870\" \/><strong data-start=\"870\" data-end=\"894\">Temperatura e pun\u00ebs:<\/strong> \u20135 \u00b0C deri +50 \u00b0C<br data-start=\"912\" data-end=\"915\" \/><strong data-start=\"915\" data-end=\"945\">Temperatura e magazinimit:<\/strong> \u201310 \u00b0C deri +70 \u00b0C<br data-start=\"964\" data-end=\"967\" \/><strong data-start=\"967\" data-end=\"979\">Montimi:<\/strong> Montim flush\u2011mounted me kapje (snap\u2011on) pa vid\u00eb, proces i thjesht\u00eb dhe i shpejt\u00eb<br data-start=\"1060\" data-end=\"1063\" \/><strong data-start=\"1063\" data-end=\"1074\">Moduli:<\/strong> 1<br data-start=\"1076\" data-end=\"1079\" \/><strong data-start=\"1079\" data-end=\"1090\">Modeli:<\/strong> Central cover plate<br data-start=\"1110\" data-end=\"1113\" \/><strong data-start=\"1113\" data-end=\"1137\">Materiali \/ cil\u00ebsia:<\/strong> Plastik\u00eb termoplastike e q\u00ebndrueshme<br data-start=\"1174\" data-end=\"1177\" \/><strong data-start=\"1177\" data-end=\"1188\">Lidhja:<\/strong> Engage (snap\u2011on)<br data-start=\"1205\" data-end=\"1208\" \/><strong data-start=\"1208\" data-end=\"1226\">Halogjen free:<\/strong> Po<\/p>","protected":false},"excerpt":{"rendered":"<p>Seria: Living Now BTicinoLloji: Mbules\u00eb p\u00ebr priz\u00eb USB 1 moduleP\u00ebrdorimi: P\u00ebrdoret p\u00ebr t\u00eb mbuluar priz\u00ebn USB n\u00eb instalimet Living Now, duke siguruar nj\u00eb p\u00ebrfundim estetik dhe t\u00eb p\u00ebrputhsh\u00ebm me pajisjet e tjera t\u00eb seris\u00ebP\u00ebrmasat totale: 22 mm gjer\u00ebsi \u00d7 86 mm lart\u00ebsi \u00d7 7 mm thell\u00ebsiMateriali: Plastik\u00eb termoplastike pa halogjen, sip\u00ebrfaqe mat, pa trajtim t\u00eb [&hellip;]<\/p>","protected":false},"featured_media":3580,"comment_status":"open","ping_status":"closed","template":"","meta":{"_acf_changed":false},"product_brand":[],"product_cat":[40,64],"product_tag":[],"class_list":{"0":"post-3579","1":"product","2":"type-product","3":"status-publish","4":"has-post-thumbnail","6":"product_cat-serite-civile","7":"product_cat-living-now","9":"first","10":"instock","11":"shipping-taxable","12":"product-type-simple"},"acf":[],"_links":{"self":[{"href":"https:\/\/www.brikaelektrik.al\/al\/wp-json\/wp\/v2\/product\/3579","targetHints":{"allow":["GET"]}}],"collection":[{"href":"https:\/\/www.brikaelektrik.al\/al\/wp-json\/wp\/v2\/product"}],"about":[{"href":"https:\/\/www.brikaelektrik.al\/al\/wp-json\/wp\/v2\/types\/product"}],"replies":[{"embeddable":true,"href":"https:\/\/www.brikaelektrik.al\/al\/wp-json\/wp\/v2\/comments?post=3579"}],"wp:featuredmedia":[{"embeddable":true,"href":"https:\/\/www.brikaelektrik.al\/al\/wp-json\/wp\/v2\/media\/3580"}],"wp:attachment":[{"href":"https:\/\/www.brikaelektrik.al\/al\/wp-json\/wp\/v2\/media?parent=3579"}],"wp:term":[{"taxonomy":"product_brand","embeddable":true,"href":"https:\/\/www.brikaelektrik.al\/al\/wp-json\/wp\/v2\/product_brand?post=3579"},{"taxonomy":"product_cat","embeddable":true,"href":"https:\/\/www.brikaelektrik.al\/al\/wp-json\/wp\/v2\/product_cat?post=3579"},{"taxonomy":"product_tag","embeddable":true,"href":"https:\/\/www.brikaelektrik.al\/al\/wp-json\/wp\/v2\/product_tag?post=3579"}],"curies":[{"name":"wp","href":"https:\/\/api.w.org\/{rel}","templated":true}]}}