{"id":3582,"date":"2025-08-25T11:27:47","date_gmt":"2025-08-25T11:27:47","guid":{"rendered":"https:\/\/www.brikaelektrik.al\/?post_type=product&#038;p=3582"},"modified":"2025-08-25T11:27:47","modified_gmt":"2025-08-25T11:27:47","slug":"cover-prize-usb-e-zeze","status":"publish","type":"product","link":"https:\/\/www.brikaelektrik.al\/al\/produkt\/cover-prize-usb-e-zeze\/","title":{"rendered":"COVER PRIZ\u00cb USB E ZEZ\u00cb"},"content":{"rendered":"<p><strong data-start=\"208\" data-end=\"217\">Seria<\/strong>: Living Now BTicino<br data-start=\"237\" data-end=\"240\" \/><strong data-start=\"240\" data-end=\"249\">Lloji<\/strong>: Mbules\u00eb p\u00ebr karikues USB, 1 module (cover USB charger)<br data-start=\"305\" data-end=\"308\" data-is-only-node=\"\" \/><strong data-start=\"308\" data-end=\"321\">P\u00ebrdorimi<\/strong>: P\u00ebrdoret p\u00ebr t\u00eb mbuluar karikuesit USB t\u00eb montuar n\u00eb instalimet Living Now, duke ofruar p\u00ebrfundim estetik dhe t\u00eb p\u00ebrputhsh\u00ebm me pajisjet e tjera t\u00eb seris\u00eb<br data-start=\"477\" data-end=\"480\" \/><strong data-start=\"480\" data-end=\"499\">P\u00ebrmasat totale<\/strong>: 22 mm gjer\u00ebsi \u00d7 86 mm lart\u00ebsi \u00d7 7 mm thell\u00ebsi<br data-start=\"546\" data-end=\"549\" \/><strong data-start=\"549\" data-end=\"562\">Materiali<\/strong>: Plastik\u00eb termoplastike pa halogjen, sip\u00ebrfaqe mat, pa trajtim t\u00eb sip\u00ebrfaqes, pa trajtim antimikrobial<br data-start=\"665\" data-end=\"668\" \/><strong data-start=\"668\" data-end=\"678\">Ngjyra<\/strong>: E zez\u00eb (ngjyr\u00eb shum\u00eb e ngjashme me RAL 7015)<br data-start=\"724\" data-end=\"727\" \/><strong data-start=\"727\" data-end=\"739\">Mbrojtja<\/strong>: IP20 (mbrojtje nga pluhuri dhe objekte t\u00eb m\u00ebdha), IK00 (pa mbrojtje nga goditjet)<br data-start=\"822\" data-end=\"825\" \/><strong data-start=\"825\" data-end=\"848\">Temperatura e pun\u00ebs<\/strong>: \u20135\u202f\u00b0C deri +50\u202f\u00b0C<br data-start=\"867\" data-end=\"870\" \/><strong data-start=\"870\" data-end=\"899\">Temperatura e magazinimit<\/strong>: \u201310\u202f\u00b0C deri +70\u202f\u00b0C<br data-start=\"919\" data-end=\"922\" \/><strong data-start=\"922\" data-end=\"933\">Montimi<\/strong>: Montim me kapje (snap-on) \u2014 nuk k\u00ebrkon vid\u00eb apo mekaniz\u00ebm montimi t\u00eb komplikuar<br data-start=\"1014\" data-end=\"1017\" \/><strong data-start=\"1017\" data-end=\"1027\">Moduli<\/strong>: 1<br data-start=\"1030\" data-end=\"1033\" \/><strong data-start=\"1033\" data-end=\"1043\">Modeli<\/strong>: Central cover plate<br data-start=\"1064\" data-end=\"1067\" \/><strong data-start=\"1067\" data-end=\"1090\">Materiali \/ cil\u00ebsia<\/strong>: Plastik\u00eb termoplastike<br data-start=\"1114\" data-end=\"1117\" \/><strong data-start=\"1117\" data-end=\"1127\">Lidhja<\/strong>: Engage snap-on<br data-start=\"1143\" data-end=\"1146\" \/><strong data-start=\"1146\" data-end=\"1163\">Halogjen free<\/strong>: Po<\/p>","protected":false},"excerpt":{"rendered":"<p>Seria: Living Now BTicinoLloji: Mbules\u00eb p\u00ebr karikues USB, 1 module (cover USB charger)P\u00ebrdorimi: P\u00ebrdoret p\u00ebr t\u00eb mbuluar karikuesit USB t\u00eb montuar n\u00eb instalimet Living Now, duke ofruar p\u00ebrfundim estetik dhe t\u00eb p\u00ebrputhsh\u00ebm me pajisjet e tjera t\u00eb seris\u00ebP\u00ebrmasat totale: 22 mm gjer\u00ebsi \u00d7 86 mm lart\u00ebsi \u00d7 7 mm thell\u00ebsiMateriali: Plastik\u00eb termoplastike pa halogjen, sip\u00ebrfaqe [&hellip;]<\/p>","protected":false},"featured_media":3583,"comment_status":"open","ping_status":"closed","template":"","meta":{"_acf_changed":false},"product_brand":[],"product_cat":[40,64],"product_tag":[],"class_list":{"0":"post-3582","1":"product","2":"type-product","3":"status-publish","4":"has-post-thumbnail","6":"product_cat-serite-civile","7":"product_cat-living-now","9":"first","10":"instock","11":"shipping-taxable","12":"product-type-simple"},"acf":[],"_links":{"self":[{"href":"https:\/\/www.brikaelektrik.al\/al\/wp-json\/wp\/v2\/product\/3582","targetHints":{"allow":["GET"]}}],"collection":[{"href":"https:\/\/www.brikaelektrik.al\/al\/wp-json\/wp\/v2\/product"}],"about":[{"href":"https:\/\/www.brikaelektrik.al\/al\/wp-json\/wp\/v2\/types\/product"}],"replies":[{"embeddable":true,"href":"https:\/\/www.brikaelektrik.al\/al\/wp-json\/wp\/v2\/comments?post=3582"}],"wp:featuredmedia":[{"embeddable":true,"href":"https:\/\/www.brikaelektrik.al\/al\/wp-json\/wp\/v2\/media\/3583"}],"wp:attachment":[{"href":"https:\/\/www.brikaelektrik.al\/al\/wp-json\/wp\/v2\/media?parent=3582"}],"wp:term":[{"taxonomy":"product_brand","embeddable":true,"href":"https:\/\/www.brikaelektrik.al\/al\/wp-json\/wp\/v2\/product_brand?post=3582"},{"taxonomy":"product_cat","embeddable":true,"href":"https:\/\/www.brikaelektrik.al\/al\/wp-json\/wp\/v2\/product_cat?post=3582"},{"taxonomy":"product_tag","embeddable":true,"href":"https:\/\/www.brikaelektrik.al\/al\/wp-json\/wp\/v2\/product_tag?post=3582"}],"curies":[{"name":"wp","href":"https:\/\/api.w.org\/{rel}","templated":true}]}}