{"id":3584,"date":"2025-08-25T11:29:23","date_gmt":"2025-08-25T11:29:23","guid":{"rendered":"https:\/\/www.brikaelektrik.al\/?post_type=product&#038;p=3584"},"modified":"2025-08-25T11:29:23","modified_gmt":"2025-08-25T11:29:23","slug":"cover-prize-usb-sabbia","status":"publish","type":"product","link":"https:\/\/www.brikaelektrik.al\/al\/produkt\/cover-prize-usb-sabbia\/","title":{"rendered":"COVER PRIZE USB SABBIA"},"content":{"rendered":"<p><strong data-start=\"208\" data-end=\"217\" data-is-only-node=\"\">Seria<\/strong>: Living Now BTicino<br data-start=\"237\" data-end=\"240\" \/><strong data-start=\"240\" data-end=\"249\">Lloji<\/strong>: Mbules\u00eb p\u00ebr karikues USB, 1 module (cover USB charger)<br data-start=\"305\" data-end=\"308\" \/><strong data-start=\"308\" data-end=\"321\">P\u00ebrdorimi<\/strong>: P\u00ebrdoret p\u00ebr t\u00eb mbuluar karikuesit USB t\u00eb montuar n\u00eb instalimet Living Now, duke ofruar p\u00ebrfundim estetik dhe t\u00eb p\u00ebrputhsh\u00ebm me pajisjet e tjera t\u00eb seris\u00eb<br data-start=\"477\" data-end=\"480\" \/><strong data-start=\"480\" data-end=\"499\">P\u00ebrmasat totale<\/strong>: 22 mm gjer\u00ebsi \u00d7 86 mm lart\u00ebsi \u00d7 7 mm thell\u00ebsi<br data-start=\"546\" data-end=\"549\" \/><strong data-start=\"549\" data-end=\"562\">Materiali<\/strong>: Plastik\u00eb termoplastike pa halogjen, sip\u00ebrfaqe mat, pa trajtim t\u00eb sip\u00ebrfaqes, pa trajtim antimikrobial<br data-start=\"665\" data-end=\"668\" \/><strong data-start=\"668\" data-end=\"678\">Ngjyra<\/strong>: E bardh\u00eb (ngjyr\u00eb shum\u00eb e ngjashme me RAL 9003)<br data-start=\"726\" data-end=\"729\" \/><strong data-start=\"729\" data-end=\"741\">Mbrojtja<\/strong>: IP20 (mbrojtje nga pluhuri dhe objekte t\u00eb m\u00ebdha), IK00 (pa mbrojtje nga goditjet)<br data-start=\"824\" data-end=\"827\" \/><strong data-start=\"827\" data-end=\"850\">Temperatura e pun\u00ebs<\/strong>: \u20135\u202f\u00b0C deri +50\u202f\u00b0C<br data-start=\"869\" data-end=\"872\" \/><strong data-start=\"872\" data-end=\"901\">Temperatura e magazinimit<\/strong>: \u201310\u202f\u00b0C deri +70\u202f\u00b0C<br data-start=\"921\" data-end=\"924\" \/><strong data-start=\"924\" data-end=\"935\">Montimi<\/strong>: Montim me kapje (snap-on) \u2014 nuk k\u00ebrkon vid\u00eb apo mekaniz\u00ebm montimi t\u00eb komplikuar<br data-start=\"1016\" data-end=\"1019\" \/><strong data-start=\"1019\" data-end=\"1029\">Moduli<\/strong>: 1<br data-start=\"1032\" data-end=\"1035\" \/><strong data-start=\"1035\" data-end=\"1045\">Modeli<\/strong>: Central cover plate<br data-start=\"1066\" data-end=\"1069\" \/><strong data-start=\"1069\" data-end=\"1092\">Materiali \/ cil\u00ebsia<\/strong>: Plastik\u00eb termoplastike<br data-start=\"1116\" data-end=\"1119\" \/><strong data-start=\"1119\" data-end=\"1129\">Lidhja<\/strong>: Engage snap-on<br data-start=\"1145\" data-end=\"1148\" \/><strong data-start=\"1148\" data-end=\"1165\">Halogjen free<\/strong>: Po<\/p>","protected":false},"excerpt":{"rendered":"<p>Seria: Living Now BTicinoLloji: Mbules\u00eb p\u00ebr karikues USB, 1 module (cover USB charger)P\u00ebrdorimi: P\u00ebrdoret p\u00ebr t\u00eb mbuluar karikuesit USB t\u00eb montuar n\u00eb instalimet Living Now, duke ofruar p\u00ebrfundim estetik dhe t\u00eb p\u00ebrputhsh\u00ebm me pajisjet e tjera t\u00eb seris\u00ebP\u00ebrmasat totale: 22 mm gjer\u00ebsi \u00d7 86 mm lart\u00ebsi \u00d7 7 mm thell\u00ebsiMateriali: Plastik\u00eb termoplastike pa halogjen, sip\u00ebrfaqe [&hellip;]<\/p>","protected":false},"featured_media":3585,"comment_status":"open","ping_status":"closed","template":"","meta":{"_acf_changed":false},"product_brand":[],"product_cat":[40,64],"product_tag":[],"class_list":{"0":"post-3584","1":"product","2":"type-product","3":"status-publish","4":"has-post-thumbnail","6":"product_cat-serite-civile","7":"product_cat-living-now","9":"first","10":"instock","11":"shipping-taxable","12":"product-type-simple"},"acf":[],"_links":{"self":[{"href":"https:\/\/www.brikaelektrik.al\/al\/wp-json\/wp\/v2\/product\/3584","targetHints":{"allow":["GET"]}}],"collection":[{"href":"https:\/\/www.brikaelektrik.al\/al\/wp-json\/wp\/v2\/product"}],"about":[{"href":"https:\/\/www.brikaelektrik.al\/al\/wp-json\/wp\/v2\/types\/product"}],"replies":[{"embeddable":true,"href":"https:\/\/www.brikaelektrik.al\/al\/wp-json\/wp\/v2\/comments?post=3584"}],"wp:featuredmedia":[{"embeddable":true,"href":"https:\/\/www.brikaelektrik.al\/al\/wp-json\/wp\/v2\/media\/3585"}],"wp:attachment":[{"href":"https:\/\/www.brikaelektrik.al\/al\/wp-json\/wp\/v2\/media?parent=3584"}],"wp:term":[{"taxonomy":"product_brand","embeddable":true,"href":"https:\/\/www.brikaelektrik.al\/al\/wp-json\/wp\/v2\/product_brand?post=3584"},{"taxonomy":"product_cat","embeddable":true,"href":"https:\/\/www.brikaelektrik.al\/al\/wp-json\/wp\/v2\/product_cat?post=3584"},{"taxonomy":"product_tag","embeddable":true,"href":"https:\/\/www.brikaelektrik.al\/al\/wp-json\/wp\/v2\/product_tag?post=3584"}],"curies":[{"name":"wp","href":"https:\/\/api.w.org\/{rel}","templated":true}]}}