{"id":3589,"date":"2025-08-25T11:37:06","date_gmt":"2025-08-25T11:37:06","guid":{"rendered":"https:\/\/www.brikaelektrik.al\/?post_type=product&#038;p=3589"},"modified":"2025-08-25T11:37:06","modified_gmt":"2025-08-25T11:37:06","slug":"cover-prize-usb-tip-a-c-1-modul-e-zeze-15w","status":"publish","type":"product","link":"https:\/\/www.brikaelektrik.al\/al\/produkt\/cover-prize-usb-tip-a-c-1-modul-e-zeze-15w\/","title":{"rendered":"COVER PRIZ\u00cb USB TIP A\/C 1 MODUL E ZEZ\u00cb 15W"},"content":{"rendered":"<p><strong data-start=\"248\" data-end=\"257\">Seria<\/strong>: Living Now BTicino<br data-start=\"277\" data-end=\"280\" \/><strong data-start=\"280\" data-end=\"289\">Lloji<\/strong>: Mbules\u00eb p\u00ebr karikues USB, 1 module (cover USB charger)<br data-start=\"345\" data-end=\"348\" \/><strong data-start=\"348\" data-end=\"361\" data-is-only-node=\"\">P\u00ebrdorimi<\/strong>: P\u00ebrdoret p\u00ebr t\u00eb mbuluar karikuesit USB t\u00eb montuar n\u00eb instalimet Living Now, duke ofruar p\u00ebrfundim estetik dhe t\u00eb p\u00ebrputhsh\u00ebm me pajisjet e tjera t\u00eb seris\u00eb<br data-start=\"517\" data-end=\"520\" \/><strong data-start=\"520\" data-end=\"539\">P\u00ebrmasat totale<\/strong>: 22 mm gjer\u00ebsi \u00d7 86 mm lart\u00ebsi \u00d7 7 mm thell\u00ebsi<br data-start=\"586\" data-end=\"589\" \/><strong data-start=\"589\" data-end=\"602\">Materiali<\/strong>: Plastik\u00eb termoplastike pa halogjen, sip\u00ebrfaqe mat, pa trajtim t\u00eb sip\u00ebrfaqes, pa trajtim antimikrobial<br data-start=\"705\" data-end=\"708\" \/><strong data-start=\"708\" data-end=\"718\">Ngjyra<\/strong>: E zez\u00eb\u00a0<br data-start=\"764\" data-end=\"767\" \/><strong data-start=\"767\" data-end=\"779\">Mbrojtja<\/strong>: IP20 (mbrojtje nga pluhuri dhe objekte t\u00eb m\u00ebdha), IK00 (pa mbrojtje nga goditjet)<br data-start=\"862\" data-end=\"865\" \/><strong data-start=\"865\" data-end=\"888\">Temperatura e pun\u00ebs<\/strong>: \u20135\u202f\u00b0C deri +35\u202f\u00b0C<br data-start=\"907\" data-end=\"910\" \/><strong data-start=\"910\" data-end=\"939\">Temperatura e magazinimit<\/strong>: \u201310\u202f\u00b0C deri +70\u202f\u00b0C<br data-start=\"959\" data-end=\"962\" \/><strong data-start=\"962\" data-end=\"973\">Montimi<\/strong>: Montim me kapje (snap-on) \u2014 nuk k\u00ebrkon vid\u00eb apo mekaniz\u00ebm montimi t\u00eb komplikuar<br data-start=\"1054\" data-end=\"1057\" \/><strong data-start=\"1057\" data-end=\"1067\">Moduli<\/strong>: 1<br data-start=\"1070\" data-end=\"1073\" \/><strong data-start=\"1073\" data-end=\"1083\">Modeli<\/strong>: Central cover plate<br data-start=\"1104\" data-end=\"1107\" \/><strong data-start=\"1107\" data-end=\"1130\">Materiali \/ cil\u00ebsia<\/strong>: Plastik\u00eb termoplastike<br data-start=\"1154\" data-end=\"1157\" \/><strong data-start=\"1157\" data-end=\"1167\">Lidhja<\/strong>: Engage snap-on<br data-start=\"1183\" data-end=\"1186\" \/><strong data-start=\"1186\" data-end=\"1203\">Halogjen free<\/strong>: Po<\/p>","protected":false},"excerpt":{"rendered":"<p>Seria: Living Now BTicinoLloji: Mbules\u00eb p\u00ebr karikues USB, 1 module (cover USB charger)P\u00ebrdorimi: P\u00ebrdoret p\u00ebr t\u00eb mbuluar karikuesit USB t\u00eb montuar n\u00eb instalimet Living Now, duke ofruar p\u00ebrfundim estetik dhe t\u00eb p\u00ebrputhsh\u00ebm me pajisjet e tjera t\u00eb seris\u00ebP\u00ebrmasat totale: 22 mm gjer\u00ebsi \u00d7 86 mm lart\u00ebsi \u00d7 7 mm thell\u00ebsiMateriali: Plastik\u00eb termoplastike pa halogjen, sip\u00ebrfaqe [&hellip;]<\/p>","protected":false},"featured_media":3590,"comment_status":"open","ping_status":"closed","template":"","meta":{"_acf_changed":false},"product_brand":[],"product_cat":[40,64],"product_tag":[],"class_list":{"0":"post-3589","1":"product","2":"type-product","3":"status-publish","4":"has-post-thumbnail","6":"product_cat-serite-civile","7":"product_cat-living-now","9":"first","10":"instock","11":"shipping-taxable","12":"product-type-simple"},"acf":[],"_links":{"self":[{"href":"https:\/\/www.brikaelektrik.al\/al\/wp-json\/wp\/v2\/product\/3589","targetHints":{"allow":["GET"]}}],"collection":[{"href":"https:\/\/www.brikaelektrik.al\/al\/wp-json\/wp\/v2\/product"}],"about":[{"href":"https:\/\/www.brikaelektrik.al\/al\/wp-json\/wp\/v2\/types\/product"}],"replies":[{"embeddable":true,"href":"https:\/\/www.brikaelektrik.al\/al\/wp-json\/wp\/v2\/comments?post=3589"}],"wp:featuredmedia":[{"embeddable":true,"href":"https:\/\/www.brikaelektrik.al\/al\/wp-json\/wp\/v2\/media\/3590"}],"wp:attachment":[{"href":"https:\/\/www.brikaelektrik.al\/al\/wp-json\/wp\/v2\/media?parent=3589"}],"wp:term":[{"taxonomy":"product_brand","embeddable":true,"href":"https:\/\/www.brikaelektrik.al\/al\/wp-json\/wp\/v2\/product_brand?post=3589"},{"taxonomy":"product_cat","embeddable":true,"href":"https:\/\/www.brikaelektrik.al\/al\/wp-json\/wp\/v2\/product_cat?post=3589"},{"taxonomy":"product_tag","embeddable":true,"href":"https:\/\/www.brikaelektrik.al\/al\/wp-json\/wp\/v2\/product_tag?post=3589"}],"curies":[{"name":"wp","href":"https:\/\/api.w.org\/{rel}","templated":true}]}}