{"id":3594,"date":"2025-08-25T11:42:31","date_gmt":"2025-08-25T11:42:31","guid":{"rendered":"https:\/\/www.brikaelektrik.al\/?post_type=product&#038;p=3594"},"modified":"2025-08-25T11:42:31","modified_gmt":"2025-08-25T11:42:31","slug":"cover-pulsanti-qepeni-1m-i-bardhe","status":"publish","type":"product","link":"https:\/\/www.brikaelektrik.al\/al\/produkt\/cover-pulsanti-qepeni-1m-i-bardhe\/","title":{"rendered":"COVER PULSANTI QEPENI 1M I BARDH\u00cb"},"content":{"rendered":"<p><strong data-start=\"246\" data-end=\"255\">Seria<\/strong>: Living Now BTicino<br data-start=\"275\" data-end=\"278\" \/><strong data-start=\"278\" data-end=\"287\">Lloji<\/strong>: Mbules\u00eb p\u00ebr komandues rulotash, 1 modul (cover roller shutter control)<br data-start=\"359\" data-end=\"362\" \/><strong data-start=\"362\" data-end=\"375\" data-is-only-node=\"\">P\u00ebrdorimi<\/strong>: P\u00ebrdoret p\u00ebr t\u00eb mbuluar komanduesit e rulotave t\u00eb montuar n\u00eb instalimet Living Now, duke ofruar p\u00ebrfundim estetik dhe t\u00eb p\u00ebrputhsh\u00ebm me pajisjet e tjera t\u00eb seris\u00eb<br data-start=\"539\" data-end=\"542\" \/><strong data-start=\"542\" data-end=\"561\">P\u00ebrmasat totale<\/strong>: 22 mm gjer\u00ebsi \u00d7 86 mm lart\u00ebsi \u00d7 7 mm thell\u00ebsi<br data-start=\"608\" data-end=\"611\" \/><strong data-start=\"611\" data-end=\"624\">Materiali<\/strong>: Plastik\u00eb termoplastike pa halogjen, sip\u00ebrfaqe mat, pa trajtim t\u00eb sip\u00ebrfaqes, pa trajtim antimikrobial<br data-start=\"727\" data-end=\"730\" \/><strong data-start=\"730\" data-end=\"740\">Ngjyra<\/strong>: E bardh\u00eb\u00a0<br data-start=\"788\" data-end=\"791\" \/><strong data-start=\"791\" data-end=\"803\">Mbrojtja<\/strong>: IP20 (mbrojtje nga pluhuri dhe objekte t\u00eb m\u00ebdha), IK00 (pa mbrojtje nga goditjet)<br data-start=\"886\" data-end=\"889\" \/><strong data-start=\"889\" data-end=\"912\">Temperatura e pun\u00ebs<\/strong>: \u20135\u202f\u00b0C deri +50\u202f\u00b0C<br data-start=\"931\" data-end=\"934\" \/><strong data-start=\"934\" data-end=\"963\">Temperatura e magazinimit<\/strong>: \u201310\u202f\u00b0C deri +70\u202f\u00b0C<br data-start=\"983\" data-end=\"986\" \/><strong data-start=\"986\" data-end=\"997\">Montimi<\/strong>: Montim me kapje (snap-on) \u2014 nuk k\u00ebrkon vid\u00eb apo mekaniz\u00ebm montimi t\u00eb komplikuar<br data-start=\"1078\" data-end=\"1081\" \/><strong data-start=\"1081\" data-end=\"1091\">Moduli<\/strong>: 1<br data-start=\"1094\" data-end=\"1097\" \/><strong data-start=\"1097\" data-end=\"1107\">Modeli<\/strong>: Central cover plate<br data-start=\"1128\" data-end=\"1131\" \/><strong data-start=\"1131\" data-end=\"1154\">Materiali \/ cil\u00ebsia<\/strong>: Plastik\u00eb termoplastike<br data-start=\"1178\" data-end=\"1181\" \/><strong data-start=\"1181\" data-end=\"1191\">Lidhja<\/strong>: Engage snap-on<br data-start=\"1207\" data-end=\"1210\" \/><strong data-start=\"1210\" data-end=\"1227\">Halogjen free<\/strong>: Po<\/p>","protected":false},"excerpt":{"rendered":"<p>Seria: Living Now BTicinoLloji: Mbules\u00eb p\u00ebr komandues rulotash, 1 modul (cover roller shutter control)P\u00ebrdorimi: P\u00ebrdoret p\u00ebr t\u00eb mbuluar komanduesit e rulotave t\u00eb montuar n\u00eb instalimet Living Now, duke ofruar p\u00ebrfundim estetik dhe t\u00eb p\u00ebrputhsh\u00ebm me pajisjet e tjera t\u00eb seris\u00ebP\u00ebrmasat totale: 22 mm gjer\u00ebsi \u00d7 86 mm lart\u00ebsi \u00d7 7 mm thell\u00ebsiMateriali: Plastik\u00eb termoplastike pa [&hellip;]<\/p>","protected":false},"featured_media":3595,"comment_status":"open","ping_status":"closed","template":"","meta":{"_acf_changed":false},"product_brand":[],"product_cat":[40,64],"product_tag":[],"class_list":{"0":"post-3594","1":"product","2":"type-product","3":"status-publish","4":"has-post-thumbnail","6":"product_cat-serite-civile","7":"product_cat-living-now","9":"first","10":"instock","11":"shipping-taxable","12":"product-type-simple"},"acf":[],"_links":{"self":[{"href":"https:\/\/www.brikaelektrik.al\/al\/wp-json\/wp\/v2\/product\/3594","targetHints":{"allow":["GET"]}}],"collection":[{"href":"https:\/\/www.brikaelektrik.al\/al\/wp-json\/wp\/v2\/product"}],"about":[{"href":"https:\/\/www.brikaelektrik.al\/al\/wp-json\/wp\/v2\/types\/product"}],"replies":[{"embeddable":true,"href":"https:\/\/www.brikaelektrik.al\/al\/wp-json\/wp\/v2\/comments?post=3594"}],"wp:featuredmedia":[{"embeddable":true,"href":"https:\/\/www.brikaelektrik.al\/al\/wp-json\/wp\/v2\/media\/3595"}],"wp:attachment":[{"href":"https:\/\/www.brikaelektrik.al\/al\/wp-json\/wp\/v2\/media?parent=3594"}],"wp:term":[{"taxonomy":"product_brand","embeddable":true,"href":"https:\/\/www.brikaelektrik.al\/al\/wp-json\/wp\/v2\/product_brand?post=3594"},{"taxonomy":"product_cat","embeddable":true,"href":"https:\/\/www.brikaelektrik.al\/al\/wp-json\/wp\/v2\/product_cat?post=3594"},{"taxonomy":"product_tag","embeddable":true,"href":"https:\/\/www.brikaelektrik.al\/al\/wp-json\/wp\/v2\/product_tag?post=3594"}],"curies":[{"name":"wp","href":"https:\/\/api.w.org\/{rel}","templated":true}]}}