{"id":3596,"date":"2025-08-25T11:44:16","date_gmt":"2025-08-25T11:44:16","guid":{"rendered":"https:\/\/www.brikaelektrik.al\/?post_type=product&#038;p=3596"},"modified":"2025-08-25T11:44:16","modified_gmt":"2025-08-25T11:44:16","slug":"cover-pulsanti-qepeni-1m-i-zi","status":"publish","type":"product","link":"https:\/\/www.brikaelektrik.al\/al\/produkt\/cover-pulsanti-qepeni-1m-i-zi\/","title":{"rendered":"COVER PULSANTI QEPENI 1M I ZI"},"content":{"rendered":"<p><strong data-start=\"138\" data-end=\"147\">Seria<\/strong>: Living Now BTicino<br data-start=\"167\" data-end=\"170\" \/><strong data-start=\"170\" data-end=\"179\">Lloji<\/strong>: Mbules\u00eb p\u00ebr komandues rulotash, 1 modul (cover roller shutter control)<br data-start=\"251\" data-end=\"254\" \/><strong data-start=\"254\" data-end=\"267\" data-is-only-node=\"\">P\u00ebrdorimi<\/strong>: P\u00ebrdoret p\u00ebr t\u00eb mbuluar komanduesit e rulotave t\u00eb montuar n\u00eb instalimet Living Now, duke ofruar p\u00ebrfundim estetik dhe t\u00eb p\u00ebrputhsh\u00ebm me pajisjet e tjera t\u00eb seris\u00eb<br data-start=\"431\" data-end=\"434\" \/><strong data-start=\"434\" data-end=\"453\">P\u00ebrmasat totale<\/strong>: 22 mm gjer\u00ebsi \u00d7 86 mm lart\u00ebsi \u00d7 7 mm thell\u00ebsi<br data-start=\"500\" data-end=\"503\" \/><strong data-start=\"503\" data-end=\"516\">Materiali<\/strong>: Plastik\u00eb termoplastike pa halogjen, sip\u00ebrfaqe mat, pa trajtim t\u00eb sip\u00ebrfaqes, pa trajtim antimikrobial<br data-start=\"619\" data-end=\"622\" \/><strong data-start=\"622\" data-end=\"632\">Ngjyra<\/strong>: E zez\u00eb\u00a0<br data-start=\"678\" data-end=\"681\" \/><strong data-start=\"681\" data-end=\"693\">Mbrojtja<\/strong>: IP20 (mbrojtje nga pluhuri dhe objekte t\u00eb m\u00ebdha), IK00 (pa mbrojtje nga goditjet)<br data-start=\"776\" data-end=\"779\" \/><strong data-start=\"779\" data-end=\"802\">Temperatura e pun\u00ebs<\/strong>: \u20135\u202f\u00b0C deri +50\u202f\u00b0C<br data-start=\"821\" data-end=\"824\" \/><strong data-start=\"824\" data-end=\"853\">Temperatura e magazinimit<\/strong>: \u201310\u202f\u00b0C deri +70\u202f\u00b0C<br data-start=\"873\" data-end=\"876\" \/><strong data-start=\"876\" data-end=\"887\">Montimi<\/strong>: Montim me kapje (snap-on) \u2014 nuk k\u00ebrkon vid\u00eb apo mekaniz\u00ebm montimi t\u00eb komplikuar<br data-start=\"968\" data-end=\"971\" \/><strong data-start=\"971\" data-end=\"981\">Moduli<\/strong>: 1<br data-start=\"984\" data-end=\"987\" \/><strong data-start=\"987\" data-end=\"997\">Modeli<\/strong>: Central cover plate<br data-start=\"1018\" data-end=\"1021\" \/><strong data-start=\"1021\" data-end=\"1044\">Materiali \/ cil\u00ebsia<\/strong>: Plastik\u00eb termoplastike<br data-start=\"1068\" data-end=\"1071\" \/><strong data-start=\"1071\" data-end=\"1081\">Lidhja<\/strong>: Engage snap-on<br data-start=\"1097\" data-end=\"1100\" \/><strong data-start=\"1100\" data-end=\"1117\">Halogjen free<\/strong>: Po<\/p>","protected":false},"excerpt":{"rendered":"<p>Seria: Living Now BTicinoLloji: Mbules\u00eb p\u00ebr komandues rulotash, 1 modul (cover roller shutter control)P\u00ebrdorimi: P\u00ebrdoret p\u00ebr t\u00eb mbuluar komanduesit e rulotave t\u00eb montuar n\u00eb instalimet Living Now, duke ofruar p\u00ebrfundim estetik dhe t\u00eb p\u00ebrputhsh\u00ebm me pajisjet e tjera t\u00eb seris\u00ebP\u00ebrmasat totale: 22 mm gjer\u00ebsi \u00d7 86 mm lart\u00ebsi \u00d7 7 mm thell\u00ebsiMateriali: Plastik\u00eb termoplastike pa [&hellip;]<\/p>","protected":false},"featured_media":3597,"comment_status":"open","ping_status":"closed","template":"","meta":{"_acf_changed":false},"product_brand":[],"product_cat":[40,64],"product_tag":[],"class_list":{"0":"post-3596","1":"product","2":"type-product","3":"status-publish","4":"has-post-thumbnail","6":"product_cat-serite-civile","7":"product_cat-living-now","9":"first","10":"instock","11":"shipping-taxable","12":"product-type-simple"},"acf":[],"_links":{"self":[{"href":"https:\/\/www.brikaelektrik.al\/al\/wp-json\/wp\/v2\/product\/3596","targetHints":{"allow":["GET"]}}],"collection":[{"href":"https:\/\/www.brikaelektrik.al\/al\/wp-json\/wp\/v2\/product"}],"about":[{"href":"https:\/\/www.brikaelektrik.al\/al\/wp-json\/wp\/v2\/types\/product"}],"replies":[{"embeddable":true,"href":"https:\/\/www.brikaelektrik.al\/al\/wp-json\/wp\/v2\/comments?post=3596"}],"wp:featuredmedia":[{"embeddable":true,"href":"https:\/\/www.brikaelektrik.al\/al\/wp-json\/wp\/v2\/media\/3597"}],"wp:attachment":[{"href":"https:\/\/www.brikaelektrik.al\/al\/wp-json\/wp\/v2\/media?parent=3596"}],"wp:term":[{"taxonomy":"product_brand","embeddable":true,"href":"https:\/\/www.brikaelektrik.al\/al\/wp-json\/wp\/v2\/product_brand?post=3596"},{"taxonomy":"product_cat","embeddable":true,"href":"https:\/\/www.brikaelektrik.al\/al\/wp-json\/wp\/v2\/product_cat?post=3596"},{"taxonomy":"product_tag","embeddable":true,"href":"https:\/\/www.brikaelektrik.al\/al\/wp-json\/wp\/v2\/product_tag?post=3596"}],"curies":[{"name":"wp","href":"https:\/\/api.w.org\/{rel}","templated":true}]}}