{"id":3598,"date":"2025-08-25T11:48:14","date_gmt":"2025-08-25T11:48:14","guid":{"rendered":"https:\/\/www.brikaelektrik.al\/?post_type=product&#038;p=3598"},"modified":"2025-08-25T11:48:14","modified_gmt":"2025-08-25T11:48:14","slug":"cover-pulsanti-dopi0-1-0-2","status":"publish","type":"product","link":"https:\/\/www.brikaelektrik.al\/al\/produkt\/cover-pulsanti-dopi0-1-0-2\/","title":{"rendered":"COVER PULSANTI DOPI0 1-0-2"},"content":{"rendered":"<p><strong data-start=\"17\" data-end=\"26\">Seria<\/strong>: Living Now BTicino<br data-start=\"46\" data-end=\"49\" \/><strong data-start=\"49\" data-end=\"58\">Lloji<\/strong>: Mbules\u00eb p\u00ebr komandues t\u00eb lidhur rulotash, 1 modul (cover for connected shutter control)<br data-start=\"147\" data-end=\"150\" \/><strong data-start=\"150\" data-end=\"163\">P\u00ebrdorimi<\/strong>: P\u00ebrdoret p\u00ebr t\u00eb mbuluar komanduesit e rulotave t\u00eb lidhur n\u00eb instalimet Living Now, duke ofruar p\u00ebrfundim estetik dhe t\u00eb p\u00ebrputhsh\u00ebm me pajisjet e tjera t\u00eb seris\u00eb<br data-start=\"326\" data-end=\"329\" \/><strong data-start=\"329\" data-end=\"348\">P\u00ebrmasat totale<\/strong>: 22 mm gjer\u00ebsi \u00d7 86 mm lart\u00ebsi \u00d7 7 mm thell\u00ebsi<br data-start=\"395\" data-end=\"398\" \/><strong data-start=\"398\" data-end=\"411\">Materiali<\/strong>: Plastik\u00eb termoplastike pa halogjen, sip\u00ebrfaqe mat, pa trajtim t\u00eb sip\u00ebrfaqes, pa trajtim antimikrobial<br data-start=\"514\" data-end=\"517\" \/><strong data-start=\"517\" data-end=\"527\">Ngjyra<\/strong>: E zez\u00eb (ngjyr\u00eb shum\u00eb e ngjashme me RAL 7015)<br data-start=\"573\" data-end=\"576\" \/><strong data-start=\"576\" data-end=\"588\">Mbrojtja<\/strong>: IP20 (mbrojtje nga pluhuri dhe objekte t\u00eb m\u00ebdha), IK04 (mbrojtje e ul\u00ebt nga goditjet)<br data-start=\"675\" data-end=\"678\" \/><strong data-start=\"678\" data-end=\"701\">Temperatura e pun\u00ebs<\/strong>: \u20135\u202f\u00b0C deri +35\u202f\u00b0C<br data-start=\"720\" data-end=\"723\" \/><strong data-start=\"723\" data-end=\"752\">Temperatura e magazinimit<\/strong>: \u201310\u202f\u00b0C deri +70\u202f\u00b0C<br data-start=\"772\" data-end=\"775\" \/><strong data-start=\"775\" data-end=\"786\">Montimi<\/strong>: Montim me kapje (snap-on) \u2014 nuk k\u00ebrkon vid\u00eb apo mekaniz\u00ebm montimi t\u00eb komplikuar<br data-start=\"867\" data-end=\"870\" \/><strong data-start=\"870\" data-end=\"880\">Moduli<\/strong>: 1<br data-start=\"883\" data-end=\"886\" \/><strong data-start=\"886\" data-end=\"896\">Modeli<\/strong>: Central cover plate<br data-start=\"917\" data-end=\"920\" \/><strong data-start=\"920\" data-end=\"943\">Materiali \/ cil\u00ebsia<\/strong>: Plastik\u00eb termoplastike<br data-start=\"967\" data-end=\"970\" \/><strong data-start=\"970\" data-end=\"980\">Lidhja<\/strong>: Engage snap-on<br data-start=\"996\" data-end=\"999\" \/><strong data-start=\"999\" data-end=\"1016\">Halogjen free<\/strong>: Po<\/p>","protected":false},"excerpt":{"rendered":"<p>Seria: Living Now BTicinoLloji: Mbules\u00eb p\u00ebr komandues t\u00eb lidhur rulotash, 1 modul (cover for connected shutter control)P\u00ebrdorimi: P\u00ebrdoret p\u00ebr t\u00eb mbuluar komanduesit e rulotave t\u00eb lidhur n\u00eb instalimet Living Now, duke ofruar p\u00ebrfundim estetik dhe t\u00eb p\u00ebrputhsh\u00ebm me pajisjet e tjera t\u00eb seris\u00ebP\u00ebrmasat totale: 22 mm gjer\u00ebsi \u00d7 86 mm lart\u00ebsi \u00d7 7 mm thell\u00ebsiMateriali: [&hellip;]<\/p>","protected":false},"featured_media":3600,"comment_status":"open","ping_status":"closed","template":"","meta":{"_acf_changed":false},"product_brand":[],"product_cat":[40,64],"product_tag":[],"class_list":{"0":"post-3598","1":"product","2":"type-product","3":"status-publish","4":"has-post-thumbnail","6":"product_cat-serite-civile","7":"product_cat-living-now","9":"first","10":"instock","11":"shipping-taxable","12":"product-type-simple"},"acf":[],"_links":{"self":[{"href":"https:\/\/www.brikaelektrik.al\/al\/wp-json\/wp\/v2\/product\/3598","targetHints":{"allow":["GET"]}}],"collection":[{"href":"https:\/\/www.brikaelektrik.al\/al\/wp-json\/wp\/v2\/product"}],"about":[{"href":"https:\/\/www.brikaelektrik.al\/al\/wp-json\/wp\/v2\/types\/product"}],"replies":[{"embeddable":true,"href":"https:\/\/www.brikaelektrik.al\/al\/wp-json\/wp\/v2\/comments?post=3598"}],"wp:featuredmedia":[{"embeddable":true,"href":"https:\/\/www.brikaelektrik.al\/al\/wp-json\/wp\/v2\/media\/3600"}],"wp:attachment":[{"href":"https:\/\/www.brikaelektrik.al\/al\/wp-json\/wp\/v2\/media?parent=3598"}],"wp:term":[{"taxonomy":"product_brand","embeddable":true,"href":"https:\/\/www.brikaelektrik.al\/al\/wp-json\/wp\/v2\/product_brand?post=3598"},{"taxonomy":"product_cat","embeddable":true,"href":"https:\/\/www.brikaelektrik.al\/al\/wp-json\/wp\/v2\/product_cat?post=3598"},{"taxonomy":"product_tag","embeddable":true,"href":"https:\/\/www.brikaelektrik.al\/al\/wp-json\/wp\/v2\/product_tag?post=3598"}],"curies":[{"name":"wp","href":"https:\/\/api.w.org\/{rel}","templated":true}]}}