{"id":3603,"date":"2025-08-25T11:53:02","date_gmt":"2025-08-25T11:53:02","guid":{"rendered":"https:\/\/www.brikaelektrik.al\/?post_type=product&#038;p=3603"},"modified":"2025-08-25T11:53:02","modified_gmt":"2025-08-25T11:53:02","slug":"cover-reostat-2m-i-zi","status":"publish","type":"product","link":"https:\/\/www.brikaelektrik.al\/al\/produkt\/cover-reostat-2m-i-zi\/","title":{"rendered":"COVER REOSTAT 2M I ZI"},"content":{"rendered":"<p data-start=\"112\" data-end=\"894\"><strong data-start=\"129\" data-end=\"138\">Seria<\/strong>: Living Now BTicino<br data-start=\"158\" data-end=\"161\" \/><strong data-start=\"161\" data-end=\"170\" data-is-only-node=\"\">Lloji<\/strong>: Mbules\u00eb p\u00ebr dimmer, 2 module<br data-start=\"200\" data-end=\"203\" \/><strong data-start=\"203\" data-end=\"216\">P\u00ebrdorimi<\/strong>: P\u00ebrdoret p\u00ebr t\u00eb mbuluar dimmer\u00ebt n\u00eb instalimet Living Now, duke ofruar p\u00ebrfundim estetik dhe t\u00eb p\u00ebrputhsh\u00ebm me pajisjet e tjera t\u00eb seris\u00eb<br data-start=\"355\" data-end=\"358\" \/><strong data-start=\"358\" data-end=\"377\">P\u00ebrmasat totale<\/strong>: 45 mm gjer\u00ebsi \u00d7 86 mm lart\u00ebsi \u00d7 7 mm thell\u00ebsi<br data-start=\"424\" data-end=\"427\" \/><strong data-start=\"427\" data-end=\"440\">Materiali<\/strong>: Plastik\u00eb termoplastike pa halogjen, sip\u00ebrfaqe mat, pa trajtim t\u00eb sip\u00ebrfaqes, pa trajtim antimikrobial<br data-start=\"543\" data-end=\"546\" \/><strong data-start=\"546\" data-end=\"556\">Ngjyra<\/strong>: E zez\u00eb (ngjyr\u00eb shum\u00eb e ngjashme me RAL 7015)<br data-start=\"602\" data-end=\"605\" \/><strong data-start=\"605\" data-end=\"617\">Mbrojtja<\/strong>: IP20 (mbrojtje nga pluhuri dhe objekte t\u00eb m\u00ebdha), IK00 (pa mbrojtje nga goditjet)<br data-start=\"700\" data-end=\"703\" \/><strong data-start=\"703\" data-end=\"726\">Temperatura e pun\u00ebs<\/strong>: \u20135\u202f\u00b0C deri +50\u202f\u00b0C<br data-start=\"745\" data-end=\"748\" \/><strong data-start=\"748\" data-end=\"777\">Temperatura e magazinimit<\/strong>: \u201310\u202f\u00b0C deri +70\u202f\u00b0C<br data-start=\"797\" data-end=\"800\" \/><strong data-start=\"800\" data-end=\"811\">Montimi<\/strong>: Montim me kapje (snap-on) \u2014 nuk k\u00ebrkon vid\u00eb apo mekaniz\u00ebm montimi t\u00eb komplikuar<\/p>","protected":false},"excerpt":{"rendered":"<p>Seria: Living Now BTicinoLloji: Mbules\u00eb p\u00ebr dimmer, 2 moduleP\u00ebrdorimi: P\u00ebrdoret p\u00ebr t\u00eb mbuluar dimmer\u00ebt n\u00eb instalimet Living Now, duke ofruar p\u00ebrfundim estetik dhe t\u00eb p\u00ebrputhsh\u00ebm me pajisjet e tjera t\u00eb seris\u00ebP\u00ebrmasat totale: 45 mm gjer\u00ebsi \u00d7 86 mm lart\u00ebsi \u00d7 7 mm thell\u00ebsiMateriali: Plastik\u00eb termoplastike pa halogjen, sip\u00ebrfaqe mat, pa trajtim t\u00eb sip\u00ebrfaqes, pa trajtim [&hellip;]<\/p>","protected":false},"featured_media":3604,"comment_status":"open","ping_status":"closed","template":"","meta":{"_acf_changed":false},"product_brand":[],"product_cat":[40,64],"product_tag":[],"class_list":{"0":"post-3603","1":"product","2":"type-product","3":"status-publish","4":"has-post-thumbnail","6":"product_cat-serite-civile","7":"product_cat-living-now","9":"first","10":"instock","11":"shipping-taxable","12":"product-type-simple"},"acf":[],"_links":{"self":[{"href":"https:\/\/www.brikaelektrik.al\/al\/wp-json\/wp\/v2\/product\/3603","targetHints":{"allow":["GET"]}}],"collection":[{"href":"https:\/\/www.brikaelektrik.al\/al\/wp-json\/wp\/v2\/product"}],"about":[{"href":"https:\/\/www.brikaelektrik.al\/al\/wp-json\/wp\/v2\/types\/product"}],"replies":[{"embeddable":true,"href":"https:\/\/www.brikaelektrik.al\/al\/wp-json\/wp\/v2\/comments?post=3603"}],"wp:featuredmedia":[{"embeddable":true,"href":"https:\/\/www.brikaelektrik.al\/al\/wp-json\/wp\/v2\/media\/3604"}],"wp:attachment":[{"href":"https:\/\/www.brikaelektrik.al\/al\/wp-json\/wp\/v2\/media?parent=3603"}],"wp:term":[{"taxonomy":"product_brand","embeddable":true,"href":"https:\/\/www.brikaelektrik.al\/al\/wp-json\/wp\/v2\/product_brand?post=3603"},{"taxonomy":"product_cat","embeddable":true,"href":"https:\/\/www.brikaelektrik.al\/al\/wp-json\/wp\/v2\/product_cat?post=3603"},{"taxonomy":"product_tag","embeddable":true,"href":"https:\/\/www.brikaelektrik.al\/al\/wp-json\/wp\/v2\/product_tag?post=3603"}],"curies":[{"name":"wp","href":"https:\/\/api.w.org\/{rel}","templated":true}]}}