{"id":3607,"date":"2025-08-25T11:56:37","date_gmt":"2025-08-25T11:56:37","guid":{"rendered":"https:\/\/www.brikaelektrik.al\/?post_type=product&#038;p=3607"},"modified":"2025-08-25T11:56:37","modified_gmt":"2025-08-25T11:56:37","slug":"cover-shuko-e-sheshte-2m-e-zeze","status":"publish","type":"product","link":"https:\/\/www.brikaelektrik.al\/al\/produkt\/cover-shuko-e-sheshte-2m-e-zeze\/","title":{"rendered":"COVER SHUKO E SHESHT\u00cb 2M E ZEZ\u00cb"},"content":{"rendered":"<p data-start=\"112\" data-end=\"932\"><strong data-start=\"129\" data-end=\"138\">Seria<\/strong>: Living Now BTicino<br data-start=\"158\" data-end=\"161\" \/><strong data-start=\"161\" data-end=\"170\" data-is-only-node=\"\">Lloji<\/strong>: Mbules\u00eb p\u00ebr komandues t\u00eb thjesht\u00eb, 1 modul<br data-start=\"214\" data-end=\"217\" \/><strong data-start=\"217\" data-end=\"230\">P\u00ebrdorimi<\/strong>: P\u00ebrdoret p\u00ebr t\u00eb mbuluar komanduesit e thjesht\u00eb t\u00eb montuar n\u00eb instalimet Living Now, duke ofruar p\u00ebrfundim estetik dhe t\u00eb p\u00ebrputhsh\u00ebm me pajisjet e tjera t\u00eb seris\u00eb<br data-start=\"394\" data-end=\"397\" \/><strong data-start=\"397\" data-end=\"416\">P\u00ebrmasat totale<\/strong>: 22 mm gjer\u00ebsi \u00d7 86 mm lart\u00ebsi \u00d7 7 mm thell\u00ebsi<br data-start=\"463\" data-end=\"466\" \/><strong data-start=\"466\" data-end=\"479\">Materiali<\/strong>: Plastik\u00eb termoplastike pa halogjen, sip\u00ebrfaqe mat, pa trajtim sip\u00ebrfaq\u00ebsor, pa trajtim antimikrobial<br data-start=\"581\" data-end=\"584\" \/><strong data-start=\"584\" data-end=\"594\">Ngjyra<\/strong>: E zez\u00eb\u00a0<br data-start=\"640\" data-end=\"643\" \/><strong data-start=\"643\" data-end=\"655\">Mbrojtja<\/strong>: IP20 (mbrojtje nga pluhuri dhe objekte t\u00eb m\u00ebdha), IK00 (pa mbrojtje nga goditjet)<br data-start=\"738\" data-end=\"741\" \/><strong data-start=\"741\" data-end=\"764\">Temperatura e pun\u00ebs<\/strong>: \u20135\u202f\u00b0C deri +50\u202f\u00b0C<br data-start=\"783\" data-end=\"786\" \/><strong data-start=\"786\" data-end=\"815\">Temperatura e magazinimit<\/strong>: \u201310\u202f\u00b0C deri +70\u202f\u00b0C<br data-start=\"835\" data-end=\"838\" \/><strong data-start=\"838\" data-end=\"849\">Montimi<\/strong>: Montim me kapje (snap-on) \u2014 nuk k\u00ebrkon vid\u00eb apo mekaniz\u00ebm montimi t\u00eb komplikuar<\/p>","protected":false},"excerpt":{"rendered":"<p>Seria: Living Now BTicinoLloji: Mbules\u00eb p\u00ebr komandues t\u00eb thjesht\u00eb, 1 modulP\u00ebrdorimi: P\u00ebrdoret p\u00ebr t\u00eb mbuluar komanduesit e thjesht\u00eb t\u00eb montuar n\u00eb instalimet Living Now, duke ofruar p\u00ebrfundim estetik dhe t\u00eb p\u00ebrputhsh\u00ebm me pajisjet e tjera t\u00eb seris\u00ebP\u00ebrmasat totale: 22 mm gjer\u00ebsi \u00d7 86 mm lart\u00ebsi \u00d7 7 mm thell\u00ebsiMateriali: Plastik\u00eb termoplastike pa halogjen, sip\u00ebrfaqe mat, [&hellip;]<\/p>","protected":false},"featured_media":3608,"comment_status":"open","ping_status":"closed","template":"","meta":{"_acf_changed":false},"product_brand":[],"product_cat":[40,64],"product_tag":[],"class_list":{"0":"post-3607","1":"product","2":"type-product","3":"status-publish","4":"has-post-thumbnail","6":"product_cat-serite-civile","7":"product_cat-living-now","9":"first","10":"instock","11":"shipping-taxable","12":"product-type-simple"},"acf":[],"_links":{"self":[{"href":"https:\/\/www.brikaelektrik.al\/al\/wp-json\/wp\/v2\/product\/3607","targetHints":{"allow":["GET"]}}],"collection":[{"href":"https:\/\/www.brikaelektrik.al\/al\/wp-json\/wp\/v2\/product"}],"about":[{"href":"https:\/\/www.brikaelektrik.al\/al\/wp-json\/wp\/v2\/types\/product"}],"replies":[{"embeddable":true,"href":"https:\/\/www.brikaelektrik.al\/al\/wp-json\/wp\/v2\/comments?post=3607"}],"wp:featuredmedia":[{"embeddable":true,"href":"https:\/\/www.brikaelektrik.al\/al\/wp-json\/wp\/v2\/media\/3608"}],"wp:attachment":[{"href":"https:\/\/www.brikaelektrik.al\/al\/wp-json\/wp\/v2\/media?parent=3607"}],"wp:term":[{"taxonomy":"product_brand","embeddable":true,"href":"https:\/\/www.brikaelektrik.al\/al\/wp-json\/wp\/v2\/product_brand?post=3607"},{"taxonomy":"product_cat","embeddable":true,"href":"https:\/\/www.brikaelektrik.al\/al\/wp-json\/wp\/v2\/product_cat?post=3607"},{"taxonomy":"product_tag","embeddable":true,"href":"https:\/\/www.brikaelektrik.al\/al\/wp-json\/wp\/v2\/product_tag?post=3607"}],"curies":[{"name":"wp","href":"https:\/\/api.w.org\/{rel}","templated":true}]}}