{"id":3615,"date":"2025-08-25T12:34:35","date_gmt":"2025-08-25T12:34:35","guid":{"rendered":"https:\/\/www.brikaelektrik.al\/?post_type=product&#038;p=3615"},"modified":"2025-08-25T12:34:35","modified_gmt":"2025-08-25T12:34:35","slug":"cover-tape-fallco-1m-e-bardhe","status":"publish","type":"product","link":"https:\/\/www.brikaelektrik.al\/al\/produkt\/cover-tape-fallco-1m-e-bardhe\/","title":{"rendered":"COVER TAP\u00cb FALLCO 1M E BARDH\u00cb"},"content":{"rendered":"<p><strong data-start=\"216\" data-end=\"225\">Seria<\/strong>: Living Now BTicino<br data-start=\"245\" data-end=\"248\" \/><strong data-start=\"248\" data-end=\"257\">Lloji<\/strong>: Mbules\u00eb p\u00ebr falsifikat (blanking), 1 modul<br data-start=\"301\" data-end=\"304\" data-is-only-node=\"\" \/><strong data-start=\"304\" data-end=\"317\">P\u00ebrdorimi<\/strong>: P\u00ebrdoret p\u00ebr t\u00eb mbuluar modul\u00ebt bosh (falsi poli) t\u00eb seris\u00eb Living Now, duke siguruar nj\u00eb p\u00ebrfundim estetik dhe t\u00eb p\u00ebrputhsh\u00ebm me pajisjet e tjera<br data-start=\"465\" data-end=\"468\" \/><strong data-start=\"468\" data-end=\"487\">P\u00ebrmasat totale<\/strong>: 22 mm gjer\u00ebsi \u00d7 86 mm lart\u00ebsi \u00d7 7 mm thell\u00ebsi<br data-start=\"534\" data-end=\"537\" \/><strong data-start=\"537\" data-end=\"550\">Materiali<\/strong>: Plastik\u00eb termoplastike pa halogjen, sip\u00ebrfaqe mat, pa trajtim sip\u00ebrfaq\u00ebsor, pa trajtim antimikrobial<br data-start=\"652\" data-end=\"655\" \/><strong data-start=\"655\" data-end=\"665\">Ngjyra<\/strong>: E bardh\u00eb\u00a0<br data-start=\"713\" data-end=\"716\" \/><strong data-start=\"716\" data-end=\"728\">Mbrojtja<\/strong>: IP20 (mbrojtje nga pluhuri dhe objekte t\u00eb m\u00ebdha), IK00 (pa mbrojtje nga goditjet)<br data-start=\"811\" data-end=\"814\" \/><strong data-start=\"814\" data-end=\"837\">Temperatura e pun\u00ebs<\/strong>: \u20135\u202f\u00b0C deri +35\u202f\u00b0C<br data-start=\"856\" data-end=\"859\" \/><strong data-start=\"859\" data-end=\"888\">Temperatura e magazinimit<\/strong>: \u201310\u202f\u00b0C deri +70\u202f\u00b0C<br data-start=\"908\" data-end=\"911\" \/><strong data-start=\"911\" data-end=\"922\">Montimi<\/strong>: Montim me kapje (snap\u2011on) \u2014 nuk k\u00ebrkon vid\u00eb apo mekaniz\u00ebm montimi t\u00eb komplikuar<br data-start=\"1003\" data-end=\"1006\" \/><strong data-start=\"1006\" data-end=\"1016\">Moduli<\/strong>: 1<br data-start=\"1019\" data-end=\"1022\" \/><strong data-start=\"1022\" data-end=\"1032\">Modeli<\/strong>: Central cover plate<br data-start=\"1053\" data-end=\"1056\" \/><strong data-start=\"1056\" data-end=\"1079\">Materiali \/ cil\u00ebsia<\/strong>: Plastik\u00eb termoplastike<br data-start=\"1103\" data-end=\"1106\" \/><strong data-start=\"1106\" data-end=\"1116\">Lidhja<\/strong>: Me kapje (engage snap)<br data-start=\"1140\" data-end=\"1143\" \/><strong data-start=\"1143\" data-end=\"1160\">Halogjen free<\/strong>: Po<\/p>","protected":false},"excerpt":{"rendered":"<p>Seria: Living Now BTicinoLloji: Mbules\u00eb p\u00ebr falsifikat (blanking), 1 modulP\u00ebrdorimi: P\u00ebrdoret p\u00ebr t\u00eb mbuluar modul\u00ebt bosh (falsi poli) t\u00eb seris\u00eb Living Now, duke siguruar nj\u00eb p\u00ebrfundim estetik dhe t\u00eb p\u00ebrputhsh\u00ebm me pajisjet e tjeraP\u00ebrmasat totale: 22 mm gjer\u00ebsi \u00d7 86 mm lart\u00ebsi \u00d7 7 mm thell\u00ebsiMateriali: Plastik\u00eb termoplastike pa halogjen, sip\u00ebrfaqe mat, pa trajtim sip\u00ebrfaq\u00ebsor, [&hellip;]<\/p>","protected":false},"featured_media":3625,"comment_status":"open","ping_status":"closed","template":"","meta":{"_acf_changed":false},"product_brand":[],"product_cat":[40,64],"product_tag":[],"class_list":{"0":"post-3615","1":"product","2":"type-product","3":"status-publish","4":"has-post-thumbnail","6":"product_cat-serite-civile","7":"product_cat-living-now","9":"first","10":"instock","11":"shipping-taxable","12":"product-type-simple"},"acf":[],"_links":{"self":[{"href":"https:\/\/www.brikaelektrik.al\/al\/wp-json\/wp\/v2\/product\/3615","targetHints":{"allow":["GET"]}}],"collection":[{"href":"https:\/\/www.brikaelektrik.al\/al\/wp-json\/wp\/v2\/product"}],"about":[{"href":"https:\/\/www.brikaelektrik.al\/al\/wp-json\/wp\/v2\/types\/product"}],"replies":[{"embeddable":true,"href":"https:\/\/www.brikaelektrik.al\/al\/wp-json\/wp\/v2\/comments?post=3615"}],"wp:featuredmedia":[{"embeddable":true,"href":"https:\/\/www.brikaelektrik.al\/al\/wp-json\/wp\/v2\/media\/3625"}],"wp:attachment":[{"href":"https:\/\/www.brikaelektrik.al\/al\/wp-json\/wp\/v2\/media?parent=3615"}],"wp:term":[{"taxonomy":"product_brand","embeddable":true,"href":"https:\/\/www.brikaelektrik.al\/al\/wp-json\/wp\/v2\/product_brand?post=3615"},{"taxonomy":"product_cat","embeddable":true,"href":"https:\/\/www.brikaelektrik.al\/al\/wp-json\/wp\/v2\/product_cat?post=3615"},{"taxonomy":"product_tag","embeddable":true,"href":"https:\/\/www.brikaelektrik.al\/al\/wp-json\/wp\/v2\/product_tag?post=3615"}],"curies":[{"name":"wp","href":"https:\/\/api.w.org\/{rel}","templated":true}]}}