{"id":3618,"date":"2025-08-25T12:25:47","date_gmt":"2025-08-25T12:25:47","guid":{"rendered":"https:\/\/www.brikaelektrik.al\/?post_type=product&#038;p=3618"},"modified":"2025-08-26T11:57:54","modified_gmt":"2025-08-26T11:57:54","slug":"pulsant-me-drite","status":"publish","type":"product","link":"https:\/\/www.brikaelektrik.al\/al\/produkt\/pulsant-me-drite\/","title":{"rendered":"PULSANT ME DRIT\u00cb"},"content":{"rendered":"<p><strong data-start=\"162\" data-end=\"171\">Seria<\/strong>: Matix<br data-start=\"212\" data-end=\"215\" \/><strong data-start=\"215\" data-end=\"224\">Lloji<\/strong>: Buton shtyp\u00ebs 1P 10A 250 Vac \u2013 pajisje me ndri\u00e7im t\u00eb pas\u00ebm (backlight)<br data-start=\"308\" data-end=\"311\" \/><strong data-start=\"311\" data-end=\"321\" data-is-only-node=\"\">Ngjyra<\/strong>: E bardh\u00eb (White)<br data-start=\"339\" data-end=\"342\" \/><strong data-start=\"342\" data-end=\"355\">Materiali<\/strong>: Teknopolimer<br data-start=\"390\" data-end=\"393\" \/><strong data-start=\"393\" data-end=\"413\">Tensioni nominal<\/strong>: 250\u202fV AC<br data-start=\"423\" data-end=\"426\" \/><strong data-start=\"426\" data-end=\"446\">Currenti nominal<\/strong>: 10\u202fA<br data-start=\"452\" data-end=\"455\" \/><strong data-start=\"455\" data-end=\"469\">Nr. module<\/strong>: 1<\/p>","protected":false},"excerpt":{"rendered":"<p>Seria: MatixLloji: Buton shtyp\u00ebs 1P 10A 250 Vac \u2013 pajisje me ndri\u00e7im t\u00eb pas\u00ebm (backlight)Ngjyra: E bardh\u00eb (White)Materiali: TeknopolimerTensioni nominal: 250\u202fV ACCurrenti nominal: 10\u202fANr. module: 1<\/p>","protected":false},"featured_media":3619,"comment_status":"open","ping_status":"closed","template":"","meta":{"_acf_changed":false},"product_brand":[],"product_cat":[40,66],"product_tag":[],"class_list":{"0":"post-3618","1":"product","2":"type-product","3":"status-publish","4":"has-post-thumbnail","6":"product_cat-serite-civile","7":"product_cat-matix","9":"first","10":"instock","11":"shipping-taxable","12":"product-type-simple"},"acf":[],"_links":{"self":[{"href":"https:\/\/www.brikaelektrik.al\/al\/wp-json\/wp\/v2\/product\/3618","targetHints":{"allow":["GET"]}}],"collection":[{"href":"https:\/\/www.brikaelektrik.al\/al\/wp-json\/wp\/v2\/product"}],"about":[{"href":"https:\/\/www.brikaelektrik.al\/al\/wp-json\/wp\/v2\/types\/product"}],"replies":[{"embeddable":true,"href":"https:\/\/www.brikaelektrik.al\/al\/wp-json\/wp\/v2\/comments?post=3618"}],"wp:featuredmedia":[{"embeddable":true,"href":"https:\/\/www.brikaelektrik.al\/al\/wp-json\/wp\/v2\/media\/3619"}],"wp:attachment":[{"href":"https:\/\/www.brikaelektrik.al\/al\/wp-json\/wp\/v2\/media?parent=3618"}],"wp:term":[{"taxonomy":"product_brand","embeddable":true,"href":"https:\/\/www.brikaelektrik.al\/al\/wp-json\/wp\/v2\/product_brand?post=3618"},{"taxonomy":"product_cat","embeddable":true,"href":"https:\/\/www.brikaelektrik.al\/al\/wp-json\/wp\/v2\/product_cat?post=3618"},{"taxonomy":"product_tag","embeddable":true,"href":"https:\/\/www.brikaelektrik.al\/al\/wp-json\/wp\/v2\/product_tag?post=3618"}],"curies":[{"name":"wp","href":"https:\/\/api.w.org\/{rel}","templated":true}]}}