{"id":3627,"date":"2025-08-25T12:42:25","date_gmt":"2025-08-25T12:42:25","guid":{"rendered":"https:\/\/www.brikaelektrik.al\/?post_type=product&#038;p=3627"},"modified":"2025-08-25T12:42:25","modified_gmt":"2025-08-25T12:42:25","slug":"cover-tape-fallco-e-zeze","status":"publish","type":"product","link":"https:\/\/www.brikaelektrik.al\/al\/produkt\/cover-tape-fallco-e-zeze\/","title":{"rendered":"COVER TAP\u00cb FALLCO E ZEZ\u00cb"},"content":{"rendered":"<p><strong data-start=\"207\" data-end=\"216\">Seria<\/strong>: Living Now BTicino<br data-start=\"236\" data-end=\"239\" \/><strong data-start=\"239\" data-end=\"248\">Lloji<\/strong>: Mbules\u00eb p\u00ebr falsifikat\u00eb (blanking), 1 modul<br data-start=\"293\" data-end=\"296\" data-is-only-node=\"\" \/><strong data-start=\"296\" data-end=\"309\">P\u00ebrdorimi<\/strong>: P\u00ebrdoret p\u00ebr t\u00eb mbuluar modul\u00ebt bosh (false pole) t\u00eb seris\u00eb Living Now, duke siguruar nj\u00eb p\u00ebrfundim estetik dhe t\u00eb p\u00ebrputhsh\u00ebm me pajisjet e tjera<br data-start=\"457\" data-end=\"460\" \/><strong data-start=\"460\" data-end=\"479\">P\u00ebrmasat totale<\/strong>: 22 mm gjer\u00ebsi \u00d7 86 mm lart\u00ebsi \u00d7 7 mm thell\u00ebsi<br data-start=\"526\" data-end=\"529\" \/><strong data-start=\"529\" data-end=\"542\">Materiali<\/strong>: Plastik\u00eb termoplastike pa halogjen, sip\u00ebrfaqe mat, pa trajtim sip\u00ebrfaq\u00ebsor, pa trajtim antimikrobial<br data-start=\"644\" data-end=\"647\" \/><strong data-start=\"647\" data-end=\"657\">Ngjyra<\/strong>: E zez\u00eb\u00a0<br data-start=\"703\" data-end=\"706\" \/><strong data-start=\"706\" data-end=\"718\">Mbrojtja<\/strong>: IP20 (mbrojtje nga pluhuri dhe objekte t\u00eb m\u00ebdha), IK00 (pa mbrojtje nga goditjet)<br data-start=\"801\" data-end=\"804\" \/><strong data-start=\"804\" data-end=\"827\">Temperatura e pun\u00ebs<\/strong>: \u20135\u202f\u00b0C deri +50\u202f\u00b0C<br data-start=\"846\" data-end=\"849\" \/><strong data-start=\"849\" data-end=\"878\">Temperatura e magazinimit<\/strong>: \u201310\u202f\u00b0C deri +70\u202f\u00b0C<br data-start=\"898\" data-end=\"901\" \/><strong data-start=\"901\" data-end=\"912\">Montimi<\/strong>: Montim me kapje (snap\u2011on) \u2014 nuk k\u00ebrkon vid\u00eb apo mekaniz\u00ebm montimi t\u00eb komplikuar<br data-start=\"993\" data-end=\"996\" \/><strong data-start=\"996\" data-end=\"1006\">Moduli<\/strong>: 1<br data-start=\"1009\" data-end=\"1012\" \/><strong data-start=\"1012\" data-end=\"1022\">Modeli<\/strong>: Central cover plate<br data-start=\"1043\" data-end=\"1046\" \/><strong data-start=\"1046\" data-end=\"1069\">Materiali \/ cil\u00ebsia<\/strong>: Plastik\u00eb termoplastike<br data-start=\"1093\" data-end=\"1096\" \/><strong data-start=\"1096\" data-end=\"1106\">Lidhja<\/strong>: Engage snap\u2011on<br data-start=\"1122\" data-end=\"1125\" \/><strong data-start=\"1125\" data-end=\"1142\">Halogjen free<\/strong>: Po<\/p>","protected":false},"excerpt":{"rendered":"<p>Seria: Living Now BTicinoLloji: Mbules\u00eb p\u00ebr falsifikat\u00eb (blanking), 1 modulP\u00ebrdorimi: P\u00ebrdoret p\u00ebr t\u00eb mbuluar modul\u00ebt bosh (false pole) t\u00eb seris\u00eb Living Now, duke siguruar nj\u00eb p\u00ebrfundim estetik dhe t\u00eb p\u00ebrputhsh\u00ebm me pajisjet e tjeraP\u00ebrmasat totale: 22 mm gjer\u00ebsi \u00d7 86 mm lart\u00ebsi \u00d7 7 mm thell\u00ebsiMateriali: Plastik\u00eb termoplastike pa halogjen, sip\u00ebrfaqe mat, pa trajtim sip\u00ebrfaq\u00ebsor, [&hellip;]<\/p>","protected":false},"featured_media":3628,"comment_status":"open","ping_status":"closed","template":"","meta":{"_acf_changed":false},"product_brand":[],"product_cat":[40,64],"product_tag":[],"class_list":{"0":"post-3627","1":"product","2":"type-product","3":"status-publish","4":"has-post-thumbnail","6":"product_cat-serite-civile","7":"product_cat-living-now","9":"first","10":"instock","11":"shipping-taxable","12":"product-type-simple"},"acf":[],"_links":{"self":[{"href":"https:\/\/www.brikaelektrik.al\/al\/wp-json\/wp\/v2\/product\/3627","targetHints":{"allow":["GET"]}}],"collection":[{"href":"https:\/\/www.brikaelektrik.al\/al\/wp-json\/wp\/v2\/product"}],"about":[{"href":"https:\/\/www.brikaelektrik.al\/al\/wp-json\/wp\/v2\/types\/product"}],"replies":[{"embeddable":true,"href":"https:\/\/www.brikaelektrik.al\/al\/wp-json\/wp\/v2\/comments?post=3627"}],"wp:featuredmedia":[{"embeddable":true,"href":"https:\/\/www.brikaelektrik.al\/al\/wp-json\/wp\/v2\/media\/3628"}],"wp:attachment":[{"href":"https:\/\/www.brikaelektrik.al\/al\/wp-json\/wp\/v2\/media?parent=3627"}],"wp:term":[{"taxonomy":"product_brand","embeddable":true,"href":"https:\/\/www.brikaelektrik.al\/al\/wp-json\/wp\/v2\/product_brand?post=3627"},{"taxonomy":"product_cat","embeddable":true,"href":"https:\/\/www.brikaelektrik.al\/al\/wp-json\/wp\/v2\/product_cat?post=3627"},{"taxonomy":"product_tag","embeddable":true,"href":"https:\/\/www.brikaelektrik.al\/al\/wp-json\/wp\/v2\/product_tag?post=3627"}],"curies":[{"name":"wp","href":"https:\/\/api.w.org\/{rel}","templated":true}]}}