{"id":3629,"date":"2025-08-25T12:45:00","date_gmt":"2025-08-25T12:45:00","guid":{"rendered":"https:\/\/www.brikaelektrik.al\/?post_type=product&#038;p=3629"},"modified":"2025-08-25T12:45:00","modified_gmt":"2025-08-25T12:45:00","slug":"cover-tape-fallco-sabbia","status":"publish","type":"product","link":"https:\/\/www.brikaelektrik.al\/al\/produkt\/cover-tape-fallco-sabbia\/","title":{"rendered":"COVER TAP\u00cb FALLCO SABBIA"},"content":{"rendered":"<p><strong data-start=\"222\" data-end=\"231\">Seria<\/strong>: Living Now BTicino<br data-start=\"251\" data-end=\"254\" \/><strong data-start=\"254\" data-end=\"263\">Lloji<\/strong>: Mbules\u00eb p\u00ebr falsifikat\u00eb (blanking), 1 modul<br data-start=\"308\" data-end=\"311\" data-is-only-node=\"\" \/><strong data-start=\"311\" data-end=\"324\">P\u00ebrdorimi<\/strong>: P\u00ebrdoret p\u00ebr t\u00eb mbuluar modul\u00ebt bosh (false pole) t\u00eb seris\u00eb Living Now duke siguruar nj\u00eb p\u00ebrfundim estetik dhe t\u00eb p\u00ebrputhsh\u00ebm me pajisjet e tjera t\u00eb seris\u00eb<br data-start=\"481\" data-end=\"484\" \/><strong data-start=\"484\" data-end=\"503\">P\u00ebrmasat totale<\/strong>: 22 mm gjer\u00ebsi \u00d7 86 mm lart\u00ebsi \u00d7 7 mm thell\u00ebsi<br data-start=\"550\" data-end=\"553\" \/><strong data-start=\"553\" data-end=\"566\">Materiali<\/strong>: Plastik\u00eb termoplastike pa halogjen, sip\u00ebrfaqe mat, pa trajtim t\u00eb sip\u00ebrfaqes, pa trajtim antimikrobial<br data-start=\"669\" data-end=\"672\" \/><strong data-start=\"672\" data-end=\"682\">Ngjyra<\/strong>: E bezh\u00eb (ngjyr\u00eb shum\u00eb e ngjashme me RAL 1015)<br data-start=\"729\" data-end=\"732\" \/><strong data-start=\"732\" data-end=\"744\">Mbrojtja<\/strong>: IP20 (mbrojtje nga pluhuri dhe objektet e m\u00ebdha) IK00 (pa mbrojtje nga goditjet)<br data-start=\"826\" data-end=\"829\" \/><strong data-start=\"829\" data-end=\"852\">Temperatura e pun\u00ebs<\/strong>: \u20135\u202f\u00b0C deri +50\u202f\u00b0C<br data-start=\"871\" data-end=\"874\" \/><strong data-start=\"874\" data-end=\"903\">Temperatura e magazinimit<\/strong>: \u201310\u202f\u00b0C deri +70\u202f\u00b0C<br data-start=\"923\" data-end=\"926\" \/><strong data-start=\"926\" data-end=\"937\">Montimi<\/strong>: Montim me kapje (snap\u2011on) \u2014 nuk k\u00ebrkon vid\u00eb apo mekaniz\u00ebm montimi t\u00eb komplikuar<br data-start=\"1018\" data-end=\"1021\" \/><strong data-start=\"1021\" data-end=\"1031\">Moduli<\/strong>: 1<br data-start=\"1034\" data-end=\"1037\" \/><strong data-start=\"1037\" data-end=\"1047\">Modeli<\/strong>: Central cover plate<br data-start=\"1068\" data-end=\"1071\" \/><strong data-start=\"1071\" data-end=\"1094\">Materiali \/ cil\u00ebsia<\/strong>: Plastik\u00eb termoplastike<br data-start=\"1118\" data-end=\"1121\" \/><strong data-start=\"1121\" data-end=\"1131\">Lidhja<\/strong>: Engage snap\u2011on<br data-start=\"1147\" data-end=\"1150\" \/><strong data-start=\"1150\" data-end=\"1167\">Halogjen free<\/strong>: Po<\/p>","protected":false},"excerpt":{"rendered":"<p>Seria: Living Now BTicinoLloji: Mbules\u00eb p\u00ebr falsifikat\u00eb (blanking), 1 modulP\u00ebrdorimi: P\u00ebrdoret p\u00ebr t\u00eb mbuluar modul\u00ebt bosh (false pole) t\u00eb seris\u00eb Living Now duke siguruar nj\u00eb p\u00ebrfundim estetik dhe t\u00eb p\u00ebrputhsh\u00ebm me pajisjet e tjera t\u00eb seris\u00ebP\u00ebrmasat totale: 22 mm gjer\u00ebsi \u00d7 86 mm lart\u00ebsi \u00d7 7 mm thell\u00ebsiMateriali: Plastik\u00eb termoplastike pa halogjen, sip\u00ebrfaqe mat, pa [&hellip;]<\/p>","protected":false},"featured_media":3630,"comment_status":"open","ping_status":"closed","template":"","meta":{"_acf_changed":false},"product_brand":[],"product_cat":[40,64],"product_tag":[],"class_list":{"0":"post-3629","1":"product","2":"type-product","3":"status-publish","4":"has-post-thumbnail","6":"product_cat-serite-civile","7":"product_cat-living-now","9":"first","10":"instock","11":"shipping-taxable","12":"product-type-simple"},"acf":[],"_links":{"self":[{"href":"https:\/\/www.brikaelektrik.al\/al\/wp-json\/wp\/v2\/product\/3629","targetHints":{"allow":["GET"]}}],"collection":[{"href":"https:\/\/www.brikaelektrik.al\/al\/wp-json\/wp\/v2\/product"}],"about":[{"href":"https:\/\/www.brikaelektrik.al\/al\/wp-json\/wp\/v2\/types\/product"}],"replies":[{"embeddable":true,"href":"https:\/\/www.brikaelektrik.al\/al\/wp-json\/wp\/v2\/comments?post=3629"}],"wp:featuredmedia":[{"embeddable":true,"href":"https:\/\/www.brikaelektrik.al\/al\/wp-json\/wp\/v2\/media\/3630"}],"wp:attachment":[{"href":"https:\/\/www.brikaelektrik.al\/al\/wp-json\/wp\/v2\/media?parent=3629"}],"wp:term":[{"taxonomy":"product_brand","embeddable":true,"href":"https:\/\/www.brikaelektrik.al\/al\/wp-json\/wp\/v2\/product_brand?post=3629"},{"taxonomy":"product_cat","embeddable":true,"href":"https:\/\/www.brikaelektrik.al\/al\/wp-json\/wp\/v2\/product_cat?post=3629"},{"taxonomy":"product_tag","embeddable":true,"href":"https:\/\/www.brikaelektrik.al\/al\/wp-json\/wp\/v2\/product_tag?post=3629"}],"curies":[{"name":"wp","href":"https:\/\/api.w.org\/{rel}","templated":true}]}}