{"id":3631,"date":"2025-08-25T12:50:40","date_gmt":"2025-08-25T12:50:40","guid":{"rendered":"https:\/\/www.brikaelektrik.al\/?post_type=product&#038;p=3631"},"modified":"2025-08-25T12:50:40","modified_gmt":"2025-08-25T12:50:40","slug":"cover-usb-1m-tip-a-15w-e-bardhe","status":"publish","type":"product","link":"https:\/\/www.brikaelektrik.al\/al\/produkt\/cover-usb-1m-tip-a-15w-e-bardhe\/","title":{"rendered":"COVER USB 1M TIP A 15W E BARDH\u00cb"},"content":{"rendered":"<p><strong data-start=\"226\" data-end=\"235\">Seria<\/strong>: Living Now BTicino<br data-start=\"255\" data-end=\"258\" \/><strong data-start=\"258\" data-end=\"267\">Lloji<\/strong>: Mbules\u00eb p\u00ebr karikues USB, 1 modul<br data-start=\"302\" data-end=\"305\" data-is-only-node=\"\" \/><strong data-start=\"305\" data-end=\"318\">P\u00ebrdorimi<\/strong>: P\u00ebrdoret p\u00ebr t\u00eb mbuluar karikuesin USB t\u00eb seris\u00eb Living Now, duke ofruar p\u00ebrfundim estetik dhe p\u00ebrputhje me pajisjet e tjera t\u00eb seris\u00eb<br data-start=\"454\" data-end=\"457\" \/><strong data-start=\"457\" data-end=\"476\">P\u00ebrmasat totale<\/strong>: 22 mm gjer\u00ebsi \u00d7 86 mm lart\u00ebsi \u00d7 7 mm thell\u00ebsi<br data-start=\"523\" data-end=\"526\" \/><strong data-start=\"526\" data-end=\"539\">Materiali<\/strong>: Plastik\u00eb termoplastike pa halogjen, sip\u00ebrfaqe mat, pa trajtim sip\u00ebrfaq\u00ebsor, pa trajtim antimikrobial<br data-start=\"641\" data-end=\"644\" \/><strong data-start=\"644\" data-end=\"654\">Ngjyra<\/strong>: E bardh\u00eb\u00a0<br data-start=\"702\" data-end=\"705\" \/><strong data-start=\"705\" data-end=\"717\">Mbrojtja<\/strong>: IP20 (mbrojtje nga pluhuri dhe objekte t\u00eb m\u00ebdha), IK00 (pa mbrojtje nga goditjet)<br data-start=\"800\" data-end=\"803\" \/><strong data-start=\"803\" data-end=\"826\">Temperatura e pun\u00ebs<\/strong>: \u20135\u202f\u00b0C deri +35\u202f\u00b0C<br data-start=\"845\" data-end=\"848\" \/><strong data-start=\"848\" data-end=\"877\">Temperatura e magazinimit<\/strong>: \u201310\u202f\u00b0C deri +70\u202f\u00b0C<br data-start=\"897\" data-end=\"900\" \/><strong data-start=\"900\" data-end=\"911\">Montimi<\/strong>: Montim me kapje (snap\u2011on) \u2014 nuk k\u00ebrkon vid\u00eb apo mekaniz\u00ebm montimi t\u00eb komplikuar<br data-start=\"992\" data-end=\"995\" \/><strong data-start=\"995\" data-end=\"1005\">Moduli<\/strong>: 1<br data-start=\"1008\" data-end=\"1011\" \/><strong data-start=\"1011\" data-end=\"1021\">Modeli<\/strong>: Central cover plate<br data-start=\"1042\" data-end=\"1045\" \/><strong data-start=\"1045\" data-end=\"1068\">Materiali \/ cil\u00ebsia<\/strong>: Plastik\u00eb termoplastike<br data-start=\"1092\" data-end=\"1095\" \/><strong data-start=\"1095\" data-end=\"1105\">Lidhja<\/strong>: Engage snap\u2011on<br data-start=\"1121\" data-end=\"1124\" \/><strong data-start=\"1124\" data-end=\"1141\">Halogjen free<\/strong>: Po<\/p>","protected":false},"excerpt":{"rendered":"<p>Seria: Living Now BTicinoLloji: Mbules\u00eb p\u00ebr karikues USB, 1 modulP\u00ebrdorimi: P\u00ebrdoret p\u00ebr t\u00eb mbuluar karikuesin USB t\u00eb seris\u00eb Living Now, duke ofruar p\u00ebrfundim estetik dhe p\u00ebrputhje me pajisjet e tjera t\u00eb seris\u00ebP\u00ebrmasat totale: 22 mm gjer\u00ebsi \u00d7 86 mm lart\u00ebsi \u00d7 7 mm thell\u00ebsiMateriali: Plastik\u00eb termoplastike pa halogjen, sip\u00ebrfaqe mat, pa trajtim sip\u00ebrfaq\u00ebsor, pa trajtim [&hellip;]<\/p>","protected":false},"featured_media":3632,"comment_status":"open","ping_status":"closed","template":"","meta":{"_acf_changed":false},"product_brand":[],"product_cat":[40,64],"product_tag":[],"class_list":{"0":"post-3631","1":"product","2":"type-product","3":"status-publish","4":"has-post-thumbnail","6":"product_cat-serite-civile","7":"product_cat-living-now","9":"first","10":"instock","11":"shipping-taxable","12":"product-type-simple"},"acf":[],"_links":{"self":[{"href":"https:\/\/www.brikaelektrik.al\/al\/wp-json\/wp\/v2\/product\/3631","targetHints":{"allow":["GET"]}}],"collection":[{"href":"https:\/\/www.brikaelektrik.al\/al\/wp-json\/wp\/v2\/product"}],"about":[{"href":"https:\/\/www.brikaelektrik.al\/al\/wp-json\/wp\/v2\/types\/product"}],"replies":[{"embeddable":true,"href":"https:\/\/www.brikaelektrik.al\/al\/wp-json\/wp\/v2\/comments?post=3631"}],"wp:featuredmedia":[{"embeddable":true,"href":"https:\/\/www.brikaelektrik.al\/al\/wp-json\/wp\/v2\/media\/3632"}],"wp:attachment":[{"href":"https:\/\/www.brikaelektrik.al\/al\/wp-json\/wp\/v2\/media?parent=3631"}],"wp:term":[{"taxonomy":"product_brand","embeddable":true,"href":"https:\/\/www.brikaelektrik.al\/al\/wp-json\/wp\/v2\/product_brand?post=3631"},{"taxonomy":"product_cat","embeddable":true,"href":"https:\/\/www.brikaelektrik.al\/al\/wp-json\/wp\/v2\/product_cat?post=3631"},{"taxonomy":"product_tag","embeddable":true,"href":"https:\/\/www.brikaelektrik.al\/al\/wp-json\/wp\/v2\/product_tag?post=3631"}],"curies":[{"name":"wp","href":"https:\/\/api.w.org\/{rel}","templated":true}]}}