{"id":3633,"date":"2025-08-25T12:58:51","date_gmt":"2025-08-25T12:58:51","guid":{"rendered":"https:\/\/www.brikaelektrik.al\/?post_type=product&#038;p=3633"},"modified":"2025-08-25T13:00:58","modified_gmt":"2025-08-25T13:00:58","slug":"cover-usb-1m-tip-a-15w-i-zi","status":"publish","type":"product","link":"https:\/\/www.brikaelektrik.al\/al\/produkt\/cover-usb-1m-tip-a-15w-i-zi\/","title":{"rendered":"COVER USB 1M TIP A 15W I ZI"},"content":{"rendered":"<p><strong data-start=\"214\" data-end=\"223\">Seria<\/strong>: Living Now BTicino<br data-start=\"243\" data-end=\"246\" \/><strong data-start=\"246\" data-end=\"255\">Lloji<\/strong>: Mbules\u00eb p\u00ebr karikues USB, 1 modul<br data-start=\"290\" data-end=\"293\" data-is-only-node=\"\" \/><strong data-start=\"293\" data-end=\"306\">P\u00ebrdorimi<\/strong>: P\u00ebrdoret p\u00ebr t\u00eb mbuluar karikuesin USB (artikujt K4191A dhe K4192C) t\u00eb seris\u00eb Living Now, duke siguruar nj\u00eb p\u00ebrfundim estetik dhe t\u00eb pajtuesh\u00ebm me pajisjet e tjera t\u00eb seris\u00eb<br data-start=\"481\" data-end=\"484\" \/><strong data-start=\"484\" data-end=\"503\">P\u00ebrmasat totale<\/strong>: 22 mm gjer\u00ebsi \u00d7 86 mm lart\u00ebsi \u00d7 7 mm thell\u00ebsi<br data-start=\"550\" data-end=\"553\" \/><strong data-start=\"553\" data-end=\"566\">Materiali<\/strong>: Plastik\u00eb termoplastike pa halogjen, sip\u00ebrfaqe mat, pa trajtim sip\u00ebrfaq\u00ebsor, pa trajtim antimikrobial<br data-start=\"668\" data-end=\"671\" \/><strong data-start=\"671\" data-end=\"681\">Ngjyra<\/strong>: E zez\u00eb (ngjyr\u00eb shum\u00eb e ngjashme me RAL\u202f7015)<br data-start=\"727\" data-end=\"730\" \/><strong data-start=\"730\" data-end=\"742\">Mbrojtja<\/strong>: IP20 (mbrojtje nga pluhuri dhe objektet e m\u00ebdha), IK00 (pa mbrojtje nga goditjet)<br data-start=\"825\" data-end=\"828\" \/><strong data-start=\"828\" data-end=\"851\">Temperatura e pun\u00ebs<\/strong>: \u20135\u202f\u00b0C deri +35\u202f\u00b0C<br data-start=\"870\" data-end=\"873\" \/><strong data-start=\"873\" data-end=\"902\">Temperatura e magazinimit<\/strong>: \u201310\u202f\u00b0C deri +70\u202f\u00b0C<br data-start=\"922\" data-end=\"925\" \/><strong data-start=\"925\" data-end=\"936\">Montimi<\/strong>: Montim me kapje (snap\u2011on) \u2014 nuk k\u00ebrkon vid\u00eb apo mekaniz\u00ebm montimi t\u00eb komplikuar<br data-start=\"1017\" data-end=\"1020\" \/><strong data-start=\"1020\" data-end=\"1030\">Moduli<\/strong>: 1<br data-start=\"1033\" data-end=\"1036\" \/><strong data-start=\"1036\" data-end=\"1046\">Modeli<\/strong>: Central cover plate<br data-start=\"1067\" data-end=\"1070\" \/><strong data-start=\"1070\" data-end=\"1093\">Materiali \/ cil\u00ebsia<\/strong>: Plastik\u00eb termoplastike<br data-start=\"1117\" data-end=\"1120\" \/><strong data-start=\"1120\" data-end=\"1130\">Lidhja<\/strong>: Engage snap\u2011on<br data-start=\"1146\" data-end=\"1149\" \/><strong data-start=\"1149\" data-end=\"1166\">Halogjen free<\/strong>: Po<\/p>","protected":false},"excerpt":{"rendered":"<p>Seria: Living Now BTicinoLloji: Mbules\u00eb p\u00ebr karikues USB, 1 modulP\u00ebrdorimi: P\u00ebrdoret p\u00ebr t\u00eb mbuluar karikuesin USB (artikujt K4191A dhe K4192C) t\u00eb seris\u00eb Living Now, duke siguruar nj\u00eb p\u00ebrfundim estetik dhe t\u00eb pajtuesh\u00ebm me pajisjet e tjera t\u00eb seris\u00ebP\u00ebrmasat totale: 22 mm gjer\u00ebsi \u00d7 86 mm lart\u00ebsi \u00d7 7 mm thell\u00ebsiMateriali: Plastik\u00eb termoplastike pa halogjen, sip\u00ebrfaqe [&hellip;]<\/p>","protected":false},"featured_media":3636,"comment_status":"open","ping_status":"closed","template":"","meta":{"_acf_changed":false},"product_brand":[],"product_cat":[40,64],"product_tag":[],"class_list":{"0":"post-3633","1":"product","2":"type-product","3":"status-publish","4":"has-post-thumbnail","6":"product_cat-serite-civile","7":"product_cat-living-now","9":"first","10":"instock","11":"shipping-taxable","12":"product-type-simple"},"acf":[],"_links":{"self":[{"href":"https:\/\/www.brikaelektrik.al\/al\/wp-json\/wp\/v2\/product\/3633","targetHints":{"allow":["GET"]}}],"collection":[{"href":"https:\/\/www.brikaelektrik.al\/al\/wp-json\/wp\/v2\/product"}],"about":[{"href":"https:\/\/www.brikaelektrik.al\/al\/wp-json\/wp\/v2\/types\/product"}],"replies":[{"embeddable":true,"href":"https:\/\/www.brikaelektrik.al\/al\/wp-json\/wp\/v2\/comments?post=3633"}],"wp:featuredmedia":[{"embeddable":true,"href":"https:\/\/www.brikaelektrik.al\/al\/wp-json\/wp\/v2\/media\/3636"}],"wp:attachment":[{"href":"https:\/\/www.brikaelektrik.al\/al\/wp-json\/wp\/v2\/media?parent=3633"}],"wp:term":[{"taxonomy":"product_brand","embeddable":true,"href":"https:\/\/www.brikaelektrik.al\/al\/wp-json\/wp\/v2\/product_brand?post=3633"},{"taxonomy":"product_cat","embeddable":true,"href":"https:\/\/www.brikaelektrik.al\/al\/wp-json\/wp\/v2\/product_cat?post=3633"},{"taxonomy":"product_tag","embeddable":true,"href":"https:\/\/www.brikaelektrik.al\/al\/wp-json\/wp\/v2\/product_tag?post=3633"}],"curies":[{"name":"wp","href":"https:\/\/api.w.org\/{rel}","templated":true}]}}