{"id":3635,"date":"2025-08-25T13:01:54","date_gmt":"2025-08-25T13:01:54","guid":{"rendered":"https:\/\/www.brikaelektrik.al\/?post_type=product&#038;p=3635"},"modified":"2025-08-25T13:01:54","modified_gmt":"2025-08-25T13:01:54","slug":"shuko-e-kuqe-2pt-16a","status":"publish","type":"product","link":"https:\/\/www.brikaelektrik.al\/al\/produkt\/shuko-e-kuqe-2pt-16a\/","title":{"rendered":"SHUKO E KUQE  2P+T 16A"},"content":{"rendered":"<p><strong>Seria:<\/strong> Matix<br data-start=\"185\" data-end=\"188\" \/><strong>Lloji:<\/strong> Priz\u00eb standard gjerman 10\/16A 250 Vac\u00a0<br data-start=\"249\" data-end=\"252\" \/><strong>Rryma nominale<\/strong> \/ Fuqia: 10-16A<br data-start=\"283\" data-end=\"286\" \/><strong>Tensioni:<\/strong> 250V AC<br data-start=\"354\" data-end=\"357\" \/><strong>Ngjyra:<\/strong> E kuqe<br data-start=\"375\" data-end=\"378\" \/><strong>Mbrojtje:<\/strong> IP20, kontakte t\u00eb mbrojtura (child safety)<br data-start=\"434\" data-end=\"437\" \/><strong>Materiali:<\/strong> Termoplastik pa halogjen<br \/>\n<strong>Lidhje elektrike:<\/strong>\u00a0Me vid\u00eb (terminale t\u00eb fiksuara)<br data-start=\"662\" data-end=\"665\" \/><strong>Certifikime:<\/strong> CE n\u00eb p\u00ebrputhje me direktivat LVD 2014\/35\/EU dhe EMC 2014\/30\/EU, standarde IEC dhe CB scheme<br data-start=\"774\" data-end=\"777\" \/><\/p>","protected":false},"excerpt":{"rendered":"<p>Seria: MatixLloji: Priz\u00eb standard gjerman 10\/16A 250 Vac\u00a0Rryma nominale \/ Fuqia: 10-16ATensioni: 250V ACNgjyra: E kuqeMbrojtje: IP20, kontakte t\u00eb mbrojtura (child safety)Materiali: Termoplastik pa halogjen Lidhje elektrike:\u00a0Me vid\u00eb (terminale t\u00eb fiksuara)Certifikime: CE n\u00eb p\u00ebrputhje me direktivat LVD 2014\/35\/EU dhe EMC 2014\/30\/EU, standarde IEC dhe CB scheme<\/p>","protected":false},"featured_media":3640,"comment_status":"open","ping_status":"closed","template":"","meta":{"_acf_changed":false},"product_brand":[],"product_cat":[40,66],"product_tag":[],"class_list":{"0":"post-3635","1":"product","2":"type-product","3":"status-publish","4":"has-post-thumbnail","6":"product_cat-serite-civile","7":"product_cat-matix","9":"first","10":"instock","11":"shipping-taxable","12":"product-type-simple"},"acf":[],"_links":{"self":[{"href":"https:\/\/www.brikaelektrik.al\/al\/wp-json\/wp\/v2\/product\/3635","targetHints":{"allow":["GET"]}}],"collection":[{"href":"https:\/\/www.brikaelektrik.al\/al\/wp-json\/wp\/v2\/product"}],"about":[{"href":"https:\/\/www.brikaelektrik.al\/al\/wp-json\/wp\/v2\/types\/product"}],"replies":[{"embeddable":true,"href":"https:\/\/www.brikaelektrik.al\/al\/wp-json\/wp\/v2\/comments?post=3635"}],"wp:featuredmedia":[{"embeddable":true,"href":"https:\/\/www.brikaelektrik.al\/al\/wp-json\/wp\/v2\/media\/3640"}],"wp:attachment":[{"href":"https:\/\/www.brikaelektrik.al\/al\/wp-json\/wp\/v2\/media?parent=3635"}],"wp:term":[{"taxonomy":"product_brand","embeddable":true,"href":"https:\/\/www.brikaelektrik.al\/al\/wp-json\/wp\/v2\/product_brand?post=3635"},{"taxonomy":"product_cat","embeddable":true,"href":"https:\/\/www.brikaelektrik.al\/al\/wp-json\/wp\/v2\/product_cat?post=3635"},{"taxonomy":"product_tag","embeddable":true,"href":"https:\/\/www.brikaelektrik.al\/al\/wp-json\/wp\/v2\/product_tag?post=3635"}],"curies":[{"name":"wp","href":"https:\/\/api.w.org\/{rel}","templated":true}]}}