{"id":3639,"date":"2025-08-25T13:03:20","date_gmt":"2025-08-25T13:03:20","guid":{"rendered":"https:\/\/www.brikaelektrik.al\/?post_type=product&#038;p=3639"},"modified":"2025-08-25T13:03:20","modified_gmt":"2025-08-25T13:03:20","slug":"cover-usb-1m-tip-a-15w-krem","status":"publish","type":"product","link":"https:\/\/www.brikaelektrik.al\/al\/produkt\/cover-usb-1m-tip-a-15w-krem\/","title":{"rendered":"COVER USB 1M TIP A 15W KREM"},"content":{"rendered":"<p><strong data-start=\"207\" data-end=\"216\">Seria<\/strong>: Living Now BTicino<br data-start=\"236\" data-end=\"239\" \/><strong data-start=\"239\" data-end=\"248\">Lloji<\/strong>: Mbules\u00eb p\u00ebr karikues USB, 1 modul<br data-start=\"283\" data-end=\"286\" data-is-only-node=\"\" \/><strong data-start=\"286\" data-end=\"299\">P\u00ebrdorimi<\/strong>: P\u00ebrdoret p\u00ebr t\u00eb mbuluar karikuesit USB (artikujt K4191A dhe K4192C) t\u00eb seris\u00eb Living Now, duke krijuar nj\u00eb p\u00ebrfundim estetik dhe t\u00eb p\u00ebrputhsh\u00ebm me pajisjet e tjera t\u00eb seris\u00eb<br data-start=\"474\" data-end=\"477\" \/><strong data-start=\"477\" data-end=\"496\">P\u00ebrmasat totale<\/strong>: 22 mm gjer\u00ebsi \u00d7 86 mm lart\u00ebsi \u00d7 7 mm thell\u00ebsi<br data-start=\"543\" data-end=\"546\" \/><strong data-start=\"546\" data-end=\"559\">Materiali<\/strong>: Plastik\u00eb termoplastike pa halogjen, sip\u00ebrfaqe mat, pa trajtim t\u00eb sip\u00ebrfaqes, pa trajtim antimikrobial<br data-start=\"662\" data-end=\"665\" \/><strong data-start=\"665\" data-end=\"675\">Ngjyra<\/strong>: Bezh\u00eb<br data-start=\"720\" data-end=\"723\" \/><strong data-start=\"723\" data-end=\"735\">Mbrojtja<\/strong>: IP20 (mbrojtje nga pluhuri dhe objekte t\u00eb m\u00ebdha), IK00 (pa mbrojtje nga goditjet)<br data-start=\"818\" data-end=\"821\" \/><strong data-start=\"821\" data-end=\"844\">Temperatura e pun\u00ebs<\/strong>: \u20135\u202f\u00b0C deri +35\u202f\u00b0C<br data-start=\"863\" data-end=\"866\" \/><strong data-start=\"866\" data-end=\"895\">Temperatura e magazinimit<\/strong>: \u201310\u202f\u00b0C deri +70\u202f\u00b0C<br data-start=\"915\" data-end=\"918\" \/><strong data-start=\"918\" data-end=\"929\">Montimi<\/strong>: Montim me kapje (snap\u2011on) \u2014 pa nevoj\u00eb p\u00ebr vid\u00eb apo mekaniz\u00ebm komplikuar<br data-start=\"1002\" data-end=\"1005\" \/><strong data-start=\"1005\" data-end=\"1015\">Moduli<\/strong>: 1<br data-start=\"1018\" data-end=\"1021\" \/><strong data-start=\"1021\" data-end=\"1031\">Modeli<\/strong>: Central cover plate<br data-start=\"1052\" data-end=\"1055\" \/><strong data-start=\"1055\" data-end=\"1078\">Materiali \/ cil\u00ebsia<\/strong>: Plastik\u00eb termoplastike<br data-start=\"1102\" data-end=\"1105\" \/><strong data-start=\"1105\" data-end=\"1115\">Lidhja<\/strong>: Engage snap\u2011on<br data-start=\"1131\" data-end=\"1134\" \/><strong data-start=\"1134\" data-end=\"1151\">Halogjen free<\/strong>: Po<\/p>","protected":false},"excerpt":{"rendered":"<p>Seria: Living Now BTicinoLloji: Mbules\u00eb p\u00ebr karikues USB, 1 modulP\u00ebrdorimi: P\u00ebrdoret p\u00ebr t\u00eb mbuluar karikuesit USB (artikujt K4191A dhe K4192C) t\u00eb seris\u00eb Living Now, duke krijuar nj\u00eb p\u00ebrfundim estetik dhe t\u00eb p\u00ebrputhsh\u00ebm me pajisjet e tjera t\u00eb seris\u00ebP\u00ebrmasat totale: 22 mm gjer\u00ebsi \u00d7 86 mm lart\u00ebsi \u00d7 7 mm thell\u00ebsiMateriali: Plastik\u00eb termoplastike pa halogjen, sip\u00ebrfaqe [&hellip;]<\/p>","protected":false},"featured_media":3642,"comment_status":"open","ping_status":"closed","template":"","meta":{"_acf_changed":false},"product_brand":[],"product_cat":[40,64],"product_tag":[],"class_list":{"0":"post-3639","1":"product","2":"type-product","3":"status-publish","4":"has-post-thumbnail","6":"product_cat-serite-civile","7":"product_cat-living-now","9":"first","10":"instock","11":"shipping-taxable","12":"product-type-simple"},"acf":[],"_links":{"self":[{"href":"https:\/\/www.brikaelektrik.al\/al\/wp-json\/wp\/v2\/product\/3639","targetHints":{"allow":["GET"]}}],"collection":[{"href":"https:\/\/www.brikaelektrik.al\/al\/wp-json\/wp\/v2\/product"}],"about":[{"href":"https:\/\/www.brikaelektrik.al\/al\/wp-json\/wp\/v2\/types\/product"}],"replies":[{"embeddable":true,"href":"https:\/\/www.brikaelektrik.al\/al\/wp-json\/wp\/v2\/comments?post=3639"}],"wp:featuredmedia":[{"embeddable":true,"href":"https:\/\/www.brikaelektrik.al\/al\/wp-json\/wp\/v2\/media\/3642"}],"wp:attachment":[{"href":"https:\/\/www.brikaelektrik.al\/al\/wp-json\/wp\/v2\/media?parent=3639"}],"wp:term":[{"taxonomy":"product_brand","embeddable":true,"href":"https:\/\/www.brikaelektrik.al\/al\/wp-json\/wp\/v2\/product_brand?post=3639"},{"taxonomy":"product_cat","embeddable":true,"href":"https:\/\/www.brikaelektrik.al\/al\/wp-json\/wp\/v2\/product_cat?post=3639"},{"taxonomy":"product_tag","embeddable":true,"href":"https:\/\/www.brikaelektrik.al\/al\/wp-json\/wp\/v2\/product_tag?post=3639"}],"curies":[{"name":"wp","href":"https:\/\/api.w.org\/{rel}","templated":true}]}}