{"id":3641,"date":"2025-08-25T13:12:35","date_gmt":"2025-08-25T13:12:35","guid":{"rendered":"https:\/\/www.brikaelektrik.al\/?post_type=product&#038;p=3641"},"modified":"2025-08-25T13:12:35","modified_gmt":"2025-08-25T13:12:35","slug":"tapa","status":"publish","type":"product","link":"https:\/\/www.brikaelektrik.al\/al\/produkt\/tapa\/","title":{"rendered":"TAPA"},"content":{"rendered":"<p><strong data-start=\"185\" data-end=\"195\">Seria:<\/strong><span class=\"relative -mx-px my-[-0.2rem] rounded px-px py-[0.2rem] transition-colors duration-100 ease-in-out\"> Matix<\/span><br data-start=\"233\" data-end=\"236\" \/><strong data-start=\"236\" data-end=\"246\">Lloji:<\/strong> Pllak\u00eb mbuluese fallco<br data-start=\"284\" data-end=\"287\" \/><strong data-start=\"287\" data-end=\"298\">Ngjyra:<\/strong> E <span class=\"relative -mx-px my-[-0.2rem] rounded px-px py-[0.2rem] transition-colors duration-100 ease-in-out\">Bardh\u00eb<\/span><br data-start=\"336\" data-end=\"339\" \/><strong data-start=\"339\" data-end=\"353\">Materiali:<\/strong> <span class=\"relative -mx-px my-[-0.2rem] rounded px-px py-[0.2rem] transition-colors duration-100 ease-in-out\">Tehnopolimer<\/span><br data-start=\"610\" data-end=\"613\" \/><strong data-start=\"613\" data-end=\"627\">P\u00ebrdorimi:<\/strong> <span class=\"relative -mx-px my-[-0.2rem] rounded px-px py-[0.2rem] transition-colors duration-100 ease-in-out\">Ideal p\u00ebr mbulimin e hap\u00ebsirave t\u00eb pap\u00ebrdorura n\u00eb kutit\u00eb modulare t\u00eb seris\u00eb Matix<\/span><\/p>","protected":false},"excerpt":{"rendered":"<p>Seria: MatixLloji: Pllak\u00eb mbuluese fallcoNgjyra: E Bardh\u00ebMateriali: TehnopolimerP\u00ebrdorimi: Ideal p\u00ebr mbulimin e hap\u00ebsirave t\u00eb pap\u00ebrdorura n\u00eb kutit\u00eb modulare t\u00eb seris\u00eb Matix<\/p>","protected":false},"featured_media":3647,"comment_status":"open","ping_status":"closed","template":"","meta":{"_acf_changed":false},"product_brand":[],"product_cat":[40,66],"product_tag":[],"class_list":{"0":"post-3641","1":"product","2":"type-product","3":"status-publish","4":"has-post-thumbnail","6":"product_cat-serite-civile","7":"product_cat-matix","9":"first","10":"instock","11":"shipping-taxable","12":"product-type-simple"},"acf":[],"_links":{"self":[{"href":"https:\/\/www.brikaelektrik.al\/al\/wp-json\/wp\/v2\/product\/3641","targetHints":{"allow":["GET"]}}],"collection":[{"href":"https:\/\/www.brikaelektrik.al\/al\/wp-json\/wp\/v2\/product"}],"about":[{"href":"https:\/\/www.brikaelektrik.al\/al\/wp-json\/wp\/v2\/types\/product"}],"replies":[{"embeddable":true,"href":"https:\/\/www.brikaelektrik.al\/al\/wp-json\/wp\/v2\/comments?post=3641"}],"wp:featuredmedia":[{"embeddable":true,"href":"https:\/\/www.brikaelektrik.al\/al\/wp-json\/wp\/v2\/media\/3647"}],"wp:attachment":[{"href":"https:\/\/www.brikaelektrik.al\/al\/wp-json\/wp\/v2\/media?parent=3641"}],"wp:term":[{"taxonomy":"product_brand","embeddable":true,"href":"https:\/\/www.brikaelektrik.al\/al\/wp-json\/wp\/v2\/product_brand?post=3641"},{"taxonomy":"product_cat","embeddable":true,"href":"https:\/\/www.brikaelektrik.al\/al\/wp-json\/wp\/v2\/product_cat?post=3641"},{"taxonomy":"product_tag","embeddable":true,"href":"https:\/\/www.brikaelektrik.al\/al\/wp-json\/wp\/v2\/product_tag?post=3641"}],"curies":[{"name":"wp","href":"https:\/\/api.w.org\/{rel}","templated":true}]}}