{"id":3643,"date":"2025-08-25T13:05:43","date_gmt":"2025-08-25T13:05:43","guid":{"rendered":"https:\/\/www.brikaelektrik.al\/?post_type=product&#038;p=3643"},"modified":"2025-08-25T13:05:43","modified_gmt":"2025-08-25T13:05:43","slug":"cover-zile-1m-e-zeze","status":"publish","type":"product","link":"https:\/\/www.brikaelektrik.al\/al\/produkt\/cover-zile-1m-e-zeze\/","title":{"rendered":"COVER ZILE 1M E ZEZ\u00cb"},"content":{"rendered":"<p><strong data-start=\"214\" data-end=\"223\">Seria<\/strong>: Living Now BTicino<br data-start=\"243\" data-end=\"246\" \/><strong data-start=\"246\" data-end=\"255\">Lloji<\/strong>: Mbules\u00eb p\u00ebr zile bakri dhe buzzer, 1 modul<br data-start=\"299\" data-end=\"302\" data-is-only-node=\"\" \/><strong data-start=\"302\" data-end=\"315\">P\u00ebrdorimi<\/strong>: P\u00ebrdoret p\u00ebr t\u00eb mbuluar zile bakri dhe buzzer (artikujt K4351V230 dhe K4356V230) t\u00eb seris\u00eb Living Now, duke krijuar nj\u00eb p\u00ebrfundim estetik dhe t\u00eb integruar me pajisjet e tjera t\u00eb seris\u00eb<br data-start=\"501\" data-end=\"504\" \/><strong data-start=\"504\" data-end=\"523\">P\u00ebrmasat totale<\/strong>: 22 mm gjer\u00ebsi \u00d7 86 mm lart\u00ebsi \u00d7 7 mm thell\u00ebsi<br data-start=\"570\" data-end=\"573\" \/><strong data-start=\"573\" data-end=\"586\">Materiali<\/strong>: Plastik\u00eb termoplastike pa halogjen, sip\u00ebrfaqe mat, pa trajtim sip\u00ebrfaq\u00ebsor, pa trajtim antimikrobial<br data-start=\"688\" data-end=\"691\" \/><strong data-start=\"691\" data-end=\"701\">Ngjyra<\/strong>: E zez\u00eb\u00a0<br data-start=\"747\" data-end=\"750\" \/><strong data-start=\"750\" data-end=\"762\">Mbrojtja<\/strong>: IP20 (mbrojtje nga pluhuri dhe objektet e m\u00ebdha), IK00 (pa mbrojtje nga goditjet)<br data-start=\"845\" data-end=\"848\" \/><strong data-start=\"848\" data-end=\"871\">Temperatura e pun\u00ebs<\/strong>: \u20135\u202f\u00b0C deri +50\u202f\u00b0C<br data-start=\"890\" data-end=\"893\" \/><strong data-start=\"893\" data-end=\"922\">Temperatura e magazinimit<\/strong>: \u201310\u202f\u00b0C deri +70\u202f\u00b0C<br data-start=\"942\" data-end=\"945\" \/><strong data-start=\"945\" data-end=\"956\">Montimi<\/strong>: Montim me kapje (snap\u2011on) \u2014 nuk k\u00ebrkon vid\u00eb apo mekaniz\u00ebm montimi t\u00eb komplikuar<br data-start=\"1037\" data-end=\"1040\" \/><strong data-start=\"1040\" data-end=\"1050\">Moduli<\/strong>: 1<br data-start=\"1053\" data-end=\"1056\" \/><strong data-start=\"1056\" data-end=\"1066\">Modeli<\/strong>: Central cover plate<br data-start=\"1087\" data-end=\"1090\" \/><strong data-start=\"1090\" data-end=\"1113\">Materiali \/ cil\u00ebsia<\/strong>: Plastik\u00eb termoplastike<br data-start=\"1137\" data-end=\"1140\" \/><strong data-start=\"1140\" data-end=\"1150\">Lidhja<\/strong>: Engage snap\u2011on<br data-start=\"1166\" data-end=\"1169\" \/><strong data-start=\"1169\" data-end=\"1186\">Halogjen free<\/strong>: Po<\/p>","protected":false},"excerpt":{"rendered":"<p>Seria: Living Now BTicinoLloji: Mbules\u00eb p\u00ebr zile bakri dhe buzzer, 1 modulP\u00ebrdorimi: P\u00ebrdoret p\u00ebr t\u00eb mbuluar zile bakri dhe buzzer (artikujt K4351V230 dhe K4356V230) t\u00eb seris\u00eb Living Now, duke krijuar nj\u00eb p\u00ebrfundim estetik dhe t\u00eb integruar me pajisjet e tjera t\u00eb seris\u00ebP\u00ebrmasat totale: 22 mm gjer\u00ebsi \u00d7 86 mm lart\u00ebsi \u00d7 7 mm thell\u00ebsiMateriali: Plastik\u00eb [&hellip;]<\/p>","protected":false},"featured_media":3644,"comment_status":"open","ping_status":"closed","template":"","meta":{"_acf_changed":false},"product_brand":[],"product_cat":[40,64],"product_tag":[],"class_list":{"0":"post-3643","1":"product","2":"type-product","3":"status-publish","4":"has-post-thumbnail","6":"product_cat-serite-civile","7":"product_cat-living-now","9":"first","10":"instock","11":"shipping-taxable","12":"product-type-simple"},"acf":[],"_links":{"self":[{"href":"https:\/\/www.brikaelektrik.al\/al\/wp-json\/wp\/v2\/product\/3643","targetHints":{"allow":["GET"]}}],"collection":[{"href":"https:\/\/www.brikaelektrik.al\/al\/wp-json\/wp\/v2\/product"}],"about":[{"href":"https:\/\/www.brikaelektrik.al\/al\/wp-json\/wp\/v2\/types\/product"}],"replies":[{"embeddable":true,"href":"https:\/\/www.brikaelektrik.al\/al\/wp-json\/wp\/v2\/comments?post=3643"}],"wp:featuredmedia":[{"embeddable":true,"href":"https:\/\/www.brikaelektrik.al\/al\/wp-json\/wp\/v2\/media\/3644"}],"wp:attachment":[{"href":"https:\/\/www.brikaelektrik.al\/al\/wp-json\/wp\/v2\/media?parent=3643"}],"wp:term":[{"taxonomy":"product_brand","embeddable":true,"href":"https:\/\/www.brikaelektrik.al\/al\/wp-json\/wp\/v2\/product_brand?post=3643"},{"taxonomy":"product_cat","embeddable":true,"href":"https:\/\/www.brikaelektrik.al\/al\/wp-json\/wp\/v2\/product_cat?post=3643"},{"taxonomy":"product_tag","embeddable":true,"href":"https:\/\/www.brikaelektrik.al\/al\/wp-json\/wp\/v2\/product_tag?post=3643"}],"curies":[{"name":"wp","href":"https:\/\/api.w.org\/{rel}","templated":true}]}}