{"id":3645,"date":"2025-08-25T13:10:05","date_gmt":"2025-08-25T13:10:05","guid":{"rendered":"https:\/\/www.brikaelektrik.al\/?post_type=product&#038;p=3645"},"modified":"2025-08-25T13:11:58","modified_gmt":"2025-08-25T13:11:58","slug":"cover-zile-e-bardhe","status":"publish","type":"product","link":"https:\/\/www.brikaelektrik.al\/al\/produkt\/cover-zile-e-bardhe\/","title":{"rendered":"COVER ZILE E BARDH\u00cb"},"content":{"rendered":"<p><strong data-start=\"198\" data-end=\"207\">Seria<\/strong>: Living Now BTicino<br data-start=\"227\" data-end=\"230\" \/><strong data-start=\"230\" data-end=\"239\" data-is-only-node=\"\">Lloji<\/strong>: Mbules\u00eb p\u00ebr zile dhe buzzer bakri, 1 modul<br data-start=\"283\" data-end=\"286\" \/><strong data-start=\"286\" data-end=\"299\">P\u00ebrdorimi<\/strong>: P\u00ebrdoret p\u00ebr t\u00eb mbuluar zile bakri dhe buzzer n\u00eb instalimet Living Now, duke siguruar p\u00ebrfundim estetik dhe p\u00ebrputhshm\u00ebri me pajisjet e tjera t\u00eb seris\u00eb<br data-start=\"452\" data-end=\"455\" \/><strong data-start=\"455\" data-end=\"474\">P\u00ebrmasat totale<\/strong>: 22 mm gjer\u00ebsi \u00d7 86 mm lart\u00ebsi \u00d7 7 mm thell\u00ebsi<br data-start=\"521\" data-end=\"524\" \/><strong data-start=\"524\" data-end=\"537\">Materiali<\/strong>: Plastik\u00eb termoplastike pa halogjen, sip\u00ebrfaqe mat, pa trajtim sip\u00ebrfaq\u00ebsor, pa trajtim antimikrobial<br data-start=\"639\" data-end=\"642\" \/><strong data-start=\"642\" data-end=\"652\">Ngjyra<\/strong>: E bardh\u00eb\u00a0<br data-start=\"700\" data-end=\"703\" \/><strong data-start=\"703\" data-end=\"715\">Mbrojtja<\/strong>: IP20 (mbrojtje nga pluhuri dhe objekte t\u00eb m\u00ebdha), IK00 (pa mbrojtje nga goditjet)<br data-start=\"798\" data-end=\"801\" \/><strong data-start=\"801\" data-end=\"824\">Temperatura e pun\u00ebs<\/strong>: \u20135\u202f\u00b0C deri +50\u202f\u00b0C<br data-start=\"843\" data-end=\"846\" \/><strong data-start=\"846\" data-end=\"875\">Temperatura e magazinimit<\/strong>: \u201310\u202f\u00b0C deri +70\u202f\u00b0C<br data-start=\"895\" data-end=\"898\" \/><strong data-start=\"898\" data-end=\"909\">Montimi<\/strong>: Montim me kapje (snap\u2011on) \u2014 nuk k\u00ebrkon vid\u00eb apo mekaniz\u00ebm montimi t\u00eb komplikuar<br data-start=\"990\" data-end=\"993\" \/><strong data-start=\"993\" data-end=\"1003\">Moduli<\/strong>: 1<\/p>","protected":false},"excerpt":{"rendered":"<p>Seria: Living Now BTicinoLloji: Mbules\u00eb p\u00ebr zile dhe buzzer bakri, 1 modulP\u00ebrdorimi: P\u00ebrdoret p\u00ebr t\u00eb mbuluar zile bakri dhe buzzer n\u00eb instalimet Living Now, duke siguruar p\u00ebrfundim estetik dhe p\u00ebrputhshm\u00ebri me pajisjet e tjera t\u00eb seris\u00ebP\u00ebrmasat totale: 22 mm gjer\u00ebsi \u00d7 86 mm lart\u00ebsi \u00d7 7 mm thell\u00ebsiMateriali: Plastik\u00eb termoplastike pa halogjen, sip\u00ebrfaqe mat, pa [&hellip;]<\/p>","protected":false},"featured_media":3646,"comment_status":"open","ping_status":"closed","template":"","meta":{"_acf_changed":false},"product_brand":[],"product_cat":[40,64],"product_tag":[],"class_list":{"0":"post-3645","1":"product","2":"type-product","3":"status-publish","4":"has-post-thumbnail","6":"product_cat-serite-civile","7":"product_cat-living-now","9":"first","10":"instock","11":"shipping-taxable","12":"product-type-simple"},"acf":[],"_links":{"self":[{"href":"https:\/\/www.brikaelektrik.al\/al\/wp-json\/wp\/v2\/product\/3645","targetHints":{"allow":["GET"]}}],"collection":[{"href":"https:\/\/www.brikaelektrik.al\/al\/wp-json\/wp\/v2\/product"}],"about":[{"href":"https:\/\/www.brikaelektrik.al\/al\/wp-json\/wp\/v2\/types\/product"}],"replies":[{"embeddable":true,"href":"https:\/\/www.brikaelektrik.al\/al\/wp-json\/wp\/v2\/comments?post=3645"}],"wp:featuredmedia":[{"embeddable":true,"href":"https:\/\/www.brikaelektrik.al\/al\/wp-json\/wp\/v2\/media\/3646"}],"wp:attachment":[{"href":"https:\/\/www.brikaelektrik.al\/al\/wp-json\/wp\/v2\/media?parent=3645"}],"wp:term":[{"taxonomy":"product_brand","embeddable":true,"href":"https:\/\/www.brikaelektrik.al\/al\/wp-json\/wp\/v2\/product_brand?post=3645"},{"taxonomy":"product_cat","embeddable":true,"href":"https:\/\/www.brikaelektrik.al\/al\/wp-json\/wp\/v2\/product_cat?post=3645"},{"taxonomy":"product_tag","embeddable":true,"href":"https:\/\/www.brikaelektrik.al\/al\/wp-json\/wp\/v2\/product_tag?post=3645"}],"curies":[{"name":"wp","href":"https:\/\/api.w.org\/{rel}","templated":true}]}}