{"id":3648,"date":"2025-08-25T13:13:47","date_gmt":"2025-08-25T13:13:47","guid":{"rendered":"https:\/\/www.brikaelektrik.al\/?post_type=product&#038;p=3648"},"modified":"2025-08-25T13:13:47","modified_gmt":"2025-08-25T13:13:47","slug":"cover-zile-sabbia","status":"publish","type":"product","link":"https:\/\/www.brikaelektrik.al\/al\/produkt\/cover-zile-sabbia\/","title":{"rendered":"COVER ZILE SABBIA"},"content":{"rendered":"<p><strong data-start=\"179\" data-end=\"188\">Seria<\/strong>: Living Now BTicino<br data-start=\"208\" data-end=\"211\" \/><strong data-start=\"211\" data-end=\"220\" data-is-only-node=\"\">Lloji<\/strong>: Mbules\u00eb p\u00ebr zile dhe buzzer bakri, 1 modul<br data-start=\"264\" data-end=\"267\" \/><strong data-start=\"267\" data-end=\"280\">P\u00ebrdorimi<\/strong>: P\u00ebrdoret p\u00ebr t\u00eb mbuluar zile bakri dhe buzzer n\u00eb instalimet Living Now, duke siguruar p\u00ebrfundim estetik dhe p\u00ebrputhshm\u00ebri me pajisjet e tjera t\u00eb seris\u00eb<br data-start=\"433\" data-end=\"436\" \/><strong data-start=\"436\" data-end=\"455\">P\u00ebrmasat totale<\/strong>: 22 mm gjer\u00ebsi \u00d7 86 mm lart\u00ebsi \u00d7 7 mm thell\u00ebsi<br data-start=\"502\" data-end=\"505\" \/><strong data-start=\"505\" data-end=\"518\">Materiali<\/strong>: Plastik\u00eb termoplastike pa halogjen, sip\u00ebrfaqe mat, pa trajtim sip\u00ebrfaq\u00ebsor, pa trajtim antimikrobial<br data-start=\"620\" data-end=\"623\" \/><strong data-start=\"623\" data-end=\"633\">Ngjyra<\/strong>: Bezh\u00eb (ngjyr\u00eb shum\u00eb e ngjashme me RAL 1015)<br data-start=\"678\" data-end=\"681\" \/><strong data-start=\"681\" data-end=\"693\">Mbrojtja<\/strong>: IP20 (mbrojtje nga pluhuri dhe objekte t\u00eb m\u00ebdha), IK00 (pa mbrojtje nga goditjet)<br data-start=\"776\" data-end=\"779\" \/><strong data-start=\"779\" data-end=\"802\">Temperatura e pun\u00ebs<\/strong>: \u20135\u202f\u00b0C deri +50\u202f\u00b0C<br data-start=\"821\" data-end=\"824\" \/><strong data-start=\"824\" data-end=\"853\">Temperatura e magazinimit<\/strong>: \u201310\u202f\u00b0C deri +70\u202f\u00b0C<br data-start=\"873\" data-end=\"876\" \/><strong data-start=\"876\" data-end=\"887\">Montimi<\/strong>: Montim me kapje (snap\u2011on) \u2014 nuk k\u00ebrkon vid\u00eb apo mekaniz\u00ebm montimi t\u00eb komplikuar<br data-start=\"968\" data-end=\"971\" \/><strong data-start=\"971\" data-end=\"981\">Moduli<\/strong>: 1<\/p>","protected":false},"excerpt":{"rendered":"<p>Seria: Living Now BTicinoLloji: Mbules\u00eb p\u00ebr zile dhe buzzer bakri, 1 modulP\u00ebrdorimi: P\u00ebrdoret p\u00ebr t\u00eb mbuluar zile bakri dhe buzzer n\u00eb instalimet Living Now, duke siguruar p\u00ebrfundim estetik dhe p\u00ebrputhshm\u00ebri me pajisjet e tjera t\u00eb seris\u00ebP\u00ebrmasat totale: 22 mm gjer\u00ebsi \u00d7 86 mm lart\u00ebsi \u00d7 7 mm thell\u00ebsiMateriali: Plastik\u00eb termoplastike pa halogjen, sip\u00ebrfaqe mat, pa [&hellip;]<\/p>","protected":false},"featured_media":3649,"comment_status":"open","ping_status":"closed","template":"","meta":{"_acf_changed":false},"product_brand":[],"product_cat":[40,64],"product_tag":[],"class_list":{"0":"post-3648","1":"product","2":"type-product","3":"status-publish","4":"has-post-thumbnail","6":"product_cat-serite-civile","7":"product_cat-living-now","9":"first","10":"instock","11":"shipping-taxable","12":"product-type-simple"},"acf":[],"_links":{"self":[{"href":"https:\/\/www.brikaelektrik.al\/al\/wp-json\/wp\/v2\/product\/3648","targetHints":{"allow":["GET"]}}],"collection":[{"href":"https:\/\/www.brikaelektrik.al\/al\/wp-json\/wp\/v2\/product"}],"about":[{"href":"https:\/\/www.brikaelektrik.al\/al\/wp-json\/wp\/v2\/types\/product"}],"replies":[{"embeddable":true,"href":"https:\/\/www.brikaelektrik.al\/al\/wp-json\/wp\/v2\/comments?post=3648"}],"wp:featuredmedia":[{"embeddable":true,"href":"https:\/\/www.brikaelektrik.al\/al\/wp-json\/wp\/v2\/media\/3649"}],"wp:attachment":[{"href":"https:\/\/www.brikaelektrik.al\/al\/wp-json\/wp\/v2\/media?parent=3648"}],"wp:term":[{"taxonomy":"product_brand","embeddable":true,"href":"https:\/\/www.brikaelektrik.al\/al\/wp-json\/wp\/v2\/product_brand?post=3648"},{"taxonomy":"product_cat","embeddable":true,"href":"https:\/\/www.brikaelektrik.al\/al\/wp-json\/wp\/v2\/product_cat?post=3648"},{"taxonomy":"product_tag","embeddable":true,"href":"https:\/\/www.brikaelektrik.al\/al\/wp-json\/wp\/v2\/product_tag?post=3648"}],"curies":[{"name":"wp","href":"https:\/\/api.w.org\/{rel}","templated":true}]}}