{"id":3650,"date":"2025-08-25T13:16:40","date_gmt":"2025-08-25T13:16:40","guid":{"rendered":"https:\/\/www.brikaelektrik.al\/?post_type=product&#038;p=3650"},"modified":"2025-08-25T13:16:40","modified_gmt":"2025-08-25T13:16:40","slug":"zile","status":"publish","type":"product","link":"https:\/\/www.brikaelektrik.al\/al\/produkt\/zile\/","title":{"rendered":"ZILE"},"content":{"rendered":"<p><strong data-start=\"123\" data-end=\"133\">Seria:<\/strong> Matix<br data-start=\"146\" data-end=\"149\" \/><strong data-start=\"149\" data-end=\"159\">Lloji:<\/strong> Zhurmues (bell) p\u00ebr p\u00ebrdorim n\u00eb ambiente t\u00eb brendshme<br data-start=\"213\" data-end=\"216\" \/><strong data-start=\"216\" data-end=\"227\">Ngjyra:<\/strong> E bardh\u00eb (White)<br data-start=\"245\" data-end=\"248\" \/><strong data-start=\"248\" data-end=\"262\" data-is-only-node=\"\">Materiali:<\/strong> Teknopolimer\u00a0<br data-start=\"332\" data-end=\"335\" \/><strong data-start=\"335\" data-end=\"368\">P\u00ebrputhshm\u00ebria me standardet:<\/strong> CE, REACH<br data-start=\"378\" data-end=\"381\" \/><br data-start=\"424\" data-end=\"427\" \/><\/p>","protected":false},"excerpt":{"rendered":"<p>Seria: MatixLloji: Zhurmues (bell) p\u00ebr p\u00ebrdorim n\u00eb ambiente t\u00eb brendshmeNgjyra: E bardh\u00eb (White)Materiali: Teknopolimer\u00a0P\u00ebrputhshm\u00ebria me standardet: CE, REACH<\/p>","protected":false},"featured_media":3652,"comment_status":"open","ping_status":"closed","template":"","meta":{"_acf_changed":false},"product_brand":[],"product_cat":[40,66],"product_tag":[],"class_list":{"0":"post-3650","1":"product","2":"type-product","3":"status-publish","4":"has-post-thumbnail","6":"product_cat-serite-civile","7":"product_cat-matix","9":"first","10":"instock","11":"shipping-taxable","12":"product-type-simple"},"acf":[],"_links":{"self":[{"href":"https:\/\/www.brikaelektrik.al\/al\/wp-json\/wp\/v2\/product\/3650","targetHints":{"allow":["GET"]}}],"collection":[{"href":"https:\/\/www.brikaelektrik.al\/al\/wp-json\/wp\/v2\/product"}],"about":[{"href":"https:\/\/www.brikaelektrik.al\/al\/wp-json\/wp\/v2\/types\/product"}],"replies":[{"embeddable":true,"href":"https:\/\/www.brikaelektrik.al\/al\/wp-json\/wp\/v2\/comments?post=3650"}],"wp:featuredmedia":[{"embeddable":true,"href":"https:\/\/www.brikaelektrik.al\/al\/wp-json\/wp\/v2\/media\/3652"}],"wp:attachment":[{"href":"https:\/\/www.brikaelektrik.al\/al\/wp-json\/wp\/v2\/media?parent=3650"}],"wp:term":[{"taxonomy":"product_brand","embeddable":true,"href":"https:\/\/www.brikaelektrik.al\/al\/wp-json\/wp\/v2\/product_brand?post=3650"},{"taxonomy":"product_cat","embeddable":true,"href":"https:\/\/www.brikaelektrik.al\/al\/wp-json\/wp\/v2\/product_cat?post=3650"},{"taxonomy":"product_tag","embeddable":true,"href":"https:\/\/www.brikaelektrik.al\/al\/wp-json\/wp\/v2\/product_tag?post=3650"}],"curies":[{"name":"wp","href":"https:\/\/api.w.org\/{rel}","templated":true}]}}