{"id":3651,"date":"2025-08-25T13:22:46","date_gmt":"2025-08-25T13:22:46","guid":{"rendered":"https:\/\/www.brikaelektrik.al\/?post_type=product&#038;p=3651"},"modified":"2025-08-25T13:22:46","modified_gmt":"2025-08-25T13:22:46","slug":"gateaway-home-away-1m","status":"publish","type":"product","link":"https:\/\/www.brikaelektrik.al\/al\/produkt\/gateaway-home-away-1m\/","title":{"rendered":"GATEAWAY + HOME AWAY 1M"},"content":{"rendered":"<p><strong data-start=\"166\" data-end=\"175\">Seria<\/strong>: Living Now BTicino<br data-start=\"195\" data-end=\"198\" \/><strong data-start=\"198\" data-end=\"207\" data-is-only-node=\"\">Lloji<\/strong>: Karikues USB me 2 porta, 2 module<br data-start=\"242\" data-end=\"245\" \/><strong data-start=\"245\" data-end=\"258\">P\u00ebrdorimi<\/strong>: P\u00ebrdoret p\u00ebr karikimin e pajisjeve elektronike me USB n\u00eb instalimet Living Now, duke siguruar p\u00ebrputhshm\u00ebri dhe p\u00ebrfundim estetik me pajisjet e tjera t\u00eb seris\u00eb<br data-start=\"419\" data-end=\"422\" \/><strong data-start=\"422\" data-end=\"441\">P\u00ebrmasat totale<\/strong>: 45 mm gjer\u00ebsi \u00d7 45 mm lart\u00ebsi \u00d7 31 mm thell\u00ebsi<br data-start=\"489\" data-end=\"492\" \/><strong data-start=\"492\" data-end=\"505\">Materiali<\/strong>: Plastik\u00eb termoplastike pa halogjen, sip\u00ebrfaqe mat<br data-start=\"556\" data-end=\"559\" \/><strong data-start=\"559\" data-end=\"569\">Ngjyra<\/strong>: E bardh\u00eb\u00a0<br data-start=\"617\" data-end=\"620\" \/><strong data-start=\"620\" data-end=\"632\">Mbrojtja<\/strong>: IP20 (mbrojtje nga pluhuri dhe objektet e m\u00ebdha), IK04 (mbrojtje nga goditjet e lehta)<br data-start=\"720\" data-end=\"723\" \/><strong data-start=\"723\" data-end=\"746\">Temperatura e pun\u00ebs<\/strong>: \u20135\u202f\u00b0C deri +50\u202f\u00b0C<br data-start=\"765\" data-end=\"768\" \/><strong data-start=\"768\" data-end=\"797\">Temperatura e magazinimit<\/strong>: \u201310\u202f\u00b0C deri +70\u202f\u00b0C<br data-start=\"817\" data-end=\"820\" \/><strong data-start=\"820\" data-end=\"831\">Montimi<\/strong>: Montim me kapje (snap-on) \u2014 nuk k\u00ebrkon vid\u00eb apo mekaniz\u00ebm montimi t\u00eb komplikuar<br data-start=\"912\" data-end=\"915\" \/><strong data-start=\"915\" data-end=\"925\">Moduli<\/strong>: 2<\/p>","protected":false},"excerpt":{"rendered":"<p>Seria: Living Now BTicinoLloji: Karikues USB me 2 porta, 2 moduleP\u00ebrdorimi: P\u00ebrdoret p\u00ebr karikimin e pajisjeve elektronike me USB n\u00eb instalimet Living Now, duke siguruar p\u00ebrputhshm\u00ebri dhe p\u00ebrfundim estetik me pajisjet e tjera t\u00eb seris\u00ebP\u00ebrmasat totale: 45 mm gjer\u00ebsi \u00d7 45 mm lart\u00ebsi \u00d7 31 mm thell\u00ebsiMateriali: Plastik\u00eb termoplastike pa halogjen, sip\u00ebrfaqe matNgjyra: E bardh\u00eb\u00a0Mbrojtja: [&hellip;]<\/p>","protected":false},"featured_media":3654,"comment_status":"open","ping_status":"closed","template":"","meta":{"_acf_changed":false},"product_brand":[],"product_cat":[40,64],"product_tag":[],"class_list":{"0":"post-3651","1":"product","2":"type-product","3":"status-publish","4":"has-post-thumbnail","6":"product_cat-serite-civile","7":"product_cat-living-now","9":"first","10":"instock","11":"shipping-taxable","12":"product-type-simple"},"acf":[],"_links":{"self":[{"href":"https:\/\/www.brikaelektrik.al\/al\/wp-json\/wp\/v2\/product\/3651","targetHints":{"allow":["GET"]}}],"collection":[{"href":"https:\/\/www.brikaelektrik.al\/al\/wp-json\/wp\/v2\/product"}],"about":[{"href":"https:\/\/www.brikaelektrik.al\/al\/wp-json\/wp\/v2\/types\/product"}],"replies":[{"embeddable":true,"href":"https:\/\/www.brikaelektrik.al\/al\/wp-json\/wp\/v2\/comments?post=3651"}],"wp:featuredmedia":[{"embeddable":true,"href":"https:\/\/www.brikaelektrik.al\/al\/wp-json\/wp\/v2\/media\/3654"}],"wp:attachment":[{"href":"https:\/\/www.brikaelektrik.al\/al\/wp-json\/wp\/v2\/media?parent=3651"}],"wp:term":[{"taxonomy":"product_brand","embeddable":true,"href":"https:\/\/www.brikaelektrik.al\/al\/wp-json\/wp\/v2\/product_brand?post=3651"},{"taxonomy":"product_cat","embeddable":true,"href":"https:\/\/www.brikaelektrik.al\/al\/wp-json\/wp\/v2\/product_cat?post=3651"},{"taxonomy":"product_tag","embeddable":true,"href":"https:\/\/www.brikaelektrik.al\/al\/wp-json\/wp\/v2\/product_tag?post=3651"}],"curies":[{"name":"wp","href":"https:\/\/api.w.org\/{rel}","templated":true}]}}