{"id":3653,"date":"2025-08-25T13:51:38","date_gmt":"2025-08-25T13:51:38","guid":{"rendered":"https:\/\/www.brikaelektrik.al\/?post_type=product&#038;p=3653"},"modified":"2025-08-26T11:57:04","modified_gmt":"2025-08-26T11:57:04","slug":"celes-qepeni-me-2-butona-0-1-2","status":"publish","type":"product","link":"https:\/\/www.brikaelektrik.al\/al\/produkt\/celes-qepeni-me-2-butona-0-1-2\/","title":{"rendered":"\u00c7ELES QEPENI ME 2 BUTONA 0-1-2"},"content":{"rendered":"<p><strong>Seria: <\/strong>Matix<br data-start=\"246\" data-end=\"249\" \/><strong>Lloji:<\/strong> \u00c7el\u00ebs kalues 1P 16A \u2013 250 Vac me dy pozicione \u00e7el\u00ebsi 1-0-2 (nd\u00ebrrim\u00a0pozicionesh)<br data-start=\"289\" data-end=\"292\" \/><strong>Rryma nominale:<\/strong> 16A<br data-start=\"316\" data-end=\"319\" \/><strong>Tensioni: <\/strong>250V\u202fAC<br data-start=\"341\" data-end=\"344\" \/><strong>Montimi: <\/strong>Flush\u2011mounted (mural)<br data-start=\"378\" data-end=\"381\" \/><strong>Ngjyra: <\/strong>Bardh\u00eb<br data-start=\"443\" data-end=\"446\" \/><strong>Materiali: <\/strong>Termoplastik pa halogjen<br data-start=\"558\" data-end=\"561\" \/><strong>Tip kontakti: <\/strong>1\u2011pole (unipolar) switch\u00a0<br data-start=\"749\" data-end=\"752\" \/><strong>Numri i moduleve: <\/strong>1<\/p>","protected":false},"excerpt":{"rendered":"<p>Seria: MatixLloji: \u00c7el\u00ebs kalues 1P 16A \u2013 250 Vac me dy pozicione \u00e7el\u00ebsi 1-0-2 (nd\u00ebrrim\u00a0pozicionesh)Rryma nominale: 16ATensioni: 250V\u202fACMontimi: Flush\u2011mounted (mural)Ngjyra: Bardh\u00ebMateriali: Termoplastik pa halogjenTip kontakti: 1\u2011pole (unipolar) switch\u00a0Numri i moduleve: 1<\/p>","protected":false},"featured_media":3665,"comment_status":"open","ping_status":"closed","template":"","meta":{"_acf_changed":false},"product_brand":[],"product_cat":[40,66],"product_tag":[],"class_list":{"0":"post-3653","1":"product","2":"type-product","3":"status-publish","4":"has-post-thumbnail","6":"product_cat-serite-civile","7":"product_cat-matix","9":"first","10":"instock","11":"shipping-taxable","12":"product-type-simple"},"acf":[],"_links":{"self":[{"href":"https:\/\/www.brikaelektrik.al\/al\/wp-json\/wp\/v2\/product\/3653","targetHints":{"allow":["GET"]}}],"collection":[{"href":"https:\/\/www.brikaelektrik.al\/al\/wp-json\/wp\/v2\/product"}],"about":[{"href":"https:\/\/www.brikaelektrik.al\/al\/wp-json\/wp\/v2\/types\/product"}],"replies":[{"embeddable":true,"href":"https:\/\/www.brikaelektrik.al\/al\/wp-json\/wp\/v2\/comments?post=3653"}],"wp:featuredmedia":[{"embeddable":true,"href":"https:\/\/www.brikaelektrik.al\/al\/wp-json\/wp\/v2\/media\/3665"}],"wp:attachment":[{"href":"https:\/\/www.brikaelektrik.al\/al\/wp-json\/wp\/v2\/media?parent=3653"}],"wp:term":[{"taxonomy":"product_brand","embeddable":true,"href":"https:\/\/www.brikaelektrik.al\/al\/wp-json\/wp\/v2\/product_brand?post=3653"},{"taxonomy":"product_cat","embeddable":true,"href":"https:\/\/www.brikaelektrik.al\/al\/wp-json\/wp\/v2\/product_cat?post=3653"},{"taxonomy":"product_tag","embeddable":true,"href":"https:\/\/www.brikaelektrik.al\/al\/wp-json\/wp\/v2\/product_tag?post=3653"}],"curies":[{"name":"wp","href":"https:\/\/api.w.org\/{rel}","templated":true}]}}