{"id":3655,"date":"2025-08-25T13:25:31","date_gmt":"2025-08-25T13:25:31","guid":{"rendered":"https:\/\/www.brikaelektrik.al\/?post_type=product&#038;p=3655"},"modified":"2025-08-25T13:25:31","modified_gmt":"2025-08-25T13:25:31","slug":"invertitor-1p-10a","status":"publish","type":"product","link":"https:\/\/www.brikaelektrik.al\/al\/produkt\/invertitor-1p-10a\/","title":{"rendered":"INVERTITOR 1P 10A"},"content":{"rendered":"<p><strong data-start=\"164\" data-end=\"173\">Seria<\/strong>: Living Now BTicino<br data-start=\"193\" data-end=\"196\" \/><strong data-start=\"196\" data-end=\"205\" data-is-only-node=\"\">Lloji<\/strong>: Mbules\u00eb p\u00ebr komand\u00eb ndri\u00e7imi (push-button), 1 modul<br data-start=\"258\" data-end=\"261\" \/><strong data-start=\"261\" data-end=\"274\">P\u00ebrdorimi<\/strong>: P\u00ebrdoret p\u00ebr t\u00eb mbuluar komand\u00ebn e ndri\u00e7imit n\u00eb instalimet Living Now, duke siguruar p\u00ebrfundim estetik dhe p\u00ebrputhshm\u00ebri me pajisjet e tjera t\u00eb seris\u00eb<br data-start=\"426\" data-end=\"429\" \/><strong data-start=\"429\" data-end=\"448\">P\u00ebrmasat totale<\/strong>: 22 mm gjer\u00ebsi \u00d7 86 mm lart\u00ebsi \u00d7 7 mm thell\u00ebsi<br data-start=\"495\" data-end=\"498\" \/><strong data-start=\"498\" data-end=\"511\">Materiali<\/strong>: Plastik\u00eb termoplastike pa halogjen, sip\u00ebrfaqe mat<br data-start=\"562\" data-end=\"565\" \/><strong data-start=\"565\" data-end=\"575\">Ngjyra<\/strong>: E bardh\u00eb\u00a0<br data-start=\"623\" data-end=\"626\" \/><strong data-start=\"626\" data-end=\"638\">Mbrojtja<\/strong>: IP20 (mbrojtje nga pluhuri dhe objektet e m\u00ebdha), IK00 (pa mbrojtje nga goditjet)<br data-start=\"721\" data-end=\"724\" \/><strong data-start=\"724\" data-end=\"747\">Temperatura e pun\u00ebs<\/strong>: \u20135\u202f\u00b0C deri +50\u202f\u00b0C<br data-start=\"766\" data-end=\"769\" \/><strong data-start=\"769\" data-end=\"798\">Temperatura e magazinimit<\/strong>: \u201310\u202f\u00b0C deri +70\u202f\u00b0C<br data-start=\"818\" data-end=\"821\" \/><strong data-start=\"821\" data-end=\"832\">Montimi<\/strong>: Montim me kapje (snap-on) \u2014 nuk k\u00ebrkon vid\u00eb apo mekaniz\u00ebm montimi t\u00eb komplikuar<br data-start=\"913\" data-end=\"916\" \/><strong data-start=\"916\" data-end=\"926\">Moduli<\/strong>: 1<\/p>","protected":false},"excerpt":{"rendered":"<p>Seria: Living Now BTicinoLloji: Mbules\u00eb p\u00ebr komand\u00eb ndri\u00e7imi (push-button), 1 modulP\u00ebrdorimi: P\u00ebrdoret p\u00ebr t\u00eb mbuluar komand\u00ebn e ndri\u00e7imit n\u00eb instalimet Living Now, duke siguruar p\u00ebrfundim estetik dhe p\u00ebrputhshm\u00ebri me pajisjet e tjera t\u00eb seris\u00ebP\u00ebrmasat totale: 22 mm gjer\u00ebsi \u00d7 86 mm lart\u00ebsi \u00d7 7 mm thell\u00ebsiMateriali: Plastik\u00eb termoplastike pa halogjen, sip\u00ebrfaqe matNgjyra: E bardh\u00eb\u00a0Mbrojtja: IP20 [&hellip;]<\/p>","protected":false},"featured_media":3656,"comment_status":"open","ping_status":"closed","template":"","meta":{"_acf_changed":false},"product_brand":[],"product_cat":[40,64],"product_tag":[],"class_list":{"0":"post-3655","1":"product","2":"type-product","3":"status-publish","4":"has-post-thumbnail","6":"product_cat-serite-civile","7":"product_cat-living-now","9":"first","10":"instock","11":"shipping-taxable","12":"product-type-simple"},"acf":[],"_links":{"self":[{"href":"https:\/\/www.brikaelektrik.al\/al\/wp-json\/wp\/v2\/product\/3655","targetHints":{"allow":["GET"]}}],"collection":[{"href":"https:\/\/www.brikaelektrik.al\/al\/wp-json\/wp\/v2\/product"}],"about":[{"href":"https:\/\/www.brikaelektrik.al\/al\/wp-json\/wp\/v2\/types\/product"}],"replies":[{"embeddable":true,"href":"https:\/\/www.brikaelektrik.al\/al\/wp-json\/wp\/v2\/comments?post=3655"}],"wp:featuredmedia":[{"embeddable":true,"href":"https:\/\/www.brikaelektrik.al\/al\/wp-json\/wp\/v2\/media\/3656"}],"wp:attachment":[{"href":"https:\/\/www.brikaelektrik.al\/al\/wp-json\/wp\/v2\/media?parent=3655"}],"wp:term":[{"taxonomy":"product_brand","embeddable":true,"href":"https:\/\/www.brikaelektrik.al\/al\/wp-json\/wp\/v2\/product_brand?post=3655"},{"taxonomy":"product_cat","embeddable":true,"href":"https:\/\/www.brikaelektrik.al\/al\/wp-json\/wp\/v2\/product_cat?post=3655"},{"taxonomy":"product_tag","embeddable":true,"href":"https:\/\/www.brikaelektrik.al\/al\/wp-json\/wp\/v2\/product_tag?post=3655"}],"curies":[{"name":"wp","href":"https:\/\/api.w.org\/{rel}","templated":true}]}}