{"id":3657,"date":"2025-08-25T13:26:53","date_gmt":"2025-08-25T13:26:53","guid":{"rendered":"https:\/\/www.brikaelektrik.al\/?post_type=product&#038;p=3657"},"modified":"2025-08-25T13:26:53","modified_gmt":"2025-08-25T13:26:53","slug":"invertitor-1p-10a-me-drite","status":"publish","type":"product","link":"https:\/\/www.brikaelektrik.al\/al\/produkt\/invertitor-1p-10a-me-drite\/","title":{"rendered":"INVERTITOR 1P 10A ME DRIT\u00cb"},"content":{"rendered":"<p><strong data-start=\"166\" data-end=\"175\">Seria<\/strong>: Living Now BTicino<br data-start=\"195\" data-end=\"198\" \/><strong data-start=\"198\" data-end=\"207\" data-is-only-node=\"\">Lloji<\/strong>: Mbules\u00eb p\u00ebr komand\u00eb ndri\u00e7imi me drit\u00eb sinjalizimi, 1 modul<br data-start=\"267\" data-end=\"270\" \/><strong data-start=\"270\" data-end=\"283\">P\u00ebrdorimi<\/strong>: P\u00ebrdoret p\u00ebr t\u00eb mbuluar komand\u00ebn e ndri\u00e7imit me drit\u00eb sinjalizimi n\u00eb instalimet Living Now, duke siguruar p\u00ebrfundim estetik dhe p\u00ebrputhshm\u00ebri me pajisjet e tjera t\u00eb seris\u00eb<br data-start=\"456\" data-end=\"459\" \/><strong data-start=\"459\" data-end=\"478\">P\u00ebrmasat totale<\/strong>: 22 mm gjer\u00ebsi \u00d7 86 mm lart\u00ebsi \u00d7 7 mm thell\u00ebsi<br data-start=\"525\" data-end=\"528\" \/><strong data-start=\"528\" data-end=\"541\">Materiali<\/strong>: Plastik\u00eb termoplastike pa halogjen, sip\u00ebrfaqe mat<br data-start=\"592\" data-end=\"595\" \/><strong data-start=\"595\" data-end=\"605\">Ngjyra<\/strong>: E bardh\u00eb\u00a0<br data-start=\"653\" data-end=\"656\" \/><strong data-start=\"656\" data-end=\"668\">Mbrojtja<\/strong>: IP20 (mbrojtje nga pluhuri dhe objektet e m\u00ebdha), IK00 (pa mbrojtje nga goditjet)<br data-start=\"751\" data-end=\"754\" \/><strong data-start=\"754\" data-end=\"777\">Temperatura e pun\u00ebs<\/strong>: \u20135\u202f\u00b0C deri +50\u202f\u00b0C<br data-start=\"796\" data-end=\"799\" \/><strong data-start=\"799\" data-end=\"828\">Temperatura e magazinimit<\/strong>: \u201310\u202f\u00b0C deri +70\u202f\u00b0C<br data-start=\"848\" data-end=\"851\" \/><strong data-start=\"851\" data-end=\"862\">Montimi<\/strong>: Montim me kapje (snap-on) \u2014 nuk k\u00ebrkon vid\u00eb apo mekaniz\u00ebm montimi t\u00eb komplikuar<br data-start=\"943\" data-end=\"946\" \/><strong data-start=\"946\" data-end=\"956\">Moduli<\/strong>: 1<\/p>","protected":false},"excerpt":{"rendered":"<p>Seria: Living Now BTicinoLloji: Mbules\u00eb p\u00ebr komand\u00eb ndri\u00e7imi me drit\u00eb sinjalizimi, 1 modulP\u00ebrdorimi: P\u00ebrdoret p\u00ebr t\u00eb mbuluar komand\u00ebn e ndri\u00e7imit me drit\u00eb sinjalizimi n\u00eb instalimet Living Now, duke siguruar p\u00ebrfundim estetik dhe p\u00ebrputhshm\u00ebri me pajisjet e tjera t\u00eb seris\u00ebP\u00ebrmasat totale: 22 mm gjer\u00ebsi \u00d7 86 mm lart\u00ebsi \u00d7 7 mm thell\u00ebsiMateriali: Plastik\u00eb termoplastike pa halogjen, [&hellip;]<\/p>","protected":false},"featured_media":3658,"comment_status":"open","ping_status":"closed","template":"","meta":{"_acf_changed":false},"product_brand":[],"product_cat":[40,64],"product_tag":[],"class_list":{"0":"post-3657","1":"product","2":"type-product","3":"status-publish","4":"has-post-thumbnail","6":"product_cat-serite-civile","7":"product_cat-living-now","9":"first","10":"instock","11":"shipping-taxable","12":"product-type-simple"},"acf":[],"_links":{"self":[{"href":"https:\/\/www.brikaelektrik.al\/al\/wp-json\/wp\/v2\/product\/3657","targetHints":{"allow":["GET"]}}],"collection":[{"href":"https:\/\/www.brikaelektrik.al\/al\/wp-json\/wp\/v2\/product"}],"about":[{"href":"https:\/\/www.brikaelektrik.al\/al\/wp-json\/wp\/v2\/types\/product"}],"replies":[{"embeddable":true,"href":"https:\/\/www.brikaelektrik.al\/al\/wp-json\/wp\/v2\/comments?post=3657"}],"wp:featuredmedia":[{"embeddable":true,"href":"https:\/\/www.brikaelektrik.al\/al\/wp-json\/wp\/v2\/media\/3658"}],"wp:attachment":[{"href":"https:\/\/www.brikaelektrik.al\/al\/wp-json\/wp\/v2\/media?parent=3657"}],"wp:term":[{"taxonomy":"product_brand","embeddable":true,"href":"https:\/\/www.brikaelektrik.al\/al\/wp-json\/wp\/v2\/product_brand?post=3657"},{"taxonomy":"product_cat","embeddable":true,"href":"https:\/\/www.brikaelektrik.al\/al\/wp-json\/wp\/v2\/product_cat?post=3657"},{"taxonomy":"product_tag","embeddable":true,"href":"https:\/\/www.brikaelektrik.al\/al\/wp-json\/wp\/v2\/product_tag?post=3657"}],"curies":[{"name":"wp","href":"https:\/\/api.w.org\/{rel}","templated":true}]}}