{"id":3659,"date":"2025-08-25T13:28:48","date_gmt":"2025-08-25T13:28:48","guid":{"rendered":"https:\/\/www.brikaelektrik.al\/?post_type=product&#038;p=3659"},"modified":"2025-08-25T13:28:48","modified_gmt":"2025-08-25T13:28:48","slug":"kapak-2p-i-bardhe","status":"publish","type":"product","link":"https:\/\/www.brikaelektrik.al\/al\/produkt\/kapak-2p-i-bardhe\/","title":{"rendered":"KAPAK 2P I BARDH\u00cb"},"content":{"rendered":"<p><strong data-start=\"215\" data-end=\"224\">Seria<\/strong>: Living Now BTicino<br data-start=\"244\" data-end=\"247\" \/><strong data-start=\"247\" data-end=\"256\">Lloji<\/strong>: Mbules\u00eb 2 module (cover plate)<br data-start=\"288\" data-end=\"291\" data-is-only-node=\"\" \/><strong data-start=\"291\" data-end=\"304\">P\u00ebrdorimi<\/strong>: P\u00ebrdoret p\u00ebr t\u00eb mbuluar mekanizmat e seris\u00eb Living Now dhe p\u00ebr t\u00eb siguruar p\u00ebrfundim estetik t\u00eb p\u00ebrputhsh\u00ebm me pajisjet e tjera t\u00eb seris\u00eb<br data-start=\"443\" data-end=\"446\" \/><strong data-start=\"446\" data-end=\"459\">Materiali<\/strong>: Plastik\u00eb termoplastike (technopolymer), pa halogjen, sip\u00ebrfaqe e palar\u00eb (untreated), p\u00ebrfundim i shndritsh\u00ebm (glossy)<br data-start=\"578\" data-end=\"581\" \/><strong data-start=\"581\" data-end=\"591\">Ngjyra<\/strong>: E bardh\u00eb<br data-start=\"639\" data-end=\"642\" \/><strong data-start=\"642\" data-end=\"652\">Moduli<\/strong>: 2<br data-start=\"655\" data-end=\"658\" \/><strong data-start=\"658\" data-end=\"670\">Mbrojtja<\/strong>: IK04 (rezistenc\u00eb ndaj goditjeve t\u00eb lehta)<br data-start=\"713\" data-end=\"716\" \/><strong data-start=\"716\" data-end=\"739\">Temperatura e pun\u00ebs<\/strong>: \u20135\u202f\u00b0C deri +50\u202f\u00b0C<br data-start=\"758\" data-end=\"761\" \/><strong data-start=\"761\" data-end=\"790\">Temperatura e magazinimit<\/strong>: \u201310\u202f\u00b0C deri +70\u202f\u00b0C<br data-start=\"810\" data-end=\"813\" \/><strong data-start=\"813\" data-end=\"824\">Montimi<\/strong>: Flush\u2011mounted me sistem \u201cfloating frame\u201d (korniz\u00eb e l\u00ebvizshme pas pllak\u00ebs) dhe montim me kapje (snap-on), p\u00ebr p\u00ebrshtatje optimale n\u00eb sip\u00ebrfaqet jo t\u00eb rrafshuara<br data-start=\"986\" data-end=\"989\" \/><strong data-start=\"989\" data-end=\"1008\">P\u00ebrmasat totale<\/strong>: 102,5 mm gjer\u00ebsi \u00d7 86 mm lart\u00ebsi \u00d7 11 mm thell\u00ebsi<\/p>","protected":false},"excerpt":{"rendered":"<p>Seria: Living Now BTicinoLloji: Mbules\u00eb 2 module (cover plate)P\u00ebrdorimi: P\u00ebrdoret p\u00ebr t\u00eb mbuluar mekanizmat e seris\u00eb Living Now dhe p\u00ebr t\u00eb siguruar p\u00ebrfundim estetik t\u00eb p\u00ebrputhsh\u00ebm me pajisjet e tjera t\u00eb seris\u00ebMateriali: Plastik\u00eb termoplastike (technopolymer), pa halogjen, sip\u00ebrfaqe e palar\u00eb (untreated), p\u00ebrfundim i shndritsh\u00ebm (glossy)Ngjyra: E bardh\u00ebModuli: 2Mbrojtja: IK04 (rezistenc\u00eb ndaj goditjeve t\u00eb lehta)Temperatura e [&hellip;]<\/p>","protected":false},"featured_media":3660,"comment_status":"open","ping_status":"closed","template":"","meta":{"_acf_changed":false},"product_brand":[],"product_cat":[40,64],"product_tag":[],"class_list":{"0":"post-3659","1":"product","2":"type-product","3":"status-publish","4":"has-post-thumbnail","6":"product_cat-serite-civile","7":"product_cat-living-now","9":"first","10":"instock","11":"shipping-taxable","12":"product-type-simple"},"acf":[],"_links":{"self":[{"href":"https:\/\/www.brikaelektrik.al\/al\/wp-json\/wp\/v2\/product\/3659","targetHints":{"allow":["GET"]}}],"collection":[{"href":"https:\/\/www.brikaelektrik.al\/al\/wp-json\/wp\/v2\/product"}],"about":[{"href":"https:\/\/www.brikaelektrik.al\/al\/wp-json\/wp\/v2\/types\/product"}],"replies":[{"embeddable":true,"href":"https:\/\/www.brikaelektrik.al\/al\/wp-json\/wp\/v2\/comments?post=3659"}],"wp:featuredmedia":[{"embeddable":true,"href":"https:\/\/www.brikaelektrik.al\/al\/wp-json\/wp\/v2\/media\/3660"}],"wp:attachment":[{"href":"https:\/\/www.brikaelektrik.al\/al\/wp-json\/wp\/v2\/media?parent=3659"}],"wp:term":[{"taxonomy":"product_brand","embeddable":true,"href":"https:\/\/www.brikaelektrik.al\/al\/wp-json\/wp\/v2\/product_brand?post=3659"},{"taxonomy":"product_cat","embeddable":true,"href":"https:\/\/www.brikaelektrik.al\/al\/wp-json\/wp\/v2\/product_cat?post=3659"},{"taxonomy":"product_tag","embeddable":true,"href":"https:\/\/www.brikaelektrik.al\/al\/wp-json\/wp\/v2\/product_tag?post=3659"}],"curies":[{"name":"wp","href":"https:\/\/api.w.org\/{rel}","templated":true}]}}