{"id":3674,"date":"2025-08-26T08:12:11","date_gmt":"2025-08-26T08:12:11","guid":{"rendered":"https:\/\/www.brikaelektrik.al\/?post_type=product&#038;p=3674"},"modified":"2025-08-26T08:12:11","modified_gmt":"2025-08-26T08:12:11","slug":"suport-4p-2","status":"publish","type":"product","link":"https:\/\/www.brikaelektrik.al\/al\/produkt\/suport-4p-2\/","title":{"rendered":"SUPORT 4P"},"content":{"rendered":"<p><strong data-start=\"218\" data-end=\"228\">Seria:<\/strong> Matix<br data-start=\"235\" data-end=\"238\" \/><strong data-start=\"238\" data-end=\"248\">Lloji:<\/strong> Plak\u00eb mb\u00ebshtet\u00ebse p\u00ebr 4 module<br data-start=\"356\" data-end=\"359\" \/><strong data-start=\"359\" data-end=\"370\">Ngjyra:<\/strong> Gri (silver)\u00a0<br data-start=\"499\" data-end=\"502\" data-is-only-node=\"\" \/><strong data-start=\"502\" data-end=\"516\">Materiali:<\/strong> Teknopolimer, pa halogjen (Halogen free)\u00a0<br data-start=\"668\" data-end=\"671\" \/><strong data-start=\"439\" data-end=\"460\">Numri i moduleve:<\/strong> 4<br data-start=\"462\" data-end=\"465\" \/><strong data-start=\"465\" data-end=\"479\">Standardi:<\/strong> CE i certifikuar<br \/>\n<strong data-start=\"450\" data-end=\"463\">P\u00ebrmasat:<\/strong> Gjer\u00ebsia 139.7 mm Lart\u00ebsia 70 mm<\/p>","protected":false},"excerpt":{"rendered":"<p>Seria: MatixLloji: Plak\u00eb mb\u00ebshtet\u00ebse p\u00ebr 4 moduleNgjyra: Gri (silver)\u00a0Materiali: Teknopolimer, pa halogjen (Halogen free)\u00a0Numri i moduleve: 4Standardi: CE i certifikuar P\u00ebrmasat: Gjer\u00ebsia 139.7 mm Lart\u00ebsia 70 mm<\/p>","protected":false},"featured_media":3675,"comment_status":"open","ping_status":"closed","template":"","meta":{"_acf_changed":false},"product_brand":[],"product_cat":[40,66],"product_tag":[],"class_list":{"0":"post-3674","1":"product","2":"type-product","3":"status-publish","4":"has-post-thumbnail","6":"product_cat-serite-civile","7":"product_cat-matix","9":"first","10":"instock","11":"shipping-taxable","12":"product-type-simple"},"acf":[],"_links":{"self":[{"href":"https:\/\/www.brikaelektrik.al\/al\/wp-json\/wp\/v2\/product\/3674","targetHints":{"allow":["GET"]}}],"collection":[{"href":"https:\/\/www.brikaelektrik.al\/al\/wp-json\/wp\/v2\/product"}],"about":[{"href":"https:\/\/www.brikaelektrik.al\/al\/wp-json\/wp\/v2\/types\/product"}],"replies":[{"embeddable":true,"href":"https:\/\/www.brikaelektrik.al\/al\/wp-json\/wp\/v2\/comments?post=3674"}],"wp:featuredmedia":[{"embeddable":true,"href":"https:\/\/www.brikaelektrik.al\/al\/wp-json\/wp\/v2\/media\/3675"}],"wp:attachment":[{"href":"https:\/\/www.brikaelektrik.al\/al\/wp-json\/wp\/v2\/media?parent=3674"}],"wp:term":[{"taxonomy":"product_brand","embeddable":true,"href":"https:\/\/www.brikaelektrik.al\/al\/wp-json\/wp\/v2\/product_brand?post=3674"},{"taxonomy":"product_cat","embeddable":true,"href":"https:\/\/www.brikaelektrik.al\/al\/wp-json\/wp\/v2\/product_cat?post=3674"},{"taxonomy":"product_tag","embeddable":true,"href":"https:\/\/www.brikaelektrik.al\/al\/wp-json\/wp\/v2\/product_tag?post=3674"}],"curies":[{"name":"wp","href":"https:\/\/api.w.org\/{rel}","templated":true}]}}