{"id":3687,"date":"2025-08-26T12:14:24","date_gmt":"2025-08-26T12:14:24","guid":{"rendered":"https:\/\/www.brikaelektrik.al\/?post_type=product&#038;p=3687"},"modified":"2025-08-26T12:14:24","modified_gmt":"2025-08-26T12:14:24","slug":"rl-ndermjetese-8-kembeza-220v-ac-12a","status":"publish","type":"product","link":"https:\/\/www.brikaelektrik.al\/al\/produkt\/rl-ndermjetese-8-kembeza-220v-ac-12a\/","title":{"rendered":"RL ND\u00cbRMJET\u00cbSE 8 K\u00cbMB\u00cbZA 220V AC 12A"},"content":{"rendered":"<p><strong data-start=\"121\" data-end=\"130\">Seria<\/strong>: Harmony Electromechanical Relays<br data-start=\"164\" data-end=\"167\" \/><strong data-start=\"167\" data-end=\"176\">Lloji<\/strong>: Rel\u00e9 miniatur\u00eb plug-in, 12 A, 2CO, me LED dhe buton testimi i bllokuesh\u00ebm<br data-start=\"251\" data-end=\"254\" \/><strong data-start=\"254\" data-end=\"266\">Kontakti<\/strong>: 2 CO (DPDT)<br data-start=\"279\" data-end=\"282\" \/><strong data-start=\"282\" data-end=\"310\">Tensioni i komand\u00ebs (Uc)<\/strong>: 230\u202fV\u202fAC<br data-start=\"320\" data-end=\"323\" data-is-only-node=\"\" \/><strong data-start=\"323\" data-end=\"351\">Tensioni i izolimit (Ui)<\/strong>: 250\u202fV (IEC), 300\u202fV (CSA\/UL)<br data-start=\"380\" data-end=\"383\" \/><strong data-start=\"383\" data-end=\"428\">Tensioni p\u00ebrballues ndaj impulseve (Uimp)<\/strong>: 4\u202fkV (1.2\/50\u202f\u00b5s)<br data-start=\"446\" data-end=\"449\" \/><strong data-start=\"449\" data-end=\"477\">Konsum mesatar i bobin\u00ebs<\/strong>: 1.2\u202fVA (~0.9\u202fW)<br data-start=\"494\" data-end=\"497\" \/><strong data-start=\"497\" data-end=\"521\">Rezistenca e bobin\u00ebs<\/strong>: 15\u202fk\u03a9 (\u00b115\u202f%, n\u00eb 20\u202f\u00b0C)<br data-start=\"546\" data-end=\"549\" \/><strong data-start=\"549\" data-end=\"581\">Kapaciteti i kontakteve (Ie)<\/strong>:<br data-start=\"582\" data-end=\"585\" \/>\u2013 12\u202fA n\u00eb kontakt NO (250\u202fV\u202fAC \/ 28\u202fV\u202fDC)<br data-start=\"626\" data-end=\"629\" \/>\u2013 6\u202fA n\u00eb kontakt NC (250\u202fV\u202fAC \/ 28\u202fV\u202fDC)<br data-start=\"669\" data-end=\"672\" \/><strong data-start=\"672\" data-end=\"708\">Kapaciteti maksimal i shk\u00ebmbimit<\/strong>: 3000\u202fVA \/ 336\u202fW<br data-start=\"725\" data-end=\"728\" \/><strong data-start=\"728\" data-end=\"754\">Materiali i kontakteve<\/strong>: AgNi (argjend-nikel)<br data-start=\"776\" data-end=\"779\" \/><strong data-start=\"779\" data-end=\"796\">Indikator LED<\/strong>: Jeshil, p\u00ebr statusin e komand\u00ebs<br data-start=\"829\" data-end=\"832\" \/><strong data-start=\"832\" data-end=\"849\">Buton testimi<\/strong>: Po, me funksion \u201clockable\u201d (bllokuesh\u00ebm)<br data-start=\"891\" data-end=\"894\" \/><strong data-start=\"894\" data-end=\"930\">Koh\u00eb veprimi (operate \/ release)<\/strong>: ~20\u202fms \/ ~20\u202fms<br data-start=\"1045\" data-end=\"1048\" \/><strong data-start=\"1048\" data-end=\"1071\">Temperatura e pun\u00ebs<\/strong>: \u201340\u202f\u00b0C deri +55\u202f\u00b0C<br data-start=\"1091\" data-end=\"1094\" \/><strong data-start=\"1094\" data-end=\"1123\">Temperatura e magazinimit<\/strong>: \u201340\u202f\u00b0C deri +85\u202f\u00b0C<br data-start=\"1143\" data-end=\"1146\" \/><strong data-start=\"1146\" data-end=\"1157\">Montimi<\/strong>: Plug-in n\u00eb baz\u00eb RXZE (pina flat\/Faston)<br data-start=\"1198\" data-end=\"1201\" \/><strong data-start=\"1201\" data-end=\"1213\">Mbrojtja<\/strong>: IP40 (sipas EN\/IEC 60529)<br data-start=\"1240\" data-end=\"1243\" \/><strong data-start=\"1243\" data-end=\"1279\">Dimensionet (thell\u00ebsi \u00d7 lart\u00ebsi)<\/strong>: 80.35\u202fmm \u00d7 82.8\u202fmm<\/p>","protected":false},"excerpt":{"rendered":"<p>Seria: Harmony Electromechanical RelaysLloji: Rel\u00e9 miniatur\u00eb plug-in, 12 A, 2CO, me LED dhe buton testimi i bllokuesh\u00ebmKontakti: 2 CO (DPDT)Tensioni i komand\u00ebs (Uc): 230\u202fV\u202fACTensioni i izolimit (Ui): 250\u202fV (IEC), 300\u202fV (CSA\/UL)Tensioni p\u00ebrballues ndaj impulseve (Uimp): 4\u202fkV (1.2\/50\u202f\u00b5s)Konsum mesatar i bobin\u00ebs: 1.2\u202fVA (~0.9\u202fW)Rezistenca e bobin\u00ebs: 15\u202fk\u03a9 (\u00b115\u202f%, n\u00eb 20\u202f\u00b0C)Kapaciteti i kontakteve (Ie):\u2013 12\u202fA n\u00eb kontakt NO [&hellip;]<\/p>","protected":false},"featured_media":3688,"comment_status":"open","ping_status":"closed","template":"","meta":{"_acf_changed":false},"product_brand":[],"product_cat":[73,41],"product_tag":[],"class_list":{"0":"post-3687","1":"product","2":"type-product","3":"status-publish","4":"has-post-thumbnail","6":"product_cat-rl-mbrojtje","7":"product_cat-pajisje-kontrolli-dhe-mbrojtje","9":"first","10":"instock","11":"shipping-taxable","12":"product-type-simple"},"acf":[],"_links":{"self":[{"href":"https:\/\/www.brikaelektrik.al\/al\/wp-json\/wp\/v2\/product\/3687","targetHints":{"allow":["GET"]}}],"collection":[{"href":"https:\/\/www.brikaelektrik.al\/al\/wp-json\/wp\/v2\/product"}],"about":[{"href":"https:\/\/www.brikaelektrik.al\/al\/wp-json\/wp\/v2\/types\/product"}],"replies":[{"embeddable":true,"href":"https:\/\/www.brikaelektrik.al\/al\/wp-json\/wp\/v2\/comments?post=3687"}],"wp:featuredmedia":[{"embeddable":true,"href":"https:\/\/www.brikaelektrik.al\/al\/wp-json\/wp\/v2\/media\/3688"}],"wp:attachment":[{"href":"https:\/\/www.brikaelektrik.al\/al\/wp-json\/wp\/v2\/media?parent=3687"}],"wp:term":[{"taxonomy":"product_brand","embeddable":true,"href":"https:\/\/www.brikaelektrik.al\/al\/wp-json\/wp\/v2\/product_brand?post=3687"},{"taxonomy":"product_cat","embeddable":true,"href":"https:\/\/www.brikaelektrik.al\/al\/wp-json\/wp\/v2\/product_cat?post=3687"},{"taxonomy":"product_tag","embeddable":true,"href":"https:\/\/www.brikaelektrik.al\/al\/wp-json\/wp\/v2\/product_tag?post=3687"}],"curies":[{"name":"wp","href":"https:\/\/api.w.org\/{rel}","templated":true}]}}