{"id":3690,"date":"2025-08-26T12:19:21","date_gmt":"2025-08-26T12:19:21","guid":{"rendered":"https:\/\/www.brikaelektrik.al\/?post_type=product&#038;p=3690"},"modified":"2025-08-26T12:19:21","modified_gmt":"2025-08-26T12:19:21","slug":"rl-ndermjetese-8-kembeza-24v-dc-12a","status":"publish","type":"product","link":"https:\/\/www.brikaelektrik.al\/al\/produkt\/rl-ndermjetese-8-kembeza-24v-dc-12a\/","title":{"rendered":"RL ND\u00cbRMJET\u00cbSE 8 K\u00cbMB\u00cbZA 24V DC 12A"},"content":{"rendered":"<p><strong data-start=\"121\" data-end=\"130\">Seria<\/strong>: Harmony Electromechanical Relays<br data-start=\"164\" data-end=\"167\" \/><strong data-start=\"167\" data-end=\"176\">Lloji<\/strong>: Rel\u00e9 miniatur\u00eb plug-in, 12 A, 2CO, me LED dhe buton testimi i bllokuesh\u00ebm<br data-start=\"251\" data-end=\"254\" \/><strong data-start=\"254\" data-end=\"266\">Kontakti<\/strong>: 2 CO (DPDT)<br data-start=\"279\" data-end=\"282\" \/><strong data-start=\"282\" data-end=\"310\">Tensioni i komand\u00ebs (Uc)<\/strong>: 24\u202fV\u202fDC<br data-start=\"319\" data-end=\"322\" data-is-only-node=\"\" \/><strong data-start=\"322\" data-end=\"350\">Tensioni i izolimit (Ui)<\/strong>: 250\u202fV (IEC), 300\u202fV (CSA\/UL)<br data-start=\"379\" data-end=\"382\" \/><strong data-start=\"382\" data-end=\"427\">Tensioni p\u00ebrballues ndaj impulseve (Uimp)<\/strong>: 4\u202fkV (1.2\/50\u202f\u00b5s)<br data-start=\"445\" data-end=\"448\" \/><strong data-start=\"448\" data-end=\"476\">Konsum mesatar i bobin\u00ebs<\/strong>: 1.2\u202fVA (~0.9\u202fW)<br data-start=\"493\" data-end=\"496\" \/><strong data-start=\"496\" data-end=\"520\">Rezistenca e bobin\u00ebs<\/strong>: 15\u202fk\u03a9 (\u00b115\u202f%, n\u00eb 20\u202f\u00b0C)<br data-start=\"545\" data-end=\"548\" \/><strong data-start=\"548\" data-end=\"580\">Kapaciteti i kontakteve (Ie)<\/strong>:<br data-start=\"581\" data-end=\"584\" \/>\u2013 12\u202fA n\u00eb kontakt NO (250\u202fV\u202fAC \/ 28\u202fV\u202fDC)<br data-start=\"625\" data-end=\"628\" \/>\u2013 6\u202fA n\u00eb kontakt NC (250\u202fV\u202fAC \/ 28\u202fV\u202fDC)<br data-start=\"668\" data-end=\"671\" \/><strong data-start=\"671\" data-end=\"707\">Kapaciteti maksimal i shk\u00ebmbimit<\/strong>: 3000\u202fVA \/ 336\u202fW<br data-start=\"724\" data-end=\"727\" \/><strong data-start=\"727\" data-end=\"753\">Materiali i kontakteve<\/strong>: AgNi (argjend-nikel)<br data-start=\"775\" data-end=\"778\" \/><strong data-start=\"778\" data-end=\"795\">Indikator LED<\/strong>: Jeshil, p\u00ebr statusin e komand\u00ebs<br data-start=\"828\" data-end=\"831\" \/><strong data-start=\"831\" data-end=\"848\">Buton testimi<\/strong>: Po, me funksion \u201clockable\u201d (bllokuesh\u00ebm)<br data-start=\"890\" data-end=\"893\" \/><strong data-start=\"893\" data-end=\"929\">Koh\u00eb veprimi (operate \/ release)<\/strong>: ~20\u202fms \/ ~20\u202fms<br data-start=\"1044\" data-end=\"1047\" \/><strong data-start=\"1047\" data-end=\"1070\">Temperatura e pun\u00ebs<\/strong>: \u201340\u202f\u00b0C deri +55\u202f\u00b0C<br data-start=\"1090\" data-end=\"1093\" \/><strong data-start=\"1093\" data-end=\"1122\">Temperatura e magazinimit<\/strong>: \u201340\u202f\u00b0C deri +85\u202f\u00b0C<br data-start=\"1142\" data-end=\"1145\" \/><strong data-start=\"1145\" data-end=\"1156\">Montimi<\/strong>: Plug-in n\u00eb baz\u00eb RXZE (pina flat\/Faston)<br data-start=\"1197\" data-end=\"1200\" \/><strong data-start=\"1200\" data-end=\"1212\">Mbrojtja<\/strong>: IP40 (sipas EN\/IEC 60529)<br data-start=\"1239\" data-end=\"1242\" \/><strong data-start=\"1242\" data-end=\"1278\">Dimensionet (thell\u00ebsi \u00d7 lart\u00ebsi)<\/strong>: 80.35\u202fmm \u00d7 82.8\u202fmm<\/p>","protected":false},"excerpt":{"rendered":"<p>Seria: Harmony Electromechanical RelaysLloji: Rel\u00e9 miniatur\u00eb plug-in, 12 A, 2CO, me LED dhe buton testimi i bllokuesh\u00ebmKontakti: 2 CO (DPDT)Tensioni i komand\u00ebs (Uc): 24\u202fV\u202fDCTensioni i izolimit (Ui): 250\u202fV (IEC), 300\u202fV (CSA\/UL)Tensioni p\u00ebrballues ndaj impulseve (Uimp): 4\u202fkV (1.2\/50\u202f\u00b5s)Konsum mesatar i bobin\u00ebs: 1.2\u202fVA (~0.9\u202fW)Rezistenca e bobin\u00ebs: 15\u202fk\u03a9 (\u00b115\u202f%, n\u00eb 20\u202f\u00b0C)Kapaciteti i kontakteve (Ie):\u2013 12\u202fA n\u00eb kontakt NO [&hellip;]<\/p>","protected":false},"featured_media":3691,"comment_status":"open","ping_status":"closed","template":"","meta":{"_acf_changed":false},"product_brand":[],"product_cat":[73,41],"product_tag":[],"class_list":{"0":"post-3690","1":"product","2":"type-product","3":"status-publish","4":"has-post-thumbnail","6":"product_cat-rl-mbrojtje","7":"product_cat-pajisje-kontrolli-dhe-mbrojtje","9":"first","10":"instock","11":"shipping-taxable","12":"product-type-simple"},"acf":[],"_links":{"self":[{"href":"https:\/\/www.brikaelektrik.al\/al\/wp-json\/wp\/v2\/product\/3690","targetHints":{"allow":["GET"]}}],"collection":[{"href":"https:\/\/www.brikaelektrik.al\/al\/wp-json\/wp\/v2\/product"}],"about":[{"href":"https:\/\/www.brikaelektrik.al\/al\/wp-json\/wp\/v2\/types\/product"}],"replies":[{"embeddable":true,"href":"https:\/\/www.brikaelektrik.al\/al\/wp-json\/wp\/v2\/comments?post=3690"}],"wp:featuredmedia":[{"embeddable":true,"href":"https:\/\/www.brikaelektrik.al\/al\/wp-json\/wp\/v2\/media\/3691"}],"wp:attachment":[{"href":"https:\/\/www.brikaelektrik.al\/al\/wp-json\/wp\/v2\/media?parent=3690"}],"wp:term":[{"taxonomy":"product_brand","embeddable":true,"href":"https:\/\/www.brikaelektrik.al\/al\/wp-json\/wp\/v2\/product_brand?post=3690"},{"taxonomy":"product_cat","embeddable":true,"href":"https:\/\/www.brikaelektrik.al\/al\/wp-json\/wp\/v2\/product_cat?post=3690"},{"taxonomy":"product_tag","embeddable":true,"href":"https:\/\/www.brikaelektrik.al\/al\/wp-json\/wp\/v2\/product_tag?post=3690"}],"curies":[{"name":"wp","href":"https:\/\/api.w.org\/{rel}","templated":true}]}}