{"id":3695,"date":"2025-08-26T12:31:25","date_gmt":"2025-08-26T12:31:25","guid":{"rendered":"https:\/\/www.brikaelektrik.al\/?post_type=product&#038;p=3695"},"modified":"2025-08-26T12:31:26","modified_gmt":"2025-08-26T12:31:26","slug":"rl-kohe-24-240v-ac-dc-0-1sec-100h","status":"publish","type":"product","link":"https:\/\/www.brikaelektrik.al\/al\/produkt\/rl-kohe-24-240v-ac-dc-0-1sec-100h\/","title":{"rendered":"RL KOHE 24-240V AC-DC (0.1Sec -100H)"},"content":{"rendered":"<p><strong data-start=\"222\" data-end=\"231\">Seria<\/strong>: <span class=\"relative -mx-px my-[-0.2rem] rounded px-px py-[0.2rem] transition-colors duration-100 ease-in-out\">Harmony Timer Relays<\/span><br data-start=\"270\" data-end=\"273\" \/><strong data-start=\"273\" data-end=\"282\">Lloji<\/strong>: <span class=\"relative -mx-px my-[-0.2rem] rounded px-px py-[0.2rem] transition-colors duration-100 ease-in-out\">Rel\u00e9 me funksion t\u00eb dyfisht\u00eb (on-delay dhe off-delay), 8A, 1CO, 1s..100h, 24V DC ose 24&#8230;240V AC\/DC<\/span><br data-start=\"321\" data-end=\"324\" \/><strong data-start=\"324\" data-end=\"336\">Kontakti<\/strong>: <span class=\"relative -mx-px my-[-0.2rem] rounded px-px py-[0.2rem] transition-colors duration-100 ease-in-out\">1 CO (SPDT)<\/span><br data-start=\"375\" data-end=\"378\" \/><strong data-start=\"378\" data-end=\"401\">Tensioni i komand\u00ebs<\/strong>: <span class=\"relative -mx-px my-[-0.2rem] rounded px-px py-[0.2rem] transition-colors duration-100 ease-in-out\">24V DC ose 24&#8230;240V AC\/DC<\/span><br data-start=\"442\" data-end=\"445\" \/><strong data-start=\"445\" data-end=\"474\">Rangimi i vones\u00ebs n\u00eb koh\u00eb<\/strong>: <span class=\"relative -mx-px my-[-0.2rem] rounded px-px py-[0.2rem] transition-colors duration-100 ease-in-out\">1s deri n\u00eb 100h<\/span><br data-start=\"515\" data-end=\"518\" \/><strong data-start=\"518\" data-end=\"537\">Konsum i fuqis\u00eb<\/strong>: <span class=\"relative -mx-px my-[-0.2rem] rounded px-px py-[0.2rem] transition-colors duration-100 ease-in-out\">\u2264 3 VA<\/span><br data-start=\"578\" data-end=\"581\" \/><strong data-start=\"581\" data-end=\"595\">Pesha neto<\/strong>: <span class=\"relative -mx-px my-[-0.2rem] rounded px-px py-[0.2rem] transition-colors duration-100 ease-in-out\">~0.1 kg<\/span><br data-start=\"636\" data-end=\"639\" \/><strong data-start=\"639\" data-end=\"651\">Madh\u00ebsia<\/strong>: <span class=\"relative -mx-px my-[-0.2rem] rounded px-px py-[0.2rem] transition-colors duration-100 ease-in-out\">17.5 mm (gjer\u00ebsi) \u00d7 90 mm (thell\u00ebsi)<\/span><br data-start=\"692\" data-end=\"695\" \/><strong data-start=\"695\" data-end=\"706\">Montimi<\/strong>: <span class=\"relative -mx-px my-[-0.2rem] rounded px-px py-[0.2rem] transition-colors duration-100 ease-in-out\">N\u00eb shirit DIN<\/span><br data-start=\"747\" data-end=\"750\" \/><strong data-start=\"750\" data-end=\"764\">Terminalet<\/strong>: <span class=\"relative -mx-px my-[-0.2rem] rounded px-px py-[0.2rem] transition-colors duration-100 ease-in-out\">Klem\u00eb me vida ose me sprue<\/span><br data-start=\"805\" data-end=\"808\" \/><strong data-start=\"808\" data-end=\"833\">Funksionalitet shtes\u00eb<\/strong>: <span class=\"relative -mx-px my-[-0.2rem] rounded px-px py-[0.2rem] transition-colors duration-100 ease-in-out\">Buton diagnostikimi p\u00ebr kontroll t\u00eb menj\u00ebhersh\u00ebm t\u00eb qarkut<\/span><br data-start=\"874\" data-end=\"877\" \/><strong data-start=\"877\" data-end=\"889\">Aplikime<\/strong>: <span class=\"relative -mx-px my-[-0.2rem] rounded px-px py-[0.2rem] transition-colors duration-100 ease-in-out\">P\u00ebrdorim n\u00eb makina, HVAC, ndri\u00e7im, sisteme ujitjeje dhe automatik\u00eb nd\u00ebrtesash<\/span><br data-start=\"930\" data-end=\"933\" \/><strong data-start=\"933\" data-end=\"964\">Standardet dhe certifikimet<\/strong>: <span class=\"relative -mx-px my-[-0.2rem] rounded px-px py-[0.2rem] transition-colors duration-100 ease-in-out\">RoHS, REACh, CE, WEEE<\/span><\/p>","protected":false},"excerpt":{"rendered":"<p>Seria: Harmony Timer RelaysLloji: Rel\u00e9 me funksion t\u00eb dyfisht\u00eb (on-delay dhe off-delay), 8A, 1CO, 1s..100h, 24V DC ose 24&#8230;240V AC\/DCKontakti: 1 CO (SPDT)Tensioni i komand\u00ebs: 24V DC ose 24&#8230;240V AC\/DCRangimi i vones\u00ebs n\u00eb koh\u00eb: 1s deri n\u00eb 100hKonsum i fuqis\u00eb: \u2264 3 VAPesha neto: ~0.1 kgMadh\u00ebsia: 17.5 mm (gjer\u00ebsi) \u00d7 90 mm (thell\u00ebsi)Montimi: N\u00eb shirit [&hellip;]<\/p>","protected":false},"featured_media":3696,"comment_status":"open","ping_status":"closed","template":"","meta":{"_acf_changed":false},"product_brand":[],"product_cat":[73,41],"product_tag":[],"class_list":{"0":"post-3695","1":"product","2":"type-product","3":"status-publish","4":"has-post-thumbnail","6":"product_cat-rl-mbrojtje","7":"product_cat-pajisje-kontrolli-dhe-mbrojtje","9":"first","10":"instock","11":"shipping-taxable","12":"product-type-simple"},"acf":[],"_links":{"self":[{"href":"https:\/\/www.brikaelektrik.al\/al\/wp-json\/wp\/v2\/product\/3695","targetHints":{"allow":["GET"]}}],"collection":[{"href":"https:\/\/www.brikaelektrik.al\/al\/wp-json\/wp\/v2\/product"}],"about":[{"href":"https:\/\/www.brikaelektrik.al\/al\/wp-json\/wp\/v2\/types\/product"}],"replies":[{"embeddable":true,"href":"https:\/\/www.brikaelektrik.al\/al\/wp-json\/wp\/v2\/comments?post=3695"}],"wp:featuredmedia":[{"embeddable":true,"href":"https:\/\/www.brikaelektrik.al\/al\/wp-json\/wp\/v2\/media\/3696"}],"wp:attachment":[{"href":"https:\/\/www.brikaelektrik.al\/al\/wp-json\/wp\/v2\/media?parent=3695"}],"wp:term":[{"taxonomy":"product_brand","embeddable":true,"href":"https:\/\/www.brikaelektrik.al\/al\/wp-json\/wp\/v2\/product_brand?post=3695"},{"taxonomy":"product_cat","embeddable":true,"href":"https:\/\/www.brikaelektrik.al\/al\/wp-json\/wp\/v2\/product_cat?post=3695"},{"taxonomy":"product_tag","embeddable":true,"href":"https:\/\/www.brikaelektrik.al\/al\/wp-json\/wp\/v2\/product_tag?post=3695"}],"curies":[{"name":"wp","href":"https:\/\/api.w.org\/{rel}","templated":true}]}}